{"id":7777,"date":"2021-10-28T17:17:16","date_gmt":"2021-10-28T16:17:16","guid":{"rendered":"https:\/\/cumse.org\/?page_id=7777"},"modified":"2025-02-03T12:18:09","modified_gmt":"2025-02-03T11:18:09","slug":"scu-servizio-civile-universale","status":"publish","type":"page","link":"https:\/\/cumse.org\/fr\/scu-servizio-civile-universale\/","title":{"rendered":"SCU &#8211; Servizio Civile Universale"},"content":{"rendered":"<div class=\"vc_row wpb_row vc_row-fluid\"><div class=\"wpb_column col-md-12\"><div class=\"vc_column-inner\"><div class=\"wpb_wrapper\">\n\t<div  class=\"wpb_single_image wpb_content_element vc_align_left\">\n\t\t\n\t\t<figure class=\"wpb_wrapper vc_figure\">\n\t\t\t<div class=\"vc_single_image-wrapper   vc_box_border_grey\"><img loading=\"lazy\" decoding=\"async\" width=\"2880\" height=\"1109\" src=\"https:\/\/i0.wp.com\/cumse.org\/wp-content\/uploads\/2025\/02\/TOP-di-sito-Cumse.org_.png?fit=2880%2C1109&amp;ssl=1\" class=\"vc_single_image-img attachment-full\" alt=\"SCU - Servizio Civile Universale\" srcset=\"https:\/\/i0.wp.com\/cumse.org\/wp-content\/uploads\/2025\/02\/TOP-di-sito-Cumse.org_.png?w=2880&amp;ssl=1 2880w, https:\/\/i0.wp.com\/cumse.org\/wp-content\/uploads\/2025\/02\/TOP-di-sito-Cumse.org_.png?resize=300%2C116&amp;ssl=1 300w, https:\/\/i0.wp.com\/cumse.org\/wp-content\/uploads\/2025\/02\/TOP-di-sito-Cumse.org_.png?resize=1024%2C394&amp;ssl=1 1024w, https:\/\/i0.wp.com\/cumse.org\/wp-content\/uploads\/2025\/02\/TOP-di-sito-Cumse.org_.png?resize=768%2C296&amp;ssl=1 768w, https:\/\/i0.wp.com\/cumse.org\/wp-content\/uploads\/2025\/02\/TOP-di-sito-Cumse.org_.png?resize=1536%2C591&amp;ssl=1 1536w, https:\/\/i0.wp.com\/cumse.org\/wp-content\/uploads\/2025\/02\/TOP-di-sito-Cumse.org_.png?resize=2048%2C789&amp;ssl=1 2048w, https:\/\/i0.wp.com\/cumse.org\/wp-content\/uploads\/2025\/02\/TOP-di-sito-Cumse.org_.png?resize=18%2C7&amp;ssl=1 18w, https:\/\/i0.wp.com\/cumse.org\/wp-content\/uploads\/2025\/02\/TOP-di-sito-Cumse.org_.png?resize=1200%2C462&amp;ssl=1 1200w, https:\/\/i0.wp.com\/cumse.org\/wp-content\/uploads\/2025\/02\/TOP-di-sito-Cumse.org_.png?w=1280&amp;ssl=1 1280w, https:\/\/i0.wp.com\/cumse.org\/wp-content\/uploads\/2025\/02\/TOP-di-sito-Cumse.org_.png?w=1920&amp;ssl=1 1920w\" sizes=\"auto, (max-width: 640px) 100vw, 640px\" \/><\/div>\n\t\t<\/figure>\n\t<\/div>\n<\/div><\/div><\/div><\/div><div class=\"vc_row wpb_row vc_row-fluid\"><div class=\"wpb_column col-md-12\"><div class=\"vc_column-inner\"><div class=\"wpb_wrapper\">\n\t<div class=\"wpb_text_column wpb_content_element\" >\n\t\t<div class=\"wpb_wrapper\">\n\t\t\t<p><strong>Qu'est-ce que le service civil universel<\/strong><br \/>\nLe Service Civil Universel est le choix volontaire de consacrer quelques mois de sa vie au service de d\u00e9fense, non arm\u00e9 et non violent, de la Patrie, \u00e0 l'\u00e9ducation, \u00e0 la paix entre les peuples et \u00e0 la promotion des valeurs fondatrices de la R\u00e9publique italienne, \u00e0 travers des actions par communaut\u00e9 et par territoire.<\/p>\n<p>Le service civil universel repr\u00e9sente une importante opportunit\u00e9 de formation et de croissance personnelle et professionnelle pour les jeunes, qui sont une ressource indispensable et vitale pour le progr\u00e8s culturel, social et \u00e9conomique du pays.<\/p>\n<p>Les secteurs d'intervention en Italie et \u00e0 l'\u00e9tranger dans lesquels les organismes proposent les projets dans lesquels les op\u00e9rateurs volontaires sont impliqu\u00e9s sont diff\u00e9rents, en particulier la Fondation Cumse travaille pour former et jeunes civils dans le domaine de la coop\u00e9ration au d\u00e9veloppement avec un fort accent dans le domaine \u00e9ducatif et la promotion culturelle, ainsi que la promotion de la paix entre les peuples, la non-violence et la d\u00e9fense et la protection non arm\u00e9es des droits de l'homme.<\/p>\n<p>Avec le d\u00e9cret l\u00e9gislatif 6 mars 2017, n. 40, la fonction publique universelle vise \u00e0 r\u00e9pondre \u00e0 toutes les demandes de participation des jeunes qui, par choix volontaire, entendent vivre une exp\u00e9rience de grande valeur \u00e9ducative et civile, \u00e9galement capable de leur donner des comp\u00e9tences utiles pour entrer dans le monde du travail.<\/p>\n\n\t\t<\/div>\n\t<\/div>\n<\/div><\/div><\/div><\/div><div class=\"vc_row wpb_row vc_row-fluid\"><div class=\"wpb_column col-md-6\"><div class=\"vc_column-inner\"><div class=\"wpb_wrapper\">\n\t<div  class=\"wpb_single_image wpb_content_element vc_align_left\">\n\t\t\n\t\t<figure class=\"wpb_wrapper vc_figure\">\n\t\t\t<div class=\"vc_single_image-wrapper   vc_box_border_grey\"><img loading=\"lazy\" decoding=\"async\" width=\"1080\" height=\"1080\" src=\"https:\/\/i0.wp.com\/cumse.org\/wp-content\/uploads\/2025\/02\/4_bambini.png?fit=1080%2C1080&amp;ssl=1\" class=\"vc_single_image-img attachment-full\" alt=\"\" srcset=\"https:\/\/i0.wp.com\/cumse.org\/wp-content\/uploads\/2025\/02\/4_bambini.png?w=1080&amp;ssl=1 1080w, https:\/\/i0.wp.com\/cumse.org\/wp-content\/uploads\/2025\/02\/4_bambini.png?resize=300%2C300&amp;ssl=1 300w, https:\/\/i0.wp.com\/cumse.org\/wp-content\/uploads\/2025\/02\/4_bambini.png?resize=1024%2C1024&amp;ssl=1 1024w, https:\/\/i0.wp.com\/cumse.org\/wp-content\/uploads\/2025\/02\/4_bambini.png?resize=150%2C150&amp;ssl=1 150w, https:\/\/i0.wp.com\/cumse.org\/wp-content\/uploads\/2025\/02\/4_bambini.png?resize=768%2C768&amp;ssl=1 768w, https:\/\/i0.wp.com\/cumse.org\/wp-content\/uploads\/2025\/02\/4_bambini.png?resize=12%2C12&amp;ssl=1 12w, https:\/\/i0.wp.com\/cumse.org\/wp-content\/uploads\/2025\/02\/4_bambini.png?resize=100%2C100&amp;ssl=1 100w\" sizes=\"auto, (max-width: 640px) 100vw, 640px\" \/><\/div>\n\t\t<\/figure>\n\t<\/div>\n<\/div><\/div><\/div><div class=\"wpb_column col-md-6\"><div class=\"vc_column-inner\"><div class=\"wpb_wrapper\"><div class=\"vc_separator wpb_content_element vc_separator_align_center vc_sep_width_100 vc_sep_border_width_10 vc_sep_pos_align_center vc_separator_no_text\" ><span class=\"vc_sep_holder vc_sep_holder_l\"><span  style=\"border-color:#e96921;\" class=\"vc_sep_line\"><\/span><\/span><span class=\"vc_sep_holder vc_sep_holder_r\"><span  style=\"border-color:#e96921;\" class=\"vc_sep_line\"><\/span><\/span>\n<\/div><div  class=\"vc_toggle vc_toggle_default vc_toggle_color_default  vc_toggle_size_md vc_toggle_active\">\n\t<div class=\"vc_toggle_title\"><h4>Comment \u00e7a marche<\/h4><i class=\"vc_toggle_icon\"><\/i><\/div>\n\t<div class=\"vc_toggle_content\"><ul>\n<li>I giovani si impegnano a prestare servizio per un massimo di 12 mesi, 5 o 6 giorni a settimana, per un totale di 25 ore settimanali o 1145 ore annue.<\/li>\n<li>I volontari ricevono una retribuzione mensile di 439,50 euro per i progetti in Italia. Per i progetti all\u2019estero, in aggiunta alla retribuzione mensile, \u00e8 previsto un rimborso giornaliero che varia in base al paese estero.<\/li>\n<li>Al termine del Servizio Civile, i giovani ricevono un certificato di partecipazione.<\/li>\n<\/ul>\n<\/div>\n<\/div>\n<div  class=\"vc_toggle vc_toggle_default vc_toggle_color_default  vc_toggle_size_md\">\n\t<div class=\"vc_toggle_title\"><h4>Qui peut participer<\/h4><i class=\"vc_toggle_icon\"><\/i><\/div>\n\t<div class=\"vc_toggle_content\"><p>I giovani dai 18 ai 28 anni in possesso dei seguenti requisiti:<\/p>\n<ul>\n<li>Cittadinanza:\n<ol>\n<li>Cittadinanza italiana<\/li>\n<li>Cittadinanza di un altro Paese dell\u2019Unione Europea<\/li>\n<li>Regolare permesso di soggiorno (nel caso di cittadini non comunitari);<\/li>\n<\/ol>\n<\/li>\n<li>Non aver riportato condanna<\/li>\n<\/ul>\n<\/div>\n<\/div>\n<div  class=\"vc_toggle vc_toggle_default vc_toggle_color_default  vc_toggle_size_md\">\n\t<div class=\"vc_toggle_title\"><h4>comment s'inscrire<\/h4><i class=\"vc_toggle_icon\"><\/i><\/div>\n\t<div class=\"vc_toggle_content\"><ol>\n<li>Leggere il bando di partecipazione ai progetti di Servizio Civile pubblicato sul sito del Dipartimento della per le Politiche Giovanili e il Servizio Civile Universale(https:\/\/www.politichegiovanilieserviziocivile.gov.it\/),<\/li>\n<li>Scegliere il progetto a cui si vuole partecipare,<\/li>\n<li><a href=\"https:\/\/domandaonline.serviziocivile.it\/\" rel=\"noopener\">Presentare la propria domanda di partecipazione attraverso il sito del Dipartimento<\/a>\u00a0\u00a0al quale si potr\u00e0 accedere inserendo le credenziali SPID.<\/li>\n<\/ol>\n<p>IMPORTANTE<\/p>\n<p>\u00c8 possibile candidarsi per\u00a0<strong>un solo progetto in un solo ente<\/strong>. La candidatura a pi\u00f9 progetti comporta l\u2019esclusione automatica del richiedente.<\/p>\n<\/div>\n<\/div>\n<div class=\"vc_separator wpb_content_element vc_separator_align_center vc_sep_width_100 vc_sep_border_width_10 vc_sep_pos_align_center vc_separator_no_text\" ><span class=\"vc_sep_holder vc_sep_holder_l\"><span  style=\"border-color:#e96921;\" class=\"vc_sep_line\"><\/span><\/span><span class=\"vc_sep_holder vc_sep_holder_r\"><span  style=\"border-color:#e96921;\" class=\"vc_sep_line\"><\/span><\/span>\n<\/div><\/div><\/div><\/div><\/div><div class=\"vc_row wpb_row vc_row-fluid\"><div class=\"wpb_column col-md-12\"><div class=\"vc_column-inner\"><div class=\"wpb_wrapper\"><section id=\"about-bottom\" class=\"about-bottom tab3 clearfix\">\n          <div class=\"about-bottom-details\">\n            <div class=\"col-md-6\">\n              <div class=\"section-padding\">\n                \n                <h3 class=\"section-sub-title\">Devenez un civiliste dans la Fondation Cumse<\/h3>\n                <p class=\"description\"><strong><u>Pour plus d'informations sur les projets et comment participer, vous pouvez<\/u><\/strong>:<\/p>\n<ul>\n<li>\u00e9crire \u00e0 l'adresse e-mail <a href=\"mailto:progetti@cumse.org\">progetti@cumse.org<\/a><\/li>\n<li>ou appelez le num\u00e9ro : 02.6175658<\/li>\n<\/ul>\n<p><\/p>\n\n                <div class=\"btn-container\">\n                  <a href=\"https:\/\/cumse.org\/fr\/travaler-servizio-civile\/\" class=\"btn btn-sm more-btn\">Blog de Valeryo<\/a>\n                  <a href=\"https:\/\/cumse.org\/fr\/contatti\/\" class=\"btn btn-sm\" style=\"left:20px;\">Demander des infos<\/a>\n                <\/div><!-- \/.btn-container -->\n              <\/div><!-- \/.section-padding -->\n            <\/div>\n\n            <div class=\"col-md-6\">\n              <img decoding=\"async\" src=\"https:\/\/i0.wp.com\/cumse.org\/wp-content\/uploads\/2021\/10\/WhatsApp-Image-2021-10-29-at-11.08.32.jpeg?fit=1280%2C960&ssl=1\" alt=\"SCU &#8211; Servizio Civile Universale\">\n            <\/div>\n          <\/div><!-- \/.about-bottom-details -->\n        <\/section><!-- \/#about-bottom --><\/div><\/div><\/div><\/div>","protected":false},"excerpt":{"rendered":"Cosa e' il Servizio Civile Universale Il Servizio Civile Universale \u00e8 la scelta volontaria di dedicare alcuni mesi della propria vita al servizio di difesa, non armata e non violenta, della Patria, all\u2019educazione, alla pace tra i popoli e alla promozione dei valori fondativi della Repubblica italiana, attraverso azioni per le comunit\u00e0 e per il [...]","protected":false},"author":1,"featured_media":0,"parent":0,"menu_order":0,"comment_status":"closed","ping_status":"closed","template":"homepage-template.php","meta":{"footnotes":""},"class_list":["post-7777","page","type-page","status-publish","hentry"],"yoast_head":"<!-- This site is optimized with the Yoast SEO plugin v27.3 - https:\/\/yoast.com\/product\/yoast-seo-wordpress\/ -->\n<title>SCU - Servizio Civile Universale - Fondazione Cumse ETS<\/title>\n<meta name=\"robots\" content=\"index, follow, max-snippet:-1, max-image-preview:large, max-video-preview:-1\" \/>\n<link rel=\"canonical\" href=\"https:\/\/cumse.org\/fr\/scu-servizio-civile-universale\/\" \/>\n<meta property=\"og:locale\" content=\"fr_FR\" \/>\n<meta property=\"og:type\" content=\"article\" \/>\n<meta property=\"og:title\" content=\"SCU - Servizio Civile Universale - Fondazione Cumse ETS\" \/>\n<meta property=\"og:url\" content=\"https:\/\/cumse.org\/fr\/scu-servizio-civile-universale\/\" \/>\n<meta property=\"og:site_name\" content=\"Fondazione Cumse ETS\" \/>\n<meta property=\"article:modified_time\" content=\"2025-02-03T11:18:09+00:00\" \/>\n<meta name=\"twitter:card\" content=\"summary_large_image\" \/>\n<meta name=\"twitter:label1\" content=\"Dur\u00e9e de lecture estim\u00e9e\" \/>\n\t<meta name=\"twitter:data1\" content=\"3 minutes\" \/>\n<script type=\"application\/ld+json\" class=\"yoast-schema-graph\">{\"@context\":\"https:\\\/\\\/schema.org\",\"@graph\":[{\"@type\":\"WebPage\",\"@id\":\"https:\\\/\\\/cumse.org\\\/scu-servizio-civile-universale\\\/\",\"url\":\"https:\\\/\\\/cumse.org\\\/scu-servizio-civile-universale\\\/\",\"name\":\"SCU - Servizio Civile Universale - Fondazione Cumse ETS\",\"isPartOf\":{\"@id\":\"https:\\\/\\\/cumse.org\\\/#website\"},\"datePublished\":\"2021-10-28T16:17:16+00:00\",\"dateModified\":\"2025-02-03T11:18:09+00:00\",\"breadcrumb\":{\"@id\":\"https:\\\/\\\/cumse.org\\\/scu-servizio-civile-universale\\\/#breadcrumb\"},\"inLanguage\":\"fr-FR\",\"potentialAction\":[{\"@type\":\"ReadAction\",\"target\":[\"https:\\\/\\\/cumse.org\\\/scu-servizio-civile-universale\\\/\"]}]},{\"@type\":\"BreadcrumbList\",\"@id\":\"https:\\\/\\\/cumse.org\\\/scu-servizio-civile-universale\\\/#breadcrumb\",\"itemListElement\":[{\"@type\":\"ListItem\",\"position\":1,\"name\":\"Home\",\"item\":\"https:\\\/\\\/cumse.org\\\/\"},{\"@type\":\"ListItem\",\"position\":2,\"name\":\"SCU &#8211; Servizio Civile Universale\"}]},{\"@type\":\"WebSite\",\"@id\":\"https:\\\/\\\/cumse.org\\\/#website\",\"url\":\"https:\\\/\\\/cumse.org\\\/\",\"name\":\"Fondazione Cumse ETS\",\"description\":\"Siamo dove gli altri distolgono lo sguardo\",\"potentialAction\":[{\"@type\":\"SearchAction\",\"target\":{\"@type\":\"EntryPoint\",\"urlTemplate\":\"https:\\\/\\\/cumse.org\\\/?s={search_term_string}\"},\"query-input\":{\"@type\":\"PropertyValueSpecification\",\"valueRequired\":true,\"valueName\":\"search_term_string\"}}],\"inLanguage\":\"fr-FR\"}]}<\/script>\n<!-- \/ Yoast SEO plugin. -->","yoast_head_json":{"title":"SCU - Servizio Civile Universale - Fondazione Cumse ETS","robots":{"index":"index","follow":"follow","max-snippet":"max-snippet:-1","max-image-preview":"max-image-preview:large","max-video-preview":"max-video-preview:-1"},"canonical":"https:\/\/cumse.org\/fr\/scu-servizio-civile-universale\/","og_locale":"fr_FR","og_type":"article","og_title":"SCU - Servizio Civile Universale - Fondazione Cumse ETS","og_url":"https:\/\/cumse.org\/fr\/scu-servizio-civile-universale\/","og_site_name":"Fondazione Cumse ETS","article_modified_time":"2025-02-03T11:18:09+00:00","twitter_card":"summary_large_image","twitter_misc":{"Dur\u00e9e de lecture estim\u00e9e":"3 minutes"},"schema":{"@context":"https:\/\/schema.org","@graph":[{"@type":"WebPage","@id":"https:\/\/cumse.org\/scu-servizio-civile-universale\/","url":"https:\/\/cumse.org\/scu-servizio-civile-universale\/","name":"SCU - Servizio Civile Universale - Fondazione Cumse ETS","isPartOf":{"@id":"https:\/\/cumse.org\/#website"},"datePublished":"2021-10-28T16:17:16+00:00","dateModified":"2025-02-03T11:18:09+00:00","breadcrumb":{"@id":"https:\/\/cumse.org\/scu-servizio-civile-universale\/#breadcrumb"},"inLanguage":"fr-FR","potentialAction":[{"@type":"ReadAction","target":["https:\/\/cumse.org\/scu-servizio-civile-universale\/"]}]},{"@type":"BreadcrumbList","@id":"https:\/\/cumse.org\/scu-servizio-civile-universale\/#breadcrumb","itemListElement":[{"@type":"ListItem","position":1,"name":"Home","item":"https:\/\/cumse.org\/"},{"@type":"ListItem","position":2,"name":"SCU &#8211; Servizio Civile Universale"}]},{"@type":"WebSite","@id":"https:\/\/cumse.org\/#website","url":"https:\/\/cumse.org\/","name":"Fondazione Cumse ETS","description":"Siamo dove gli altri distolgono lo sguardo","potentialAction":[{"@type":"SearchAction","target":{"@type":"EntryPoint","urlTemplate":"https:\/\/cumse.org\/?s={search_term_string}"},"query-input":{"@type":"PropertyValueSpecification","valueRequired":true,"valueName":"search_term_string"}}],"inLanguage":"fr-FR"}]}},"jetpack_sharing_enabled":true,"_links":{"self":[{"href":"https:\/\/cumse.org\/fr\/wp-json\/wp\/v2\/pages\/7777","targetHints":{"allow":["GET"]}}],"collection":[{"href":"https:\/\/cumse.org\/fr\/wp-json\/wp\/v2\/pages"}],"about":[{"href":"https:\/\/cumse.org\/fr\/wp-json\/wp\/v2\/types\/page"}],"author":[{"embeddable":true,"href":"https:\/\/cumse.org\/fr\/wp-json\/wp\/v2\/users\/1"}],"replies":[{"embeddable":true,"href":"https:\/\/cumse.org\/fr\/wp-json\/wp\/v2\/comments?post=7777"}],"version-history":[{"count":0,"href":"https:\/\/cumse.org\/fr\/wp-json\/wp\/v2\/pages\/7777\/revisions"}],"wp:attachment":[{"href":"https:\/\/cumse.org\/fr\/wp-json\/wp\/v2\/media?parent=7777"}],"curies":[{"name":"wp","href":"https:\/\/api.w.org\/{rel}","templated":true}]}}