{"id":5647,"date":"2021-04-07T16:11:52","date_gmt":"2021-04-07T15:11:52","guid":{"rendered":"https:\/\/cumse.org\/?page_id=5647"},"modified":"2021-10-29T11:20:30","modified_gmt":"2021-10-29T10:20:30","slug":"cumse-lavori-socialmente-utili","status":"publish","type":"page","link":"https:\/\/cumse.org\/fr\/cumse-lavori-socialmente-utili\/","title":{"rendered":"CUMSE LAVORI SOCIALMENTE UTILI"},"content":{"rendered":"<div class=\"vc_row wpb_row vc_row-fluid vc_custom_1635502753984\"><div class=\"wpb_column col-md-12\"><div class=\"vc_column-inner\"><div class=\"wpb_wrapper\">\n\t<div  class=\"wpb_single_image wpb_content_element vc_align_left  vc_custom_1635502743276\">\n\t\t\n\t\t<figure class=\"wpb_wrapper vc_figure\">\n\t\t\t<div class=\"vc_single_image-wrapper   vc_box_border_grey\"><img loading=\"lazy\" decoding=\"async\" width=\"1920\" height=\"739\" src=\"https:\/\/i0.wp.com\/cumse.org\/wp-content\/uploads\/2021\/10\/messa-alla-prova.png?fit=1920%2C739&amp;ssl=1\" class=\"vc_single_image-img attachment-full\" alt=\"Messa alla prova\" srcset=\"https:\/\/i0.wp.com\/cumse.org\/wp-content\/uploads\/2021\/10\/messa-alla-prova.png?w=1920&amp;ssl=1 1920w, https:\/\/i0.wp.com\/cumse.org\/wp-content\/uploads\/2021\/10\/messa-alla-prova.png?resize=1200%2C462&amp;ssl=1 1200w, https:\/\/i0.wp.com\/cumse.org\/wp-content\/uploads\/2021\/10\/messa-alla-prova.png?resize=300%2C115&amp;ssl=1 300w, https:\/\/i0.wp.com\/cumse.org\/wp-content\/uploads\/2021\/10\/messa-alla-prova.png?resize=1024%2C394&amp;ssl=1 1024w, https:\/\/i0.wp.com\/cumse.org\/wp-content\/uploads\/2021\/10\/messa-alla-prova.png?resize=768%2C296&amp;ssl=1 768w, https:\/\/i0.wp.com\/cumse.org\/wp-content\/uploads\/2021\/10\/messa-alla-prova.png?resize=1536%2C591&amp;ssl=1 1536w, https:\/\/i0.wp.com\/cumse.org\/wp-content\/uploads\/2021\/10\/messa-alla-prova.png?w=1280&amp;ssl=1 1280w\" sizes=\"auto, (max-width: 640px) 100vw, 640px\" \/><\/div>\n\t\t<\/figure>\n\t<\/div>\n<\/div><\/div><\/div><\/div><div class=\"vc_row wpb_row vc_row-fluid vc_custom_1617115012670\"><div class=\"wpb_column col-md-12\"><div class=\"vc_column-inner\"><div class=\"wpb_wrapper\">\n\t<div class=\"wpb_text_column wpb_content_element\" >\n\t\t<div class=\"wpb_wrapper\">\n\t\t\t<h1><span style=\"font-size: 24pt; font-family: 'arial black', sans-serif; color: #ff0000;\"><em><strong>QUELLE EST LA SUSPENSION DU PROC\u00c8S AVEC LA CONVERSION EN EMPLOIS SOCIALEMENT UTILES ET QUE FAIT-IL ?<\/strong><\/em><\/span><\/h1>\n\n\t\t<\/div>\n\t<\/div>\n<\/div><\/div><\/div><\/div><div class=\"vc_row wpb_row vc_row-fluid vc_custom_1617115023725\"><div class=\"wpb_column col-md-8\"><div class=\"vc_column-inner\"><div class=\"wpb_wrapper\">\n\t<div class=\"wpb_text_column wpb_content_element\" >\n\t\t<div class=\"wpb_wrapper\">\n\t\t\t<p><span style=\"font-size: 12pt;\">La suspension du processus avec la conversion en travail d'utilit\u00e9 sociale est intimement li\u00e9e au <strong>travail d'int\u00e9r\u00eat g\u00e9n\u00e9ral et \u00e0 la probation !<\/strong><\/span><br \/>\n<span style=\"font-size: 12pt;\">Le travail d'utilit\u00e9 publique est une sanction p\u00e9nale qui exige une activit\u00e9 non r\u00e9mun\u00e9r\u00e9e de la personne sanctionn\u00e9e en faveur de l'\u00c9tat.<br \/>\nCe formulaire permet aux personnes concern\u00e9es de purger leur peine par des m\u00e9thodes alternatives au paiement d'amendes ou \u00e0 l'emprisonnement.<br \/>\nL'admission \u00e0 la probation est plut\u00f4t accord\u00e9e par le juge pour des infractions qui peuvent \u00eatre punies d'une peine d'emprisonnement allant jusqu'\u00e0 quatre ans, parfois combin\u00e9e \u00e0 une amende. L'application aux d\u00e9linquants habituels, professionnels et de tendance est exclue.<br \/>\n<\/span><span style=\"font-size: 12pt;\">Le nombre de personnes choisissant d'ex\u00e9cuter leur peine par le biais de fondations \u00e0 but non lucratif a fortement augment\u00e9 ces derni\u00e8res ann\u00e9es, \u00e0 tel point que de nombreuses associations et organismes publics ont d\u00e9cid\u00e9 de rejoindre ce dispositif.<\/span><\/p>\n\n\t\t<\/div>\n\t<\/div>\n<\/div><\/div><\/div><div class=\"wpb_column col-md-4\"><div class=\"vc_column-inner\"><div class=\"wpb_wrapper\">\n\t<div  class=\"wpb_single_image wpb_content_element vc_align_left\">\n\t\t\n\t\t<figure class=\"wpb_wrapper vc_figure\">\n\t\t\t<div class=\"vc_single_image-wrapper   vc_box_border_grey\"><img loading=\"lazy\" decoding=\"async\" width=\"1067\" height=\"1600\" src=\"https:\/\/i0.wp.com\/cumse.org\/wp-content\/uploads\/2021\/04\/martelletto-giudice-2.jpg?fit=1067%2C1600&amp;ssl=1\" class=\"vc_single_image-img attachment-full\" alt=\"\" srcset=\"https:\/\/i0.wp.com\/cumse.org\/wp-content\/uploads\/2021\/04\/martelletto-giudice-2.jpg?w=1067&amp;ssl=1 1067w, https:\/\/i0.wp.com\/cumse.org\/wp-content\/uploads\/2021\/04\/martelletto-giudice-2.jpg?resize=800%2C1200&amp;ssl=1 800w, https:\/\/i0.wp.com\/cumse.org\/wp-content\/uploads\/2021\/04\/martelletto-giudice-2.jpg?resize=200%2C300&amp;ssl=1 200w, https:\/\/i0.wp.com\/cumse.org\/wp-content\/uploads\/2021\/04\/martelletto-giudice-2.jpg?resize=683%2C1024&amp;ssl=1 683w, https:\/\/i0.wp.com\/cumse.org\/wp-content\/uploads\/2021\/04\/martelletto-giudice-2.jpg?resize=768%2C1152&amp;ssl=1 768w, https:\/\/i0.wp.com\/cumse.org\/wp-content\/uploads\/2021\/04\/martelletto-giudice-2.jpg?resize=1024%2C1536&amp;ssl=1 1024w\" sizes=\"auto, (max-width: 640px) 100vw, 640px\" \/><\/div>\n\t\t<\/figure>\n\t<\/div>\n<\/div><\/div><\/div><\/div><div class=\"vc_row wpb_row vc_row-fluid vc_custom_1617115037790\"><div class=\"wpb_column col-md-12\"><div class=\"vc_column-inner\"><div class=\"wpb_wrapper\">\n\t<div class=\"wpb_text_column wpb_content_element\" >\n\t\t<div class=\"wpb_wrapper\">\n\t\t\t<h1><span style=\"font-size: 24pt; font-family: 'arial black', sans-serif; color: #ff0000;\"><em><strong>\u00c0 QUI S'ADRESSE LA PROBATION ET POURQUOI ?<\/strong><\/em><\/span><\/h1>\n\n\t\t<\/div>\n\t<\/div>\n<\/div><\/div><\/div><\/div><div class=\"vc_row wpb_row vc_row-fluid vc_custom_1617115060108\"><div class=\"wpb_column col-md-12\"><div class=\"vc_column-inner\"><div class=\"wpb_wrapper\">\n\t<div class=\"wpb_text_column wpb_content_element\" >\n\t\t<div class=\"wpb_wrapper\">\n\t\t\t<p><span style=\"font-size: 12pt;\">En ce qui concerne la <strong>probation\u00a0<\/strong><\/span><span style=\"font-size: 12pt;\">sur demande, il peut \u00eatre mis en \u0153uvre ou personnalis\u00e9 ou par l'interm\u00e9diaire d'un avocat jusqu'\u00e0 ce qu'une conclusion convaincante soit trouv\u00e9e ou jusqu'\u00e0 ce que l'audience de premi\u00e8re instance soit d\u00e9clar\u00e9e.\u00a0<\/span><br \/>\n<span style=\"font-size: 12pt;\">Pour acc\u00e9der \u00e0 la mesure, il est obligatoire que le responsable demande la lib\u00e9ration d'un programme de traitement \u00e0 joindre \u00e0 la demande de suspension du processus et d'admission \u00e0 l'\u00e9preuve.<br \/>\n<\/span><span style=\"font-size: 12pt;\">Le pr\u00e9venu est confi\u00e9 \u00e0 l'office externe d'ex\u00e9cution des peines pour l'\u00e9laboration d'un programme de traitement qui pr\u00e9voit comme activit\u00e9s obligatoires, l'ex\u00e9cution de travaux d'utilit\u00e9 publique, consistant en un service gratuit en faveur de la communaut\u00e9, la mise en \u0153uvre d'une conduite r\u00e9paratrice, ainsi que la r\u00e9paration des dommages.<\/span><\/p>\n\n\t\t<\/div>\n\t<\/div>\n<\/div><\/div><\/div><\/div><div class=\"vc_row wpb_row vc_row-fluid vc_custom_1617811410858\"><div class=\"wpb_column col-md-12\"><div class=\"vc_column-inner\"><div class=\"wpb_wrapper\">\n\t<div class=\"wpb_text_column wpb_content_element\" >\n\t\t<div class=\"wpb_wrapper\">\n\t\t\t<h1><span style=\"font-size: 24pt; font-family: 'arial black', sans-serif; color: #ff0000;\"><em><strong>\u00c0 QUI S'ADRESSENT LES EMPLOIS DE SERVICE COMMUNAUTAIRE ET POURQUOI ?<\/strong><\/em><\/span><\/h1>\n\n\t\t<\/div>\n\t<\/div>\n<\/div><\/div><\/div><\/div><div class=\"vc_row wpb_row vc_row-fluid vc_custom_1617811436002\"><div class=\"wpb_column col-md-12\"><div class=\"vc_column-inner\"><div class=\"wpb_wrapper\">\n\t<div class=\"wpb_text_column wpb_content_element\" >\n\t\t<div class=\"wpb_wrapper\">\n\t\t\t<p><span style=\"font-size: 12pt;\">I <strong>Le travail d'int\u00e9r\u00eat g\u00e9n\u00e9ral<\/strong> doit \u00eatre demand\u00e9 par la personne concern\u00e9e avec un avocat. La sanction est ordonn\u00e9e par le juge dans le cadre d'une condamnation ou d'une n\u00e9gociation de plaidoyer.\u00a0<\/span><br \/>\n<span style=\"font-size: 12pt;\">Dans le premier cas, le juge identifie le type d'activit\u00e9 et l'institution o\u00f9 le travail doit \u00eatre effectu\u00e9.<\/span><br \/>\n<span style=\"font-size: 12pt;\">L'activit\u00e9, qui n'est pas r\u00e9mun\u00e9r\u00e9e, est au profit de la communaut\u00e9 et doit \u00eatre exerc\u00e9e aupr\u00e8s de l'\u00c9tat ou de l'entit\u00e9 d'une organisation sociale ou d'une organisation b\u00e9n\u00e9vole.\u00a0<\/span><br \/>\n<span style=\"font-size: 12pt;\">S'agissant d'une sanction p\u00e9nale, la r\u00e9ussite du travail d'int\u00e9r\u00eat g\u00e9n\u00e9ral d\u00e9termine l'expiration de la peine par le d\u00e9fendeur.<\/span><\/p>\n\n\t\t<\/div>\n\t<\/div>\n<\/div><\/div><\/div><\/div><div class=\"vc_row wpb_row vc_row-fluid vc_custom_1617115068163\"><div class=\"wpb_column col-md-12\"><div class=\"vc_column-inner\"><div class=\"wpb_wrapper\">\n\t<div class=\"wpb_text_column wpb_content_element\" >\n\t\t<div class=\"wpb_wrapper\">\n\t\t\t<h1><span style=\"font-size: 24pt; font-family: 'arial black', sans-serif; color: #ff0000;\"><em><strong>QUELLES SONT LES INFRACTIONS POUR LESQUELLES UN TRAVAIL D'INT\u00c9R\u00caT G\u00c9N\u00c9RAL PEUT \u00caTRE DEMAND\u00c9 ?<\/strong><\/em><\/span><\/h1>\n\n\t\t<\/div>\n\t<\/div>\n<\/div><\/div><\/div><\/div><div class=\"vc_row wpb_row vc_row-fluid vc_custom_1617803022912\"><div class=\"wpb_column col-md-3\"><div class=\"vc_column-inner\"><div class=\"wpb_wrapper\">\n\t<div class=\"wpb_text_column wpb_content_element\" >\n\t\t<div class=\"wpb_wrapper\">\n\t\t\t<p style=\"text-align: center;\"><span style=\"font-size: 14pt; color: #000000;\"><strong>CONSOMMATION DE DROGUES<\/strong><\/span><\/p>\n\n\t\t<\/div>\n\t<\/div>\n\n\t<div  class=\"wpb_single_image wpb_content_element vc_align_center\">\n\t\t\n\t\t<figure class=\"wpb_wrapper vc_figure\">\n\t\t\t<div class=\"vc_single_image-wrapper   vc_box_border_grey\"><img loading=\"lazy\" decoding=\"async\" class=\"vc_single_image-img\" src=\"https:\/\/i0.wp.com\/cumse.org\/wp-content\/uploads\/2021\/04\/drugs-removebg-preview-150x150.png\" width=\"150\" height=\"150\" alt=\"drugs-removebg-preview\" title=\"drugs-removebg-preview\" \/><\/div>\n\t\t<\/figure>\n\t<\/div>\n<\/div><\/div><\/div><div class=\"wpb_column col-md-3\"><div class=\"vc_column-inner\"><div class=\"wpb_wrapper\">\n\t<div class=\"wpb_text_column wpb_content_element\" >\n\t\t<div class=\"wpb_wrapper\">\n\t\t\t<p style=\"text-align: center;\"><span style=\"font-size: 14pt; color: #000000;\"><strong>SUSPENSION DU PERMIS DE CONDUIRE<\/strong><\/span><\/p>\n\n\t\t<\/div>\n\t<\/div>\n\n\t<div  class=\"wpb_single_image wpb_content_element vc_align_center\">\n\t\t\n\t\t<figure class=\"wpb_wrapper vc_figure\">\n\t\t\t<div class=\"vc_single_image-wrapper   vc_box_border_grey\"><img loading=\"lazy\" decoding=\"async\" class=\"vc_single_image-img\" src=\"https:\/\/i0.wp.com\/cumse.org\/wp-content\/uploads\/2021\/04\/car2-150x150.jpg\" width=\"150\" height=\"150\" alt=\"car2\" title=\"car2\" \/><\/div>\n\t\t<\/figure>\n\t<\/div>\n<\/div><\/div><\/div><div class=\"wpb_column col-md-3\"><div class=\"vc_column-inner\"><div class=\"wpb_wrapper\">\n\t<div class=\"wpb_text_column wpb_content_element\" >\n\t\t<div class=\"wpb_wrapper\">\n\t\t\t<p style=\"text-align: center;\"><span style=\"font-size: 14pt; color: #000000;\"><strong>\u00c9TAT DE SUSPENSION DU PROC\u00c8S.<\/strong><\/span><\/p>\n\n\t\t<\/div>\n\t<\/div>\n\n\t<div  class=\"wpb_single_image wpb_content_element vc_align_center\">\n\t\t\n\t\t<figure class=\"wpb_wrapper vc_figure\">\n\t\t\t<div class=\"vc_single_image-wrapper   vc_box_border_grey\"><img loading=\"lazy\" decoding=\"async\" class=\"vc_single_image-img\" src=\"https:\/\/i0.wp.com\/cumse.org\/wp-content\/uploads\/2021\/04\/court-justice-logo-e1617805145632-150x150.jpg\" width=\"150\" height=\"150\" alt=\"court-justice-logo\" title=\"court-justice-logo\" \/><\/div>\n\t\t<\/figure>\n\t<\/div>\n<\/div><\/div><\/div><div class=\"wpb_column col-md-3\"><div class=\"vc_column-inner\"><div class=\"wpb_wrapper\">\n\t<div class=\"wpb_text_column wpb_content_element\" >\n\t\t<div class=\"wpb_wrapper\">\n\t\t\t<p style=\"text-align: center;\"><span style=\"font-size: 14pt;\"><strong>AUTRES INFRACTIONS<\/strong><\/span><\/p>\n\n\t\t<\/div>\n\t<\/div>\n\n\t<div  class=\"wpb_single_image wpb_content_element vc_align_center\">\n\t\t\n\t\t<figure class=\"wpb_wrapper vc_figure\">\n\t\t\t<div class=\"vc_single_image-wrapper   vc_box_border_grey\"><img loading=\"lazy\" decoding=\"async\" class=\"vc_single_image-img\" src=\"https:\/\/i0.wp.com\/cumse.org\/wp-content\/uploads\/2021\/04\/altro-removebg-preview-150x84.png\" width=\"150\" height=\"84\" alt=\"altro-removebg-preview\" title=\"altro-removebg-preview\" \/><\/div>\n\t\t<\/figure>\n\t<\/div>\n<\/div><\/div><\/div><\/div><div class=\"vc_row wpb_row vc_row-fluid vc_custom_1617811383389\"><div class=\"wpb_column col-md-12\"><div class=\"vc_column-inner\"><div class=\"wpb_wrapper\">\n\t<div class=\"wpb_text_column wpb_content_element\" >\n\t\t<div class=\"wpb_wrapper\">\n\t\t\t<h1><span style=\"font-size: 24pt; font-family: 'arial black', sans-serif; color: #ff0000;\"><em><strong>CUMSE S'OCCUPE DE CELA AUSSI !<\/strong><\/em><\/span><\/h1>\n\n\t\t<\/div>\n\t<\/div>\n<\/div><\/div><\/div><\/div><div class=\"vc_row wpb_row vc_row-fluid vc_custom_1617800586821\"><div class=\"wpb_column col-md-6\"><div class=\"vc_column-inner\"><div class=\"wpb_wrapper\">\n\t<div  class=\"wpb_single_image wpb_content_element vc_align_left\">\n\t\t\n\t\t<figure class=\"wpb_wrapper vc_figure\">\n\t\t\t<div class=\"vc_single_image-wrapper   vc_box_border_grey\"><img loading=\"lazy\" decoding=\"async\" width=\"1316\" height=\"776\" src=\"https:\/\/i0.wp.com\/cumse.org\/wp-content\/uploads\/2021\/04\/canva-partner-lawyers-or-attorneys-discussing-a-contract-agreement.-su-MAEV6YM662Y-e1617808098294.jpg?fit=1316%2C776&amp;ssl=1\" class=\"vc_single_image-img attachment-full\" alt=\"\" srcset=\"https:\/\/i0.wp.com\/cumse.org\/wp-content\/uploads\/2021\/04\/canva-partner-lawyers-or-attorneys-discussing-a-contract-agreement.-su-MAEV6YM662Y-e1617808098294.jpg?w=1316&amp;ssl=1 1316w, https:\/\/i0.wp.com\/cumse.org\/wp-content\/uploads\/2021\/04\/canva-partner-lawyers-or-attorneys-discussing-a-contract-agreement.-su-MAEV6YM662Y-e1617808098294.jpg?resize=1200%2C708&amp;ssl=1 1200w, https:\/\/i0.wp.com\/cumse.org\/wp-content\/uploads\/2021\/04\/canva-partner-lawyers-or-attorneys-discussing-a-contract-agreement.-su-MAEV6YM662Y-e1617808098294.jpg?resize=300%2C177&amp;ssl=1 300w, https:\/\/i0.wp.com\/cumse.org\/wp-content\/uploads\/2021\/04\/canva-partner-lawyers-or-attorneys-discussing-a-contract-agreement.-su-MAEV6YM662Y-e1617808098294.jpg?resize=1024%2C604&amp;ssl=1 1024w, https:\/\/i0.wp.com\/cumse.org\/wp-content\/uploads\/2021\/04\/canva-partner-lawyers-or-attorneys-discussing-a-contract-agreement.-su-MAEV6YM662Y-e1617808098294.jpg?resize=768%2C453&amp;ssl=1 768w\" sizes=\"auto, (max-width: 640px) 100vw, 640px\" \/><\/div>\n\t\t<\/figure>\n\t<\/div>\n<\/div><\/div><\/div><div class=\"wpb_column col-md-6\"><div class=\"vc_column-inner\"><div class=\"wpb_wrapper\">\n\t<div class=\"wpb_text_column wpb_content_element\" >\n\t\t<div class=\"wpb_wrapper\">\n\t\t\t<p><span style=\"font-size: 12pt;\">Notre Fondation accueille ceux qui ont besoin de faire un essai de sursis avec mise \u00e0 libert\u00e9 \u00e0 travers diff\u00e9rents types de travaux. L'utilisateur est jumel\u00e9 avec l'un de nos b\u00e9n\u00e9voles qui le suivra pendant son volontariat dans nos initiatives SANP : Cumse le Pain D'abord, Cumse Temps de Soin, Cumse Rue de la Charit\u00e9, Cumse Sourires Suspendus Cumse Soutien de Proximit\u00e9 et Cumse 4 Roues Amies.<\/span><\/p>\n\n\t\t<\/div>\n\t<\/div>\n<\/div><\/div><\/div><\/div><div class=\"vc_row wpb_row vc_row-fluid\"><div class=\"wpb_column col-md-12\"><div class=\"vc_column-inner\"><div class=\"wpb_wrapper\"><div class=\"vc_separator wpb_content_element vc_separator_align_center vc_sep_width_100 vc_sep_pos_align_center vc_separator_no_text vc_sep_color_grey\" ><span class=\"vc_sep_holder vc_sep_holder_l\"><span  class=\"vc_sep_line\"><\/span><\/span><span class=\"vc_sep_holder vc_sep_holder_r\"><span  class=\"vc_sep_line\"><\/span><\/span>\n<\/div><\/div><\/div><\/div><\/div><div class=\"vc_row wpb_row vc_row-fluid vc_custom_1616161061403\"><div class=\"wpb_column col-md-2\"><div class=\"vc_column-inner\"><div class=\"wpb_wrapper\">\n\t<div  class=\"wpb_single_image wpb_content_element vc_align_center\">\n\t\t\n\t\t<figure class=\"wpb_wrapper vc_figure\">\n\t\t\t<a href=\"https:\/\/cumse.org\/fr\/sanp-sostegno-alle-nuove-poverta\/\" target=\"_self\" class=\"vc_single_image-wrapper   vc_box_border_grey\"><img loading=\"lazy\" decoding=\"async\" class=\"vc_single_image-img\" src=\"https:\/\/i0.wp.com\/cumse.org\/wp-content\/uploads\/2020\/10\/logo-0-SANP-e1603988729750-200x240.png\" width=\"200\" height=\"240\" alt=\"SaNP\" title=\"logo SANP\" \/><\/a>\n\t\t<\/figure>\n\t<\/div>\n<\/div><\/div><\/div><div class=\"wpb_column col-md-2\"><div class=\"vc_column-inner\"><div class=\"wpb_wrapper\">\n\t<div  class=\"wpb_single_image wpb_content_element vc_align_center\">\n\t\t\n\t\t<figure class=\"wpb_wrapper vc_figure\">\n\t\t\t<a href=\"https:\/\/cumse.org\/fr\/cumse-time-to-care\/\" target=\"_self\" class=\"vc_single_image-wrapper   vc_box_border_grey\"><img loading=\"lazy\" decoding=\"async\" class=\"vc_single_image-img\" src=\"https:\/\/i0.wp.com\/cumse.org\/wp-content\/uploads\/2021\/03\/3181847f-b661-4aac-b803-b0a9bbc03c28-200x240.jpg\" width=\"200\" height=\"240\" alt=\"cumse-time-to-care\" title=\"cumse-time-to-care\" \/><\/a>\n\t\t<\/figure>\n\t<\/div>\n<\/div><\/div><\/div><div class=\"wpb_column col-md-2\"><div class=\"vc_column-inner\"><div class=\"wpb_wrapper\">\n\t<div  class=\"wpb_single_image wpb_content_element vc_align_center\">\n\t\t\n\t\t<figure class=\"wpb_wrapper vc_figure\">\n\t\t\t<a href=\"https:\/\/cumse.org\/fr\/cumse-charity-street\/\" target=\"_self\" class=\"vc_single_image-wrapper   vc_box_border_grey\"><img loading=\"lazy\" decoding=\"async\" class=\"vc_single_image-img\" src=\"https:\/\/i0.wp.com\/cumse.org\/wp-content\/uploads\/2021\/03\/7072aa2c-41aa-4f26-9c9e-3323e8b7518d-200x240.jpg\" width=\"200\" height=\"240\" alt=\"7072aa2c-41aa-4f26-9c9e-3323e8b7518d\" title=\"7072aa2c-41aa-4f26-9c9e-3323e8b7518d\" \/><\/a>\n\t\t<\/figure>\n\t<\/div>\n<\/div><\/div><\/div><div class=\"wpb_column col-md-2\"><div class=\"vc_column-inner\"><div class=\"wpb_wrapper\">\n\t<div  class=\"wpb_single_image wpb_content_element vc_align_center\">\n\t\t\n\t\t<figure class=\"wpb_wrapper vc_figure\">\n\t\t\t<a href=\"https:\/\/cumse.org\/fr\/cumse-sorrisi-sospesi\/\" target=\"_self\" class=\"vc_single_image-wrapper   vc_box_border_grey\"><img loading=\"lazy\" decoding=\"async\" class=\"vc_single_image-img\" src=\"https:\/\/i0.wp.com\/cumse.org\/wp-content\/uploads\/2021\/03\/55fa9179-b196-44f9-b05f-2d5d95bd48d2-200x240.jpg\" width=\"200\" height=\"240\" alt=\"55fa9179-b196-44f9-b05f-2d5d95bd48d2\" title=\"55fa9179-b196-44f9-b05f-2d5d95bd48d2\" \/><\/a>\n\t\t<\/figure>\n\t<\/div>\n<\/div><\/div><\/div><div class=\"wpb_column col-md-2\"><div class=\"vc_column-inner\"><div class=\"wpb_wrapper\">\n\t<div  class=\"wpb_single_image wpb_content_element vc_align_center\">\n\t\t\n\t\t<figure class=\"wpb_wrapper vc_figure\">\n\t\t\t<a href=\"https:\/\/cumse.org\/fr\/cumse-sostegno-di-prossimita\/\" target=\"_self\" class=\"vc_single_image-wrapper   vc_box_border_grey\"><img loading=\"lazy\" decoding=\"async\" class=\"vc_single_image-img\" src=\"https:\/\/i0.wp.com\/cumse.org\/wp-content\/uploads\/2021\/03\/fc455904-2e2a-49bc-8dd2-9ea065a94e57-200x240.jpg\" width=\"200\" height=\"240\" alt=\"fc455904-2e2a-49bc-8dd2-9ea065a94e57\" title=\"fc455904-2e2a-49bc-8dd2-9ea065a94e57\" \/><\/a>\n\t\t<\/figure>\n\t<\/div>\n<\/div><\/div><\/div><div class=\"wpb_column col-md-2\"><div class=\"vc_column-inner\"><div class=\"wpb_wrapper\">\n\t<div  class=\"wpb_single_image wpb_content_element vc_align_center\">\n\t\t\n\t\t<figure class=\"wpb_wrapper vc_figure\">\n\t\t\t<a href=\"https:\/\/cumse.org\/fr\/cumse-4-ruote-amiche\/\" target=\"_self\" class=\"vc_single_image-wrapper   vc_box_border_grey\"><img loading=\"lazy\" decoding=\"async\" class=\"vc_single_image-img\" src=\"https:\/\/i0.wp.com\/cumse.org\/wp-content\/uploads\/2021\/03\/55f46d70-eb75-405f-92a3-c6c22089e0d0-200x240.jpg\" width=\"200\" height=\"240\" alt=\"55f46d70-eb75-405f-92a3-c6c22089e0d0\" title=\"55f46d70-eb75-405f-92a3-c6c22089e0d0\" \/><\/a>\n\t\t<\/figure>\n\t<\/div>\n<\/div><\/div><\/div><\/div>","protected":false},"excerpt":{"rendered":"COSA E' LA SOSPENSIONE DEL PROCESSO CON LA CONVERSIONE IN LAVORI SOCIALMENTE UTILI E DI COSA SI OCCUPA? La sospensione del processo con la conversione in lavori socialmente utili \u00e8 strettamente collegato aI lavoro di pubblica utilit\u00e0 e al messa alla prova! Il Lavoro di Pubblica Utilit\u00e0 \u00e8 una sanzione penale che richiede un\u2019attivit\u00e0 non [...]","protected":false},"author":1,"featured_media":0,"parent":0,"menu_order":0,"comment_status":"closed","ping_status":"closed","template":"homepage-template.php","meta":{"footnotes":""},"class_list":["post-5647","page","type-page","status-publish","hentry"],"yoast_head":"<!-- This site is optimized with the Yoast SEO plugin v27.3 - https:\/\/yoast.com\/product\/yoast-seo-wordpress\/ -->\n<title>CUMSE LAVORI SOCIALMENTE UTILI - Fondazione Cumse ETS<\/title>\n<meta name=\"robots\" content=\"index, follow, max-snippet:-1, max-image-preview:large, max-video-preview:-1\" \/>\n<link rel=\"canonical\" href=\"https:\/\/cumse.org\/fr\/cumse-lavori-socialmente-utili\/\" \/>\n<meta property=\"og:locale\" content=\"fr_FR\" \/>\n<meta property=\"og:type\" content=\"article\" \/>\n<meta property=\"og:title\" content=\"CUMSE LAVORI SOCIALMENTE UTILI - Fondazione Cumse ETS\" \/>\n<meta property=\"og:url\" content=\"https:\/\/cumse.org\/fr\/cumse-lavori-socialmente-utili\/\" \/>\n<meta property=\"og:site_name\" content=\"Fondazione Cumse ETS\" \/>\n<meta property=\"article:modified_time\" content=\"2021-10-29T10:20:30+00:00\" \/>\n<meta name=\"twitter:card\" content=\"summary_large_image\" \/>\n<meta name=\"twitter:label1\" content=\"Dur\u00e9e de lecture estim\u00e9e\" \/>\n\t<meta name=\"twitter:data1\" content=\"3 minutes\" \/>\n<script type=\"application\/ld+json\" class=\"yoast-schema-graph\">{\"@context\":\"https:\\\/\\\/schema.org\",\"@graph\":[{\"@type\":\"WebPage\",\"@id\":\"https:\\\/\\\/cumse.org\\\/cumse-lavori-socialmente-utili\\\/\",\"url\":\"https:\\\/\\\/cumse.org\\\/cumse-lavori-socialmente-utili\\\/\",\"name\":\"CUMSE LAVORI SOCIALMENTE UTILI - Fondazione Cumse ETS\",\"isPartOf\":{\"@id\":\"https:\\\/\\\/cumse.org\\\/#website\"},\"datePublished\":\"2021-04-07T15:11:52+00:00\",\"dateModified\":\"2021-10-29T10:20:30+00:00\",\"breadcrumb\":{\"@id\":\"https:\\\/\\\/cumse.org\\\/cumse-lavori-socialmente-utili\\\/#breadcrumb\"},\"inLanguage\":\"fr-FR\",\"potentialAction\":[{\"@type\":\"ReadAction\",\"target\":[\"https:\\\/\\\/cumse.org\\\/cumse-lavori-socialmente-utili\\\/\"]}]},{\"@type\":\"BreadcrumbList\",\"@id\":\"https:\\\/\\\/cumse.org\\\/cumse-lavori-socialmente-utili\\\/#breadcrumb\",\"itemListElement\":[{\"@type\":\"ListItem\",\"position\":1,\"name\":\"Home\",\"item\":\"https:\\\/\\\/cumse.org\\\/\"},{\"@type\":\"ListItem\",\"position\":2,\"name\":\"CUMSE LAVORI SOCIALMENTE UTILI\"}]},{\"@type\":\"WebSite\",\"@id\":\"https:\\\/\\\/cumse.org\\\/#website\",\"url\":\"https:\\\/\\\/cumse.org\\\/\",\"name\":\"Fondazione Cumse ETS\",\"description\":\"Siamo dove gli altri distolgono lo sguardo\",\"potentialAction\":[{\"@type\":\"SearchAction\",\"target\":{\"@type\":\"EntryPoint\",\"urlTemplate\":\"https:\\\/\\\/cumse.org\\\/?s={search_term_string}\"},\"query-input\":{\"@type\":\"PropertyValueSpecification\",\"valueRequired\":true,\"valueName\":\"search_term_string\"}}],\"inLanguage\":\"fr-FR\"}]}<\/script>\n<!-- \/ Yoast SEO plugin. -->","yoast_head_json":{"title":"CUMSE LAVORI SOCIALMENTE UTILI - Fondazione Cumse ETS","robots":{"index":"index","follow":"follow","max-snippet":"max-snippet:-1","max-image-preview":"max-image-preview:large","max-video-preview":"max-video-preview:-1"},"canonical":"https:\/\/cumse.org\/fr\/cumse-lavori-socialmente-utili\/","og_locale":"fr_FR","og_type":"article","og_title":"CUMSE LAVORI SOCIALMENTE UTILI - Fondazione Cumse ETS","og_url":"https:\/\/cumse.org\/fr\/cumse-lavori-socialmente-utili\/","og_site_name":"Fondazione Cumse ETS","article_modified_time":"2021-10-29T10:20:30+00:00","twitter_card":"summary_large_image","twitter_misc":{"Dur\u00e9e de lecture estim\u00e9e":"3 minutes"},"schema":{"@context":"https:\/\/schema.org","@graph":[{"@type":"WebPage","@id":"https:\/\/cumse.org\/cumse-lavori-socialmente-utili\/","url":"https:\/\/cumse.org\/cumse-lavori-socialmente-utili\/","name":"CUMSE LAVORI SOCIALMENTE UTILI - Fondazione Cumse ETS","isPartOf":{"@id":"https:\/\/cumse.org\/#website"},"datePublished":"2021-04-07T15:11:52+00:00","dateModified":"2021-10-29T10:20:30+00:00","breadcrumb":{"@id":"https:\/\/cumse.org\/cumse-lavori-socialmente-utili\/#breadcrumb"},"inLanguage":"fr-FR","potentialAction":[{"@type":"ReadAction","target":["https:\/\/cumse.org\/cumse-lavori-socialmente-utili\/"]}]},{"@type":"BreadcrumbList","@id":"https:\/\/cumse.org\/cumse-lavori-socialmente-utili\/#breadcrumb","itemListElement":[{"@type":"ListItem","position":1,"name":"Home","item":"https:\/\/cumse.org\/"},{"@type":"ListItem","position":2,"name":"CUMSE LAVORI SOCIALMENTE UTILI"}]},{"@type":"WebSite","@id":"https:\/\/cumse.org\/#website","url":"https:\/\/cumse.org\/","name":"Fondazione Cumse ETS","description":"Siamo dove gli altri distolgono lo sguardo","potentialAction":[{"@type":"SearchAction","target":{"@type":"EntryPoint","urlTemplate":"https:\/\/cumse.org\/?s={search_term_string}"},"query-input":{"@type":"PropertyValueSpecification","valueRequired":true,"valueName":"search_term_string"}}],"inLanguage":"fr-FR"}]}},"jetpack_sharing_enabled":true,"_links":{"self":[{"href":"https:\/\/cumse.org\/fr\/wp-json\/wp\/v2\/pages\/5647","targetHints":{"allow":["GET"]}}],"collection":[{"href":"https:\/\/cumse.org\/fr\/wp-json\/wp\/v2\/pages"}],"about":[{"href":"https:\/\/cumse.org\/fr\/wp-json\/wp\/v2\/types\/page"}],"author":[{"embeddable":true,"href":"https:\/\/cumse.org\/fr\/wp-json\/wp\/v2\/users\/1"}],"replies":[{"embeddable":true,"href":"https:\/\/cumse.org\/fr\/wp-json\/wp\/v2\/comments?post=5647"}],"version-history":[{"count":0,"href":"https:\/\/cumse.org\/fr\/wp-json\/wp\/v2\/pages\/5647\/revisions"}],"wp:attachment":[{"href":"https:\/\/cumse.org\/fr\/wp-json\/wp\/v2\/media?parent=5647"}],"curies":[{"name":"wp","href":"https:\/\/api.w.org\/{rel}","templated":true}]}}