{"id":5198,"date":"2021-03-19T16:23:59","date_gmt":"2021-03-19T15:23:59","guid":{"rendered":"https:\/\/cumse.org\/?page_id=5198"},"modified":"2021-10-29T11:02:04","modified_gmt":"2021-10-29T10:02:04","slug":"cumse-4-ruote-amiche","status":"publish","type":"page","link":"https:\/\/cumse.org\/fr\/cumse-4-ruote-amiche\/","title":{"rendered":"CUMSE 4 RUOTE AMICHE"},"content":{"rendered":"<div class=\"vc_row wpb_row vc_row-fluid vc_custom_1635501721725\"><div class=\"wpb_column col-md-12\"><div class=\"vc_column-inner\"><div class=\"wpb_wrapper\">\n\t<div  class=\"wpb_single_image wpb_content_element vc_align_left\">\n\t\t\n\t\t<figure class=\"wpb_wrapper vc_figure\">\n\t\t\t<div class=\"vc_single_image-wrapper   vc_box_border_grey\"><img loading=\"lazy\" decoding=\"async\" width=\"1920\" height=\"739\" src=\"https:\/\/i0.wp.com\/cumse.org\/wp-content\/uploads\/2021\/03\/6-2.png?fit=1920%2C739&amp;ssl=1\" class=\"vc_single_image-img attachment-full\" alt=\"\" srcset=\"https:\/\/i0.wp.com\/cumse.org\/wp-content\/uploads\/2021\/03\/6-2.png?w=1920&amp;ssl=1 1920w, https:\/\/i0.wp.com\/cumse.org\/wp-content\/uploads\/2021\/03\/6-2.png?resize=1200%2C462&amp;ssl=1 1200w, https:\/\/i0.wp.com\/cumse.org\/wp-content\/uploads\/2021\/03\/6-2.png?resize=300%2C115&amp;ssl=1 300w, https:\/\/i0.wp.com\/cumse.org\/wp-content\/uploads\/2021\/03\/6-2.png?resize=1024%2C394&amp;ssl=1 1024w, https:\/\/i0.wp.com\/cumse.org\/wp-content\/uploads\/2021\/03\/6-2.png?resize=768%2C296&amp;ssl=1 768w, https:\/\/i0.wp.com\/cumse.org\/wp-content\/uploads\/2021\/03\/6-2.png?resize=1536%2C591&amp;ssl=1 1536w, https:\/\/i0.wp.com\/cumse.org\/wp-content\/uploads\/2021\/03\/6-2.png?w=1280&amp;ssl=1 1280w\" sizes=\"auto, (max-width: 640px) 100vw, 640px\" \/><\/div>\n\t\t<\/figure>\n\t<\/div>\n<\/div><\/div><\/div><\/div><div class=\"vc_row wpb_row vc_row-fluid\"><div class=\"wpb_column col-md-12\"><div class=\"vc_column-inner\"><div class=\"wpb_wrapper\">\n\t<div class=\"wpb_text_column wpb_content_element\" >\n\t\t<div class=\"wpb_wrapper\">\n\t\t\t<h1><span style=\"font-size: 24pt; font-family: 'arial black', sans-serif; color: #ff0000;\"><em><strong>INITIATIVE 4 ROUES AMICALES<\/strong><\/em><\/span><\/h1>\n\n\t\t<\/div>\n\t<\/div>\n<\/div><\/div><\/div><\/div><div class=\"vc_row wpb_row vc_row-fluid\"><div class=\"wpb_column col-md-12\"><div class=\"vc_column-inner\"><div class=\"wpb_wrapper\">\n\t<div class=\"wpb_text_column wpb_content_element\" >\n\t\t<div class=\"wpb_wrapper\">\n\t\t\t<p><span style=\"font-size: 12pt;\"><strong>\"4 ROUES AMICALES\" <a href=\"https:\/\/cumse.org\/fr\/sanp-sostegno-alle-nuove-poverta\/\">(SaNP)<\/a><\/strong><\/span><\/p>\n<p><img data-recalc-dims=\"1\" loading=\"lazy\" decoding=\"async\" class=\"wp-image-5136 alignright\" src=\"https:\/\/i0.wp.com\/cumse.org\/wp-content\/uploads\/2021\/03\/55f46d70-eb75-405f-92a3-c6c22089e0d0.jpg?resize=168%2C200&#038;ssl=1\" alt=\"\" width=\"168\" height=\"200\" srcset=\"https:\/\/i0.wp.com\/cumse.org\/wp-content\/uploads\/2021\/03\/55f46d70-eb75-405f-92a3-c6c22089e0d0.jpg?w=239&amp;ssl=1 239w, https:\/\/i0.wp.com\/cumse.org\/wp-content\/uploads\/2021\/03\/55f46d70-eb75-405f-92a3-c6c22089e0d0.jpg?resize=200%2C238&amp;ssl=1 200w\" sizes=\"auto, (max-width: 168px) 100vw, 168px\" \/><span style=\"font-size: 12pt;\">est une initiative importante promue par la Fondation Cumse concernant l'accompagnement des personnes \u00e2g\u00e9es et handicap\u00e9es dans les lieux o\u00f9 elles souhaitent mener \u00e0 bien leurs activit\u00e9s quotidiennes de la meilleure fa\u00e7on possible.<\/span><\/p>\n\n\t\t<\/div>\n\t<\/div>\n<\/div><\/div><\/div><\/div><div class=\"vc_row wpb_row vc_row-fluid\"><div class=\"wpb_column col-md-12\"><div class=\"vc_column-inner\"><div class=\"wpb_wrapper\">\n\t<div class=\"wpb_text_column wpb_content_element\" >\n\t\t<div class=\"wpb_wrapper\">\n\t\t\t<h2><span style=\"font-size: 24pt; font-family: 'arial black', sans-serif; color: #ff0000;\"><em><strong>POURQUOI Y A-T-IL BESOIN D'UNE INITIATIVE SIMILAIRE ?<\/strong><\/em><\/span><\/h2>\n\n\t\t<\/div>\n\t<\/div>\n<\/div><\/div><\/div><\/div><div class=\"vc_row wpb_row vc_row-fluid\"><div class=\"wpb_column col-md-12\"><div class=\"vc_column-inner\"><div class=\"wpb_wrapper\">\n\t<div class=\"wpb_text_column wpb_content_element\" >\n\t\t<div class=\"wpb_wrapper\">\n\t\t\t<p><span style=\"font-size: 12pt;\">Aujourd'hui plus que jamais, il est n\u00e9cessaire d'apporter un soutien et une aide \u00e0 ceux qui sont enferm\u00e9s chez eux pour des raisons de force majeure et qui ne peuvent en aucune mani\u00e8re mener \u00e0 bien leurs engagements et leurs activit\u00e9s de la meilleure fa\u00e7on possible. 4 roues amis prend la responsabilit\u00e9 de r\u00e9soudre ce probl\u00e8me, en aidant ceux qui en ont le plus besoin.<\/span><\/p>\n\n\t\t<\/div>\n\t<\/div>\n<\/div><\/div><\/div><\/div><div class=\"vc_row wpb_row vc_row-fluid\"><div class=\"wpb_column col-md-12\"><div class=\"vc_column-inner\"><div class=\"wpb_wrapper\">\n\t<div class=\"wpb_text_column wpb_content_element\" >\n\t\t<div class=\"wpb_wrapper\">\n\t\t\t<h2><span style=\"font-size: 24pt; font-family: 'arial black', sans-serif; color: #ff0000;\"><em><strong>QUELLES SONT LES PRINCIPALES FONCTIONS DU PROJET 4 ROUES AMIES ?<\/strong><\/em><\/span><\/h2>\n\n\t\t<\/div>\n\t<\/div>\n<\/div><\/div><\/div><\/div><div class=\"vc_row wpb_row vc_row-fluid\"><div class=\"wpb_column col-md-12\"><div class=\"vc_column-inner\"><div class=\"wpb_wrapper\">\n\t<div class=\"wpb_text_column wpb_content_element\" >\n\t\t<div class=\"wpb_wrapper\">\n\t\t\t<p><span style=\"font-size: 12pt;\">4 Ruote Amies s'occupera non seulement d'accompagner la personne concern\u00e9e jusqu'au lieu pr\u00e9d\u00e9termin\u00e9, mais effectuera \u00e9galement certaines t\u00e2ches pour elle, notamment :<\/span><br \/>\n<span style=\"font-size: 12pt;\">- Faire ses courses.<\/span><br \/>\n<span style=\"font-size: 12pt;\">- Retirer des m\u00e9dicaments ou des m\u00e9dicaments<\/span><br \/>\n<span style=\"font-size: 12pt;\">- R\u00e9cup\u00e9rer les ordonnances du m\u00e9decin<\/span><br \/>\n<span style=\"font-size: 12pt;\">- Se rendre dans les bureaux de poste ou les banques<\/span><\/p>\n\n\t\t<\/div>\n\t<\/div>\n<\/div><\/div><\/div><\/div><div class=\"vc_row wpb_row vc_row-fluid\"><div class=\"wpb_column col-md-12\"><div class=\"vc_column-inner\"><div class=\"wpb_wrapper\"><section id=\"about-bottom\" class=\"about-bottom tab3 clearfix\">\n          <div class=\"about-bottom-details\">\n            <div class=\"col-md-6\">\n              <div class=\"section-padding\">\n                \n                <h3 class=\"section-sub-title\">NOUS LES EMMENONS PARTOUT !<\/h3>\n                <p class=\"description\"><span style=\"font-size: 12pt;\">Ils ont besoin de nous !<\/span><br \/>\n<span style=\"font-size: 12pt;\">Pouvoir leur apporter ce dont ils ont besoin ou les accompagner l\u00e0 o\u00f9 ils en ont le plus besoin est utile pour leur humeur et leur sant\u00e9 physique et psychologique.<\/span><br \/>\n<span style=\"font-size: 12pt;\">N'arr\u00eatons pas ! Faisons le premier pas vers eux !<\/span><\/p>\n<p>(<a href=\"https:\/\/www.facebook.com\/fondazionecumse\">https:\/\/www.facebook.com\/fondazionecumse<\/a>\/)<\/p>\n\n                <div class=\"btn-container\">\n                  <a href=\"https:\/\/cumse.org\/fr\/sanp-sostegno-alle-nuove-poverta\/\" class=\"btn btn-sm more-btn\">SaNP<\/a>\n                  <a href=\"https:\/\/www.paypal.com\/donate\/?hosted_button_id=B4EJYGY5ZQ5CL&amp;source=qr&amp;Z3JncnB0&amp;Z3JncnB0=\" class=\"btn btn-sm\" style=\"left:20px;\">FAIRE UN DON!<\/a>\n                <\/div><!-- \/.btn-container -->\n              <\/div><!-- \/.section-padding -->\n            <\/div>\n\n            <div class=\"col-md-6\">\n              <img decoding=\"async\" src=\"https:\/\/i0.wp.com\/cumse.org\/wp-content\/uploads\/2021\/03\/3-1.png?fit=600%2C600&ssl=1\" alt=\"CUMSE 4 RUOTE AMICHE\">\n            <\/div>\n          <\/div><!-- \/.about-bottom-details -->\n        <\/section><!-- \/#about-bottom --><div class=\"vc_empty_space\"   style=\"height: 50px\" ><span class=\"vc_empty_space_inner\"><\/span><\/div>\n<\/div><\/div><\/div><\/div><div class=\"vc_row wpb_row vc_row-fluid\"><div class=\"wpb_column col-md-2\"><div class=\"vc_column-inner\"><div class=\"wpb_wrapper\">\n\t<div  class=\"wpb_single_image wpb_content_element vc_align_center\">\n\t\t\n\t\t<figure class=\"wpb_wrapper vc_figure\">\n\t\t\t<a href=\"https:\/\/cumse.org\/fr\/sanp-sostegno-alle-nuove-poverta\/\" target=\"_self\" class=\"vc_single_image-wrapper   vc_box_border_grey\"><img loading=\"lazy\" decoding=\"async\" class=\"vc_single_image-img\" src=\"https:\/\/i0.wp.com\/cumse.org\/wp-content\/uploads\/2020\/10\/logo-0-SANP-e1603988729750-200x240.png\" width=\"200\" height=\"240\" alt=\"SaNP\" title=\"logo SANP\" \/><\/a>\n\t\t<\/figure>\n\t<\/div>\n<\/div><\/div><\/div><div class=\"wpb_column col-md-2\"><div class=\"vc_column-inner\"><div class=\"wpb_wrapper\">\n\t<div  class=\"wpb_single_image wpb_content_element vc_align_center\">\n\t\t\n\t\t<figure class=\"wpb_wrapper vc_figure\">\n\t\t\t<a href=\"https:\/\/cumse.org\/fr\/cumse-time-to-care\/\" target=\"_self\" class=\"vc_single_image-wrapper   vc_box_border_grey\"><img loading=\"lazy\" decoding=\"async\" class=\"vc_single_image-img\" src=\"https:\/\/i0.wp.com\/cumse.org\/wp-content\/uploads\/2021\/03\/3181847f-b661-4aac-b803-b0a9bbc03c28-200x240.jpg\" width=\"200\" height=\"240\" alt=\"cumse-time-to-care\" title=\"cumse-time-to-care\" \/><\/a>\n\t\t<\/figure>\n\t<\/div>\n<\/div><\/div><\/div><div class=\"wpb_column col-md-2\"><div class=\"vc_column-inner\"><div class=\"wpb_wrapper\">\n\t<div  class=\"wpb_single_image wpb_content_element vc_align_center\">\n\t\t\n\t\t<figure class=\"wpb_wrapper vc_figure\">\n\t\t\t<a href=\"https:\/\/cumse.org\/fr\/cumse-charity-street\/\" target=\"_self\" class=\"vc_single_image-wrapper   vc_box_border_grey\"><img loading=\"lazy\" decoding=\"async\" class=\"vc_single_image-img\" src=\"https:\/\/i0.wp.com\/cumse.org\/wp-content\/uploads\/2021\/03\/7072aa2c-41aa-4f26-9c9e-3323e8b7518d-200x240.jpg\" width=\"200\" height=\"240\" alt=\"7072aa2c-41aa-4f26-9c9e-3323e8b7518d\" title=\"7072aa2c-41aa-4f26-9c9e-3323e8b7518d\" \/><\/a>\n\t\t<\/figure>\n\t<\/div>\n<\/div><\/div><\/div><div class=\"wpb_column col-md-2\"><div class=\"vc_column-inner\"><div class=\"wpb_wrapper\">\n\t<div  class=\"wpb_single_image wpb_content_element vc_align_center\">\n\t\t\n\t\t<figure class=\"wpb_wrapper vc_figure\">\n\t\t\t<a href=\"https:\/\/cumse.org\/fr\/cumse-sorrisi-sospesi\/\" target=\"_self\" class=\"vc_single_image-wrapper   vc_box_border_grey\"><img loading=\"lazy\" decoding=\"async\" class=\"vc_single_image-img\" src=\"https:\/\/i0.wp.com\/cumse.org\/wp-content\/uploads\/2021\/03\/55fa9179-b196-44f9-b05f-2d5d95bd48d2-200x240.jpg\" width=\"200\" height=\"240\" alt=\"55fa9179-b196-44f9-b05f-2d5d95bd48d2\" title=\"55fa9179-b196-44f9-b05f-2d5d95bd48d2\" \/><\/a>\n\t\t<\/figure>\n\t<\/div>\n<\/div><\/div><\/div><div class=\"wpb_column col-md-2\"><div class=\"vc_column-inner\"><div class=\"wpb_wrapper\">\n\t<div  class=\"wpb_single_image wpb_content_element vc_align_center\">\n\t\t\n\t\t<figure class=\"wpb_wrapper vc_figure\">\n\t\t\t<a href=\"https:\/\/cumse.org\/fr\/cumse-prima-il-pane\/\" target=\"_self\" class=\"vc_single_image-wrapper   vc_box_border_grey\"><img loading=\"lazy\" decoding=\"async\" width=\"300\" height=\"232\" src=\"https:\/\/i0.wp.com\/cumse.org\/wp-content\/uploads\/2021\/03\/0c7b693f-e948-4f23-b818-797e6e67935b.jpg?fit=300%2C232&amp;ssl=1\" class=\"vc_single_image-img attachment-medium\" alt=\"\" srcset=\"https:\/\/i0.wp.com\/cumse.org\/wp-content\/uploads\/2021\/03\/0c7b693f-e948-4f23-b818-797e6e67935b.jpg?w=350&amp;ssl=1 350w, https:\/\/i0.wp.com\/cumse.org\/wp-content\/uploads\/2021\/03\/0c7b693f-e948-4f23-b818-797e6e67935b.jpg?resize=200%2C155&amp;ssl=1 200w, https:\/\/i0.wp.com\/cumse.org\/wp-content\/uploads\/2021\/03\/0c7b693f-e948-4f23-b818-797e6e67935b.jpg?resize=300%2C232&amp;ssl=1 300w\" sizes=\"auto, (max-width: 300px) 100vw, 300px\" \/><\/a>\n\t\t<\/figure>\n\t<\/div>\n<\/div><\/div><\/div><div class=\"wpb_column col-md-2\"><div class=\"vc_column-inner\"><div class=\"wpb_wrapper\">\n\t<div  class=\"wpb_single_image wpb_content_element vc_align_center\">\n\t\t\n\t\t<figure class=\"wpb_wrapper vc_figure\">\n\t\t\t<a href=\"https:\/\/cumse.org\/fr\/cumse-sostegno-di-prossimita\/\" target=\"_self\" class=\"vc_single_image-wrapper   vc_box_border_grey\"><img loading=\"lazy\" decoding=\"async\" class=\"vc_single_image-img\" src=\"https:\/\/i0.wp.com\/cumse.org\/wp-content\/uploads\/2021\/03\/fc455904-2e2a-49bc-8dd2-9ea065a94e57-200x240.jpg\" width=\"200\" height=\"240\" alt=\"fc455904-2e2a-49bc-8dd2-9ea065a94e57\" title=\"fc455904-2e2a-49bc-8dd2-9ea065a94e57\" \/><\/a>\n\t\t<\/figure>\n\t<\/div>\n<\/div><\/div><\/div><\/div><div class=\"vc_row wpb_row vc_row-fluid\"><div class=\"wpb_column col-md-12\"><div class=\"vc_column-inner\"><div class=\"wpb_wrapper\">\n\t<div  class=\"wpb_single_image wpb_content_element vc_align_left\">\n\t\t\n\t\t<figure class=\"wpb_wrapper vc_figure\">\n\t\t\t<div class=\"vc_single_image-wrapper   vc_box_border_grey\"><\/div>\n\t\t<\/figure>\n\t<\/div>\n<\/div><\/div><\/div><\/div>","protected":false},"excerpt":{"rendered":"INIZIATIVA 4 RUOTE AMICHE \"4 Ruote Amiche\" (SaNP) \u00e8 un iniziativa importante promossa da Fondazione Cumse riguardante l'accompagnamento di anziani e disabili nei luoghi da loro desiderati per portare a termine le loro attivit\u00e0 quotidiane nel miglior modo possibile. PERCHE' C'E' BISOGNO DI UN'INIZIATIVA SIMILE? Oggi pi\u00f9 che mai c'\u00e8 bisogno di dare un sostegno [...]","protected":false},"author":1,"featured_media":0,"parent":0,"menu_order":0,"comment_status":"closed","ping_status":"closed","template":"homepage-template.php","meta":{"footnotes":""},"class_list":["post-5198","page","type-page","status-publish","hentry"],"yoast_head":"<!-- This site is optimized with the Yoast SEO plugin v27.3 - https:\/\/yoast.com\/product\/yoast-seo-wordpress\/ -->\n<title>PROGETTO 4 RUOTE AMICHE - Fondazione Cumse ETS<\/title>\n<meta name=\"description\" content=\"PROGETTO 4 RUOTE AMICHE - Fondazione Cumse ETS - Accompagnamento di disabili ed anziani - Diventa volontario e aiutaci in questa iniziativa\" \/>\n<meta name=\"robots\" content=\"index, follow, max-snippet:-1, max-image-preview:large, max-video-preview:-1\" \/>\n<link rel=\"canonical\" href=\"https:\/\/cumse.org\/fr\/cumse-4-ruote-amiche\/\" \/>\n<meta property=\"og:locale\" content=\"fr_FR\" \/>\n<meta property=\"og:type\" content=\"article\" \/>\n<meta property=\"og:title\" content=\"PROGETTO 4 RUOTE AMICHE - Fondazione Cumse ETS\" \/>\n<meta property=\"og:description\" content=\"PROGETTO 4 RUOTE AMICHE - Fondazione Cumse ETS - Accompagnamento di disabili ed anziani - Diventa volontario e aiutaci in questa iniziativa\" \/>\n<meta property=\"og:url\" content=\"https:\/\/cumse.org\/fr\/cumse-4-ruote-amiche\/\" \/>\n<meta property=\"og:site_name\" content=\"Fondazione Cumse ETS\" \/>\n<meta property=\"article:modified_time\" content=\"2021-10-29T10:02:04+00:00\" \/>\n<meta property=\"og:image\" content=\"https:\/\/cumse.org\/wp-content\/uploads\/2021\/03\/55f46d70-eb75-405f-92a3-c6c22089e0d0.jpg\" \/>\n<meta name=\"twitter:card\" content=\"summary_large_image\" \/>\n<meta name=\"twitter:label1\" content=\"Dur\u00e9e de lecture estim\u00e9e\" \/>\n\t<meta name=\"twitter:data1\" content=\"2 minutes\" \/>\n<script type=\"application\/ld+json\" class=\"yoast-schema-graph\">{\"@context\":\"https:\\\/\\\/schema.org\",\"@graph\":[{\"@type\":\"WebPage\",\"@id\":\"https:\\\/\\\/cumse.org\\\/cumse-4-ruote-amiche\\\/\",\"url\":\"https:\\\/\\\/cumse.org\\\/cumse-4-ruote-amiche\\\/\",\"name\":\"PROGETTO 4 RUOTE AMICHE - Fondazione Cumse ETS\",\"isPartOf\":{\"@id\":\"https:\\\/\\\/cumse.org\\\/#website\"},\"primaryImageOfPage\":{\"@id\":\"https:\\\/\\\/cumse.org\\\/cumse-4-ruote-amiche\\\/#primaryimage\"},\"image\":{\"@id\":\"https:\\\/\\\/cumse.org\\\/cumse-4-ruote-amiche\\\/#primaryimage\"},\"thumbnailUrl\":\"https:\\\/\\\/cumse.org\\\/wp-content\\\/uploads\\\/2021\\\/03\\\/55f46d70-eb75-405f-92a3-c6c22089e0d0.jpg\",\"datePublished\":\"2021-03-19T15:23:59+00:00\",\"dateModified\":\"2021-10-29T10:02:04+00:00\",\"description\":\"PROGETTO 4 RUOTE AMICHE - Fondazione Cumse ETS - Accompagnamento di disabili ed anziani - Diventa volontario e aiutaci in questa iniziativa\",\"breadcrumb\":{\"@id\":\"https:\\\/\\\/cumse.org\\\/cumse-4-ruote-amiche\\\/#breadcrumb\"},\"inLanguage\":\"fr-FR\",\"potentialAction\":[{\"@type\":\"ReadAction\",\"target\":[\"https:\\\/\\\/cumse.org\\\/cumse-4-ruote-amiche\\\/\"]}]},{\"@type\":\"ImageObject\",\"inLanguage\":\"fr-FR\",\"@id\":\"https:\\\/\\\/cumse.org\\\/cumse-4-ruote-amiche\\\/#primaryimage\",\"url\":\"https:\\\/\\\/cumse.org\\\/wp-content\\\/uploads\\\/2021\\\/03\\\/55f46d70-eb75-405f-92a3-c6c22089e0d0.jpg\",\"contentUrl\":\"https:\\\/\\\/cumse.org\\\/wp-content\\\/uploads\\\/2021\\\/03\\\/55f46d70-eb75-405f-92a3-c6c22089e0d0.jpg\"},{\"@type\":\"BreadcrumbList\",\"@id\":\"https:\\\/\\\/cumse.org\\\/cumse-4-ruote-amiche\\\/#breadcrumb\",\"itemListElement\":[{\"@type\":\"ListItem\",\"position\":1,\"name\":\"Home\",\"item\":\"https:\\\/\\\/cumse.org\\\/\"},{\"@type\":\"ListItem\",\"position\":2,\"name\":\"CUMSE 4 RUOTE AMICHE\"}]},{\"@type\":\"WebSite\",\"@id\":\"https:\\\/\\\/cumse.org\\\/#website\",\"url\":\"https:\\\/\\\/cumse.org\\\/\",\"name\":\"Fondazione Cumse ETS\",\"description\":\"Siamo dove gli altri distolgono lo sguardo\",\"potentialAction\":[{\"@type\":\"SearchAction\",\"target\":{\"@type\":\"EntryPoint\",\"urlTemplate\":\"https:\\\/\\\/cumse.org\\\/?s={search_term_string}\"},\"query-input\":{\"@type\":\"PropertyValueSpecification\",\"valueRequired\":true,\"valueName\":\"search_term_string\"}}],\"inLanguage\":\"fr-FR\"}]}<\/script>\n<!-- \/ Yoast SEO plugin. -->","yoast_head_json":{"title":"PROGETTO 4 RUOTE AMICHE - Fondazione Cumse ETS","description":"PROGETTO 4 RUOTE AMICHE - Fondazione Cumse ETS - Accompagnamento di disabili ed anziani - Diventa volontario e aiutaci in questa iniziativa","robots":{"index":"index","follow":"follow","max-snippet":"max-snippet:-1","max-image-preview":"max-image-preview:large","max-video-preview":"max-video-preview:-1"},"canonical":"https:\/\/cumse.org\/fr\/cumse-4-ruote-amiche\/","og_locale":"fr_FR","og_type":"article","og_title":"PROGETTO 4 RUOTE AMICHE - Fondazione Cumse ETS","og_description":"PROGETTO 4 RUOTE AMICHE - Fondazione Cumse ETS - Accompagnamento di disabili ed anziani - Diventa volontario e aiutaci in questa iniziativa","og_url":"https:\/\/cumse.org\/fr\/cumse-4-ruote-amiche\/","og_site_name":"Fondazione Cumse ETS","article_modified_time":"2021-10-29T10:02:04+00:00","og_image":[{"url":"https:\/\/cumse.org\/wp-content\/uploads\/2021\/03\/55f46d70-eb75-405f-92a3-c6c22089e0d0.jpg","type":"","width":"","height":""}],"twitter_card":"summary_large_image","twitter_misc":{"Dur\u00e9e de lecture estim\u00e9e":"2 minutes"},"schema":{"@context":"https:\/\/schema.org","@graph":[{"@type":"WebPage","@id":"https:\/\/cumse.org\/cumse-4-ruote-amiche\/","url":"https:\/\/cumse.org\/cumse-4-ruote-amiche\/","name":"PROGETTO 4 RUOTE AMICHE - Fondazione Cumse ETS","isPartOf":{"@id":"https:\/\/cumse.org\/#website"},"primaryImageOfPage":{"@id":"https:\/\/cumse.org\/cumse-4-ruote-amiche\/#primaryimage"},"image":{"@id":"https:\/\/cumse.org\/cumse-4-ruote-amiche\/#primaryimage"},"thumbnailUrl":"https:\/\/cumse.org\/wp-content\/uploads\/2021\/03\/55f46d70-eb75-405f-92a3-c6c22089e0d0.jpg","datePublished":"2021-03-19T15:23:59+00:00","dateModified":"2021-10-29T10:02:04+00:00","description":"PROGETTO 4 RUOTE AMICHE - Fondazione Cumse ETS - Accompagnamento di disabili ed anziani - Diventa volontario e aiutaci in questa iniziativa","breadcrumb":{"@id":"https:\/\/cumse.org\/cumse-4-ruote-amiche\/#breadcrumb"},"inLanguage":"fr-FR","potentialAction":[{"@type":"ReadAction","target":["https:\/\/cumse.org\/cumse-4-ruote-amiche\/"]}]},{"@type":"ImageObject","inLanguage":"fr-FR","@id":"https:\/\/cumse.org\/cumse-4-ruote-amiche\/#primaryimage","url":"https:\/\/cumse.org\/wp-content\/uploads\/2021\/03\/55f46d70-eb75-405f-92a3-c6c22089e0d0.jpg","contentUrl":"https:\/\/cumse.org\/wp-content\/uploads\/2021\/03\/55f46d70-eb75-405f-92a3-c6c22089e0d0.jpg"},{"@type":"BreadcrumbList","@id":"https:\/\/cumse.org\/cumse-4-ruote-amiche\/#breadcrumb","itemListElement":[{"@type":"ListItem","position":1,"name":"Home","item":"https:\/\/cumse.org\/"},{"@type":"ListItem","position":2,"name":"CUMSE 4 RUOTE AMICHE"}]},{"@type":"WebSite","@id":"https:\/\/cumse.org\/#website","url":"https:\/\/cumse.org\/","name":"Fondazione Cumse ETS","description":"Siamo dove gli altri distolgono lo sguardo","potentialAction":[{"@type":"SearchAction","target":{"@type":"EntryPoint","urlTemplate":"https:\/\/cumse.org\/?s={search_term_string}"},"query-input":{"@type":"PropertyValueSpecification","valueRequired":true,"valueName":"search_term_string"}}],"inLanguage":"fr-FR"}]}},"jetpack_sharing_enabled":true,"_links":{"self":[{"href":"https:\/\/cumse.org\/fr\/wp-json\/wp\/v2\/pages\/5198","targetHints":{"allow":["GET"]}}],"collection":[{"href":"https:\/\/cumse.org\/fr\/wp-json\/wp\/v2\/pages"}],"about":[{"href":"https:\/\/cumse.org\/fr\/wp-json\/wp\/v2\/types\/page"}],"author":[{"embeddable":true,"href":"https:\/\/cumse.org\/fr\/wp-json\/wp\/v2\/users\/1"}],"replies":[{"embeddable":true,"href":"https:\/\/cumse.org\/fr\/wp-json\/wp\/v2\/comments?post=5198"}],"version-history":[{"count":0,"href":"https:\/\/cumse.org\/fr\/wp-json\/wp\/v2\/pages\/5198\/revisions"}],"wp:attachment":[{"href":"https:\/\/cumse.org\/fr\/wp-json\/wp\/v2\/media?parent=5198"}],"curies":[{"name":"wp","href":"https:\/\/api.w.org\/{rel}","templated":true}]}}