{"id":5184,"date":"2021-03-19T16:15:04","date_gmt":"2021-03-19T15:15:04","guid":{"rendered":"https:\/\/cumse.org\/?page_id=5184"},"modified":"2022-07-04T15:50:41","modified_gmt":"2022-07-04T14:50:41","slug":"cumse-charity-street","status":"publish","type":"page","link":"https:\/\/cumse.org\/fr\/cumse-charity-street\/","title":{"rendered":"CUMSE CHARITY STREET"},"content":{"rendered":"<div class=\"vc_row wpb_row vc_row-fluid vc_custom_1635501793170\"><div class=\"wpb_column col-md-12\"><div class=\"vc_column-inner\"><div class=\"wpb_wrapper\">\n\t<div  class=\"wpb_single_image wpb_content_element vc_align_left\">\n\t\t\n\t\t<figure class=\"wpb_wrapper vc_figure\">\n\t\t\t<div class=\"vc_single_image-wrapper   vc_box_border_grey\"><img loading=\"lazy\" decoding=\"async\" width=\"1920\" height=\"739\" src=\"https:\/\/i0.wp.com\/cumse.org\/wp-content\/uploads\/2022\/07\/top-sito-Cumse.png?fit=1920%2C739&amp;ssl=1\" class=\"vc_single_image-img attachment-full\" alt=\"\" srcset=\"https:\/\/i0.wp.com\/cumse.org\/wp-content\/uploads\/2022\/07\/top-sito-Cumse.png?w=1920&amp;ssl=1 1920w, https:\/\/i0.wp.com\/cumse.org\/wp-content\/uploads\/2022\/07\/top-sito-Cumse.png?resize=300%2C115&amp;ssl=1 300w, https:\/\/i0.wp.com\/cumse.org\/wp-content\/uploads\/2022\/07\/top-sito-Cumse.png?resize=1024%2C394&amp;ssl=1 1024w, https:\/\/i0.wp.com\/cumse.org\/wp-content\/uploads\/2022\/07\/top-sito-Cumse.png?resize=768%2C296&amp;ssl=1 768w, https:\/\/i0.wp.com\/cumse.org\/wp-content\/uploads\/2022\/07\/top-sito-Cumse.png?resize=1536%2C591&amp;ssl=1 1536w, https:\/\/i0.wp.com\/cumse.org\/wp-content\/uploads\/2022\/07\/top-sito-Cumse.png?resize=1200%2C462&amp;ssl=1 1200w, https:\/\/i0.wp.com\/cumse.org\/wp-content\/uploads\/2022\/07\/top-sito-Cumse.png?w=1280&amp;ssl=1 1280w\" sizes=\"auto, (max-width: 640px) 100vw, 640px\" \/><\/div>\n\t\t<\/figure>\n\t<\/div>\n<\/div><\/div><\/div><\/div><div class=\"vc_row wpb_row vc_row-fluid\"><div class=\"wpb_column col-md-12\"><div class=\"vc_column-inner\"><div class=\"wpb_wrapper\">\n\t<div class=\"wpb_text_column wpb_content_element\" >\n\t\t<div class=\"wpb_wrapper\">\n\t\t\t<h1><span style=\"font-size: 24pt; font-family: 'arial black', sans-serif; color: #ff0000;\"><em><strong>L'IMPORTANCE DE LA FONCTION RUE DE LA CHARIT\u00c9<\/strong><\/em><\/span><\/h1>\n\n\t\t<\/div>\n\t<\/div>\n<\/div><\/div><\/div><\/div><div class=\"vc_row wpb_row vc_row-fluid\"><div class=\"wpb_column col-md-8\"><div class=\"vc_column-inner\"><div class=\"wpb_wrapper\">\n\t<div class=\"wpb_text_column wpb_content_element\" >\n\t\t<div class=\"wpb_wrapper\">\n\t\t\t<p><span style=\"font-size: 12pt;\">Charity Street <a href=\"https:\/\/cumse.org\/fr\/sanp-sostegno-alle-nuove-poverta\/\">(SaNP)<\/a> est une initiative port\u00e9e par un groupe de b\u00e9n\u00e9voles qui ne demandent qu'\u00e0 se rapprocher de cette r\u00e9alit\u00e9 d'\u00e9mancipation vou\u00e9e principalement \u00e0 <strong>servir les derniers l\u00e0 o\u00f9 ils sont, dans les besoins essentiels : se nourrir, se prot\u00e9ger du froid, se soigner.<br \/>\n<\/strong>Ils le font sans se soucier de para\u00eetre, sans faire d'histoires, sans demander ni attendre quoi que ce soit. Au lieu de cela, ils sont pr\u00eats \u00e0 offrir quelque chose pour plaire (peut-\u00eatre !), sachant que l'aide peut ne pas \u00eatre accept\u00e9e ou m\u00eame rejet\u00e9e !<\/span><\/p>\n\n\t\t<\/div>\n\t<\/div>\n<\/div><\/div><\/div><div class=\"wpb_column col-md-4\"><div class=\"vc_column-inner\"><div class=\"wpb_wrapper\">\n\t<div  class=\"wpb_single_image wpb_content_element vc_align_left\">\n\t\t\n\t\t<figure class=\"wpb_wrapper vc_figure\">\n\t\t\t<div class=\"vc_single_image-wrapper   vc_box_border_grey\"><img loading=\"lazy\" decoding=\"async\" width=\"207\" height=\"245\" src=\"https:\/\/i0.wp.com\/cumse.org\/wp-content\/uploads\/2021\/03\/7072aa2c-41aa-4f26-9c9e-3323e8b7518d.jpg?fit=207%2C245&amp;ssl=1\" class=\"vc_single_image-img attachment-full\" alt=\"\" srcset=\"https:\/\/i0.wp.com\/cumse.org\/wp-content\/uploads\/2021\/03\/7072aa2c-41aa-4f26-9c9e-3323e8b7518d.jpg?w=207&amp;ssl=1 207w, https:\/\/i0.wp.com\/cumse.org\/wp-content\/uploads\/2021\/03\/7072aa2c-41aa-4f26-9c9e-3323e8b7518d.jpg?resize=200%2C237&amp;ssl=1 200w\" sizes=\"auto, (max-width: 207px) 100vw, 207px\" \/><\/div>\n\t\t<\/figure>\n\t<\/div>\n<\/div><\/div><\/div><\/div><div class=\"vc_row wpb_row vc_row-fluid\"><div class=\"wpb_column col-md-12\"><div class=\"vc_column-inner\"><div class=\"wpb_wrapper\">\n\t<div class=\"wpb_text_column wpb_content_element\" >\n\t\t<div class=\"wpb_wrapper\">\n\t\t\t<h2><span style=\"font-size: 24pt; font-family: 'arial black', sans-serif; color: #ff0000;\"><em><strong>DE COMBIEN LE POURCENTAGE DE SANS-ABRI A-T-IL AUGMENT\u00c9 AU COURS DES DERNI\u00c8RES ANN\u00c9ES ?<\/strong><\/em><\/span><\/h2>\n\n\t\t<\/div>\n\t<\/div>\n<\/div><\/div><\/div><\/div><div class=\"vc_row wpb_row vc_row-fluid\"><div class=\"wpb_column col-md-6\"><div class=\"vc_column-inner\"><div class=\"wpb_wrapper\">\n\t<div class=\"wpb_text_column wpb_content_element\" >\n\t\t<div class=\"wpb_wrapper\">\n\t\t\t<p><span style=\"font-size: 12pt;\">Les derni\u00e8res donn\u00e9es <a href=\"https:\/\/www.istat.it\/\">Istat<\/a> en notre possession remontent malheureusement \u00e0 2014, mais nous savons avec certitude qu'en raison de la pand\u00e9mie, le nombre de sans-abri a consid\u00e9rablement augment\u00e9.<\/span><br \/>\n<span style=\"font-size: 12pt;\">Il est tr\u00e8s difficile de pouvoir cartographier pr\u00e9cis\u00e9ment la pr\u00e9sence des sans-abri en Italie, car ils changent tout le temps, on ne conna\u00eet que leur pr\u00e9sence de plus en plus constante.<\/span><br \/>\n<span style=\"font-size: 12pt;\">Les plus vuln\u00e9rables de cette p\u00e9riode sont sans aucun doute les familles avec des mineurs et des jeunes, il est donc n\u00e9cessaire de cr\u00e9er un r\u00e9seau social positif pour eux.<\/span><br \/>\n<span style=\"font-size: 12pt;\">Les jeunes sans-abri ont<strong>\u00a0une mortalit\u00e9 \u00e9lev\u00e9e en raison de la multimorbidit\u00e9 due aux probl\u00e8mes de sant\u00e9<\/strong> mentale, aux maladies transmissibles et \u00e0 la toxicomanie. C'est surtout la violence qui affecte leur sant\u00e9 et leur situation \u00e9conomique.<\/span><\/p>\n\n\t\t<\/div>\n\t<\/div>\n<\/div><\/div><\/div><div class=\"wpb_column col-md-6\"><div class=\"vc_column-inner\"><div class=\"wpb_wrapper\">\n\t<div  class=\"wpb_single_image wpb_content_element vc_align_left\">\n\t\t\n\t\t<figure class=\"wpb_wrapper vc_figure\">\n\t\t\t<div class=\"vc_single_image-wrapper   vc_box_border_grey\"><img loading=\"lazy\" decoding=\"async\" width=\"656\" height=\"364\" src=\"https:\/\/i0.wp.com\/cumse.org\/wp-content\/uploads\/2021\/04\/6ab0c685-b7bb-4b8e-a980-9b31d9cbd4a5.jpg?fit=656%2C364&amp;ssl=1\" class=\"vc_single_image-img attachment-full\" alt=\"\" srcset=\"https:\/\/i0.wp.com\/cumse.org\/wp-content\/uploads\/2021\/04\/6ab0c685-b7bb-4b8e-a980-9b31d9cbd4a5.jpg?w=656&amp;ssl=1 656w, https:\/\/i0.wp.com\/cumse.org\/wp-content\/uploads\/2021\/04\/6ab0c685-b7bb-4b8e-a980-9b31d9cbd4a5.jpg?resize=200%2C111&amp;ssl=1 200w, https:\/\/i0.wp.com\/cumse.org\/wp-content\/uploads\/2021\/04\/6ab0c685-b7bb-4b8e-a980-9b31d9cbd4a5.jpg?resize=300%2C166&amp;ssl=1 300w\" sizes=\"auto, (max-width: 640px) 100vw, 640px\" \/><\/div>\n\t\t<\/figure>\n\t<\/div>\n<\/div><\/div><\/div><\/div><div class=\"vc_row wpb_row vc_row-fluid\"><div class=\"wpb_column col-md-12\"><div class=\"vc_column-inner\"><div class=\"wpb_wrapper\">\n\t<div class=\"wpb_text_column wpb_content_element\" >\n\t\t<div class=\"wpb_wrapper\">\n\t\t\t<h2><span style=\"color: #ff0000;\"><strong>CHANGEONS L'AVENIR AVEC LE PROJET \n RUE DE CHARIT\u00c9  !<\/strong><\/span><\/h2>\n\n\t\t<\/div>\n\t<\/div>\n<section id=\"about-bottom\" class=\"about-bottom tab3 clearfix\">\n          <div class=\"about-bottom-details\">\n            <div class=\"col-md-6\">\n              <div class=\"section-padding\">\n                \n                <h3 class=\"section-sub-title\"><\/h3>\n                <p class=\"description\"><span style=\"font-size: 12pt;\">M\u00eame une petite aide peut \u00eatre utile pour que nous puissions contribuer \u00e0 une am\u00e9lioration de l'\u00e9tat actuel.<\/span><br \/>\n<span style=\"font-size: 12pt;\">Cela peut se faire par un travail b\u00e9n\u00e9vole ou m\u00eame par un don.<\/span><br \/>\n<span style=\"font-size: 12pt;\">Ce qui nous est indiff\u00e9rent ou inutile peut leur \u00eatre pr\u00e9cieux !<\/span><\/p>\n\n                <div class=\"btn-container\">\n                  <a href=\"https:\/\/cumse.org\/fr\/sanp-sostegno-alle-nuove-poverta\/\" class=\"btn btn-sm more-btn\">SaNP<\/a>\n                  <a href=\"https:\/\/www.paypal.com\/donate\/?hosted_button_id=B4EJYGY5ZQ5CL&amp;source=qr&amp;Z3JncnB0&amp;Z3JncnB0=\" class=\"btn btn-sm\" style=\"left:20px;\">FAIRE UN DON!<\/a>\n                <\/div><!-- \/.btn-container -->\n              <\/div><!-- \/.section-padding -->\n            <\/div>\n\n            <div class=\"col-md-6\">\n              <img decoding=\"async\" src=\"https:\/\/i0.wp.com\/cumse.org\/wp-content\/uploads\/2021\/06\/Progetto-senza-titolo-2-1.png?fit=1080%2C1080&ssl=1\" alt=\"CUMSE CHARITY STREET\">\n            <\/div>\n          <\/div><!-- \/.about-bottom-details -->\n        <\/section><!-- \/#about-bottom --><div class=\"vc_empty_space\"   style=\"height: 50px\" ><span class=\"vc_empty_space_inner\"><\/span><\/div>\n<\/div><\/div><\/div><\/div><div class=\"vc_row wpb_row vc_row-fluid\"><div class=\"wpb_column col-md-2\"><div class=\"vc_column-inner\"><div class=\"wpb_wrapper\">\n\t<div  class=\"wpb_single_image wpb_content_element vc_align_center\">\n\t\t\n\t\t<figure class=\"wpb_wrapper vc_figure\">\n\t\t\t<a href=\"https:\/\/cumse.org\/fr\/sanp-sostegno-alle-nuove-poverta\/\" target=\"_self\" class=\"vc_single_image-wrapper   vc_box_border_grey\"><img loading=\"lazy\" decoding=\"async\" class=\"vc_single_image-img\" src=\"https:\/\/i0.wp.com\/cumse.org\/wp-content\/uploads\/2020\/10\/logo-0-SANP-e1603988729750-200x240.png\" width=\"200\" height=\"240\" alt=\"SaNP\" title=\"logo SANP\" \/><\/a>\n\t\t<\/figure>\n\t<\/div>\n<\/div><\/div><\/div><div class=\"wpb_column col-md-2\"><div class=\"vc_column-inner\"><div class=\"wpb_wrapper\">\n\t<div  class=\"wpb_single_image wpb_content_element vc_align_center\">\n\t\t\n\t\t<figure class=\"wpb_wrapper vc_figure\">\n\t\t\t<a href=\"https:\/\/cumse.org\/fr\/cumse-time-to-care\/\" target=\"_self\" class=\"vc_single_image-wrapper   vc_box_border_grey\"><img loading=\"lazy\" decoding=\"async\" class=\"vc_single_image-img\" src=\"https:\/\/i0.wp.com\/cumse.org\/wp-content\/uploads\/2021\/03\/3181847f-b661-4aac-b803-b0a9bbc03c28-200x240.jpg\" width=\"200\" height=\"240\" alt=\"cumse-time-to-care\" title=\"cumse-time-to-care\" \/><\/a>\n\t\t<\/figure>\n\t<\/div>\n<\/div><\/div><\/div><div class=\"wpb_column col-md-2\"><div class=\"vc_column-inner\"><div class=\"wpb_wrapper\">\n\t<div  class=\"wpb_single_image wpb_content_element vc_align_center\">\n\t\t\n\t\t<figure class=\"wpb_wrapper vc_figure\">\n\t\t\t<a href=\"https:\/\/cumse.org\/fr\/cumse-sostegno-di-prossimita\/\" target=\"_self\" class=\"vc_single_image-wrapper   vc_box_border_grey\"><img loading=\"lazy\" decoding=\"async\" class=\"vc_single_image-img\" src=\"https:\/\/i0.wp.com\/cumse.org\/wp-content\/uploads\/2021\/03\/fc455904-2e2a-49bc-8dd2-9ea065a94e57-200x240.jpg\" width=\"200\" height=\"240\" alt=\"fc455904-2e2a-49bc-8dd2-9ea065a94e57\" title=\"fc455904-2e2a-49bc-8dd2-9ea065a94e57\" \/><\/a>\n\t\t<\/figure>\n\t<\/div>\n<\/div><\/div><\/div><div class=\"wpb_column col-md-2\"><div class=\"vc_column-inner\"><div class=\"wpb_wrapper\">\n\t<div  class=\"wpb_single_image wpb_content_element vc_align_center\">\n\t\t\n\t\t<figure class=\"wpb_wrapper vc_figure\">\n\t\t\t<a href=\"https:\/\/cumse.org\/fr\/cumse-sorrisi-sospesi\/\" target=\"_self\" class=\"vc_single_image-wrapper   vc_box_border_grey\"><img loading=\"lazy\" decoding=\"async\" class=\"vc_single_image-img\" src=\"https:\/\/i0.wp.com\/cumse.org\/wp-content\/uploads\/2021\/03\/55fa9179-b196-44f9-b05f-2d5d95bd48d2-200x240.jpg\" width=\"200\" height=\"240\" alt=\"55fa9179-b196-44f9-b05f-2d5d95bd48d2\" title=\"55fa9179-b196-44f9-b05f-2d5d95bd48d2\" \/><\/a>\n\t\t<\/figure>\n\t<\/div>\n<\/div><\/div><\/div><div class=\"wpb_column col-md-2\"><div class=\"vc_column-inner\"><div class=\"wpb_wrapper\">\n\t<div  class=\"wpb_single_image wpb_content_element vc_align_center\">\n\t\t\n\t\t<figure class=\"wpb_wrapper vc_figure\">\n\t\t\t<a href=\"https:\/\/cumse.org\/fr\/cumse-prima-il-pane\/\" target=\"_self\" class=\"vc_single_image-wrapper   vc_box_border_grey\"><img loading=\"lazy\" decoding=\"async\" width=\"300\" height=\"232\" src=\"https:\/\/i0.wp.com\/cumse.org\/wp-content\/uploads\/2021\/03\/0c7b693f-e948-4f23-b818-797e6e67935b.jpg?fit=300%2C232&amp;ssl=1\" class=\"vc_single_image-img attachment-medium\" alt=\"\" srcset=\"https:\/\/i0.wp.com\/cumse.org\/wp-content\/uploads\/2021\/03\/0c7b693f-e948-4f23-b818-797e6e67935b.jpg?w=350&amp;ssl=1 350w, https:\/\/i0.wp.com\/cumse.org\/wp-content\/uploads\/2021\/03\/0c7b693f-e948-4f23-b818-797e6e67935b.jpg?resize=200%2C155&amp;ssl=1 200w, https:\/\/i0.wp.com\/cumse.org\/wp-content\/uploads\/2021\/03\/0c7b693f-e948-4f23-b818-797e6e67935b.jpg?resize=300%2C232&amp;ssl=1 300w\" sizes=\"auto, (max-width: 300px) 100vw, 300px\" \/><\/a>\n\t\t<\/figure>\n\t<\/div>\n<\/div><\/div><\/div><div class=\"wpb_column col-md-2\"><div class=\"vc_column-inner\"><div class=\"wpb_wrapper\">\n\t<div  class=\"wpb_single_image wpb_content_element vc_align_center\">\n\t\t\n\t\t<figure class=\"wpb_wrapper vc_figure\">\n\t\t\t<a href=\"https:\/\/cumse.org\/fr\/cumse-4-ruote-amiche\/\" target=\"_self\" class=\"vc_single_image-wrapper   vc_box_border_grey\"><img loading=\"lazy\" decoding=\"async\" class=\"vc_single_image-img\" src=\"https:\/\/i0.wp.com\/cumse.org\/wp-content\/uploads\/2021\/03\/55f46d70-eb75-405f-92a3-c6c22089e0d0-200x240.jpg\" width=\"200\" height=\"240\" alt=\"55f46d70-eb75-405f-92a3-c6c22089e0d0\" title=\"55f46d70-eb75-405f-92a3-c6c22089e0d0\" \/><\/a>\n\t\t<\/figure>\n\t<\/div>\n<\/div><\/div><\/div><\/div><div class=\"vc_row wpb_row vc_row-fluid\"><div class=\"wpb_column col-md-12\"><div class=\"vc_column-inner\"><div class=\"wpb_wrapper\">\n\t<div  class=\"wpb_single_image wpb_content_element vc_align_left\">\n\t\t\n\t\t<figure class=\"wpb_wrapper vc_figure\">\n\t\t\t<div class=\"vc_single_image-wrapper   vc_box_border_grey\"><\/div>\n\t\t<\/figure>\n\t<\/div>\n<\/div><\/div><\/div><\/div>","protected":false},"excerpt":{"rendered":"L'IMPORTANZA DELLA FUNZIONE DI CHARITY STREET Charity Street (SaNP) \u00e8 un iniziativa mossa da un gruppo di volontari che non desiderano altro che avvicinarsi a questa realt\u00e0 di emancipazione dedicata principalmente al servire gli ultimi l\u00ec dove sono, nelle necessit\u00e0 essenziali: mangiare proteggere dal freddo, medicare. Essi lo fanno senza preoccuparsi di apparire, senza fare [...]","protected":false},"author":1,"featured_media":0,"parent":0,"menu_order":0,"comment_status":"closed","ping_status":"closed","template":"homepage-template.php","meta":{"footnotes":""},"class_list":["post-5184","page","type-page","status-publish","hentry"],"yoast_head":"<!-- This site is optimized with the Yoast SEO plugin v27.3 - https:\/\/yoast.com\/product\/yoast-seo-wordpress\/ -->\n<title>CUMSE CHARITY STREET - Fondazione Cumse ETS<\/title>\n<meta name=\"description\" content=\"CHARITY STREET - Fondazione Cumse ETS - Diventa anche tu un volontario e aiutaci a sostenere situazioni di povert\u00e0.\" \/>\n<meta name=\"robots\" content=\"index, follow, max-snippet:-1, max-image-preview:large, max-video-preview:-1\" \/>\n<link rel=\"canonical\" href=\"https:\/\/cumse.org\/fr\/cumse-charity-street\/\" \/>\n<meta property=\"og:locale\" content=\"fr_FR\" \/>\n<meta property=\"og:type\" content=\"article\" \/>\n<meta property=\"og:title\" content=\"CUMSE CHARITY STREET - Fondazione Cumse ETS\" \/>\n<meta property=\"og:description\" content=\"CHARITY STREET - Fondazione Cumse ETS - Diventa anche tu un volontario e aiutaci a sostenere situazioni di povert\u00e0.\" \/>\n<meta property=\"og:url\" content=\"https:\/\/cumse.org\/fr\/cumse-charity-street\/\" \/>\n<meta property=\"og:site_name\" content=\"Fondazione Cumse ETS\" \/>\n<meta property=\"article:modified_time\" content=\"2022-07-04T14:50:41+00:00\" \/>\n<meta name=\"twitter:card\" content=\"summary_large_image\" \/>\n<meta name=\"twitter:label1\" content=\"Dur\u00e9e de lecture estim\u00e9e\" \/>\n\t<meta name=\"twitter:data1\" content=\"2 minutes\" \/>\n<script type=\"application\/ld+json\" class=\"yoast-schema-graph\">{\"@context\":\"https:\\\/\\\/schema.org\",\"@graph\":[{\"@type\":\"WebPage\",\"@id\":\"https:\\\/\\\/cumse.org\\\/cumse-charity-street\\\/\",\"url\":\"https:\\\/\\\/cumse.org\\\/cumse-charity-street\\\/\",\"name\":\"CUMSE CHARITY STREET - Fondazione Cumse ETS\",\"isPartOf\":{\"@id\":\"https:\\\/\\\/cumse.org\\\/#website\"},\"datePublished\":\"2021-03-19T15:15:04+00:00\",\"dateModified\":\"2022-07-04T14:50:41+00:00\",\"description\":\"CHARITY STREET - Fondazione Cumse ETS - Diventa anche tu un volontario e aiutaci a sostenere situazioni di povert\u00e0.\",\"breadcrumb\":{\"@id\":\"https:\\\/\\\/cumse.org\\\/cumse-charity-street\\\/#breadcrumb\"},\"inLanguage\":\"fr-FR\",\"potentialAction\":[{\"@type\":\"ReadAction\",\"target\":[\"https:\\\/\\\/cumse.org\\\/cumse-charity-street\\\/\"]}]},{\"@type\":\"BreadcrumbList\",\"@id\":\"https:\\\/\\\/cumse.org\\\/cumse-charity-street\\\/#breadcrumb\",\"itemListElement\":[{\"@type\":\"ListItem\",\"position\":1,\"name\":\"Home\",\"item\":\"https:\\\/\\\/cumse.org\\\/\"},{\"@type\":\"ListItem\",\"position\":2,\"name\":\"CUMSE CHARITY STREET\"}]},{\"@type\":\"WebSite\",\"@id\":\"https:\\\/\\\/cumse.org\\\/#website\",\"url\":\"https:\\\/\\\/cumse.org\\\/\",\"name\":\"Fondazione Cumse ETS\",\"description\":\"Siamo dove gli altri distolgono lo sguardo\",\"potentialAction\":[{\"@type\":\"SearchAction\",\"target\":{\"@type\":\"EntryPoint\",\"urlTemplate\":\"https:\\\/\\\/cumse.org\\\/?s={search_term_string}\"},\"query-input\":{\"@type\":\"PropertyValueSpecification\",\"valueRequired\":true,\"valueName\":\"search_term_string\"}}],\"inLanguage\":\"fr-FR\"}]}<\/script>\n<!-- \/ Yoast SEO plugin. -->","yoast_head_json":{"title":"CUMSE CHARITY STREET - Fondazione Cumse ETS","description":"CHARITY STREET - Fondazione Cumse ETS - Diventa anche tu un volontario e aiutaci a sostenere situazioni di povert\u00e0.","robots":{"index":"index","follow":"follow","max-snippet":"max-snippet:-1","max-image-preview":"max-image-preview:large","max-video-preview":"max-video-preview:-1"},"canonical":"https:\/\/cumse.org\/fr\/cumse-charity-street\/","og_locale":"fr_FR","og_type":"article","og_title":"CUMSE CHARITY STREET - Fondazione Cumse ETS","og_description":"CHARITY STREET - Fondazione Cumse ETS - Diventa anche tu un volontario e aiutaci a sostenere situazioni di povert\u00e0.","og_url":"https:\/\/cumse.org\/fr\/cumse-charity-street\/","og_site_name":"Fondazione Cumse ETS","article_modified_time":"2022-07-04T14:50:41+00:00","twitter_card":"summary_large_image","twitter_misc":{"Dur\u00e9e de lecture estim\u00e9e":"2 minutes"},"schema":{"@context":"https:\/\/schema.org","@graph":[{"@type":"WebPage","@id":"https:\/\/cumse.org\/cumse-charity-street\/","url":"https:\/\/cumse.org\/cumse-charity-street\/","name":"CUMSE CHARITY STREET - Fondazione Cumse ETS","isPartOf":{"@id":"https:\/\/cumse.org\/#website"},"datePublished":"2021-03-19T15:15:04+00:00","dateModified":"2022-07-04T14:50:41+00:00","description":"CHARITY STREET - Fondazione Cumse ETS - Diventa anche tu un volontario e aiutaci a sostenere situazioni di povert\u00e0.","breadcrumb":{"@id":"https:\/\/cumse.org\/cumse-charity-street\/#breadcrumb"},"inLanguage":"fr-FR","potentialAction":[{"@type":"ReadAction","target":["https:\/\/cumse.org\/cumse-charity-street\/"]}]},{"@type":"BreadcrumbList","@id":"https:\/\/cumse.org\/cumse-charity-street\/#breadcrumb","itemListElement":[{"@type":"ListItem","position":1,"name":"Home","item":"https:\/\/cumse.org\/"},{"@type":"ListItem","position":2,"name":"CUMSE CHARITY STREET"}]},{"@type":"WebSite","@id":"https:\/\/cumse.org\/#website","url":"https:\/\/cumse.org\/","name":"Fondazione Cumse ETS","description":"Siamo dove gli altri distolgono lo sguardo","potentialAction":[{"@type":"SearchAction","target":{"@type":"EntryPoint","urlTemplate":"https:\/\/cumse.org\/?s={search_term_string}"},"query-input":{"@type":"PropertyValueSpecification","valueRequired":true,"valueName":"search_term_string"}}],"inLanguage":"fr-FR"}]}},"jetpack_sharing_enabled":true,"_links":{"self":[{"href":"https:\/\/cumse.org\/fr\/wp-json\/wp\/v2\/pages\/5184","targetHints":{"allow":["GET"]}}],"collection":[{"href":"https:\/\/cumse.org\/fr\/wp-json\/wp\/v2\/pages"}],"about":[{"href":"https:\/\/cumse.org\/fr\/wp-json\/wp\/v2\/types\/page"}],"author":[{"embeddable":true,"href":"https:\/\/cumse.org\/fr\/wp-json\/wp\/v2\/users\/1"}],"replies":[{"embeddable":true,"href":"https:\/\/cumse.org\/fr\/wp-json\/wp\/v2\/comments?post=5184"}],"version-history":[{"count":0,"href":"https:\/\/cumse.org\/fr\/wp-json\/wp\/v2\/pages\/5184\/revisions"}],"wp:attachment":[{"href":"https:\/\/cumse.org\/fr\/wp-json\/wp\/v2\/media?parent=5184"}],"curies":[{"name":"wp","href":"https:\/\/api.w.org\/{rel}","templated":true}]}}