{"id":4849,"date":"2021-03-08T17:46:26","date_gmt":"2021-03-08T16:46:26","guid":{"rendered":"https:\/\/cumse.org\/?page_id=4849"},"modified":"2023-02-10T11:08:35","modified_gmt":"2023-02-10T10:08:35","slug":"donne-di-marza","status":"publish","type":"page","link":"https:\/\/cumse.org\/fr\/donne-di-marza\/","title":{"rendered":"L&#8217;emancipazione femminile passa anche attraverso un semplice gesto! Donne di Marza"},"content":{"rendered":"<div class=\"vc_row wpb_row vc_row-fluid vc_custom_1615222185715\"><div class=\"wpb_column col-md-12\"><div class=\"vc_column-inner\"><div class=\"wpb_wrapper\">\n\t<div  class=\"wpb_single_image wpb_content_element vc_align_left\">\n\t\t\n\t\t<figure class=\"wpb_wrapper vc_figure\">\n\t\t\t<div class=\"vc_single_image-wrapper   vc_box_border_grey\"><img loading=\"lazy\" decoding=\"async\" width=\"1920\" height=\"739\" src=\"https:\/\/i0.wp.com\/cumse.org\/wp-content\/uploads\/2021\/06\/condizionedonnacamerun.png?fit=1920%2C739&amp;ssl=1\" class=\"vc_single_image-img attachment-full\" alt=\"\" srcset=\"https:\/\/i0.wp.com\/cumse.org\/wp-content\/uploads\/2021\/06\/condizionedonnacamerun.png?w=1920&amp;ssl=1 1920w, https:\/\/i0.wp.com\/cumse.org\/wp-content\/uploads\/2021\/06\/condizionedonnacamerun.png?resize=1200%2C462&amp;ssl=1 1200w, https:\/\/i0.wp.com\/cumse.org\/wp-content\/uploads\/2021\/06\/condizionedonnacamerun.png?resize=300%2C115&amp;ssl=1 300w, https:\/\/i0.wp.com\/cumse.org\/wp-content\/uploads\/2021\/06\/condizionedonnacamerun.png?resize=1024%2C394&amp;ssl=1 1024w, https:\/\/i0.wp.com\/cumse.org\/wp-content\/uploads\/2021\/06\/condizionedonnacamerun.png?resize=768%2C296&amp;ssl=1 768w, https:\/\/i0.wp.com\/cumse.org\/wp-content\/uploads\/2021\/06\/condizionedonnacamerun.png?resize=1536%2C591&amp;ssl=1 1536w, https:\/\/i0.wp.com\/cumse.org\/wp-content\/uploads\/2021\/06\/condizionedonnacamerun.png?w=1280&amp;ssl=1 1280w\" sizes=\"auto, (max-width: 640px) 100vw, 640px\" \/><\/div>\n\t\t<\/figure>\n\t<\/div>\n\n\t<div class=\"wpb_text_column wpb_content_element\" >\n\t\t<div class=\"wpb_wrapper\">\n\t\t\t<h1 style=\"text-align: center;\"><span style=\"font-size: 36pt;\">DIVENTA ARTEFICE DEL CAMBIAMENTO DELLA CONDIZIONE DELLA DONNA IN CAMERUN<\/span><\/h1>\n\n\t\t<\/div>\n\t<\/div>\n<\/div><\/div><\/div><\/div><div class=\"vc_row wpb_row vc_row-fluid vc_custom_1615222208408\"><div class=\"wpb_column col-md-3\"><div class=\"vc_column-inner vc_custom_1615222257145\"><div class=\"wpb_wrapper\">\n\t<div  class=\"wpb_single_image wpb_content_element vc_align_left\">\n\t\t\n\t\t<figure class=\"wpb_wrapper vc_figure\">\n\t\t\t<div class=\"vc_single_image-wrapper   vc_box_border_grey\"><img loading=\"lazy\" decoding=\"async\" width=\"755\" height=\"868\" src=\"https:\/\/i0.wp.com\/cumse.org\/wp-content\/uploads\/2021\/03\/giovanna-darco.jpg?fit=755%2C868&amp;ssl=1\" class=\"vc_single_image-img attachment-full\" alt=\"\" srcset=\"https:\/\/i0.wp.com\/cumse.org\/wp-content\/uploads\/2021\/03\/giovanna-darco.jpg?w=755&amp;ssl=1 755w, https:\/\/i0.wp.com\/cumse.org\/wp-content\/uploads\/2021\/03\/giovanna-darco.jpg?resize=200%2C230&amp;ssl=1 200w, https:\/\/i0.wp.com\/cumse.org\/wp-content\/uploads\/2021\/03\/giovanna-darco.jpg?resize=261%2C300&amp;ssl=1 261w\" sizes=\"auto, (max-width: 640px) 100vw, 640px\" \/><\/div>\n\t\t<\/figure>\n\t<\/div>\n<\/div><\/div><\/div><div class=\"wpb_column col-md-9\"><div class=\"vc_column-inner\"><div class=\"wpb_wrapper\">\n\t<div class=\"wpb_text_column wpb_content_element\" >\n\t\t<div class=\"wpb_wrapper\">\n\t\t\t<h2><span style=\"font-weight: 400;\">HAVRE DE L&#8217;ESPERANCE DEL SAINTE JEANNE D&#8217;ARC<\/span><\/h2>\n<hr \/>\n<p>L\u2019obiettivo\u00a0 del Progetto di Emancipazione Femminile di Marza \u00e8 riuscire a donare una maggiore autonomia alla donna, anche dal punto di vista lavorativo, nonch\u00e9 darle la possibilit\u00e0 e la libert\u00e0 di poter decidere del proprio futuro.<br \/>\nAl momento il rifugio si occupa di 14 ragazze, ma la struttura \u00e8 abilitata in modo da poterne contenere 25. I costi, ahim\u00e8, sono alti. L\u2019iscrizione al liceo comporta 200 euro a persona ed ora, solo due ragazze possono permetterselo.<\/p>\n\n\t\t<\/div>\n\t<\/div>\n<\/div><\/div><\/div><\/div><div class=\"vc_row wpb_row vc_row-fluid vc_custom_1615222384333\"><div class=\"wpb_column col-md-12\"><div class=\"vc_column-inner\"><div class=\"wpb_wrapper\">\n\t<div class=\"wpb_text_column wpb_content_element\" >\n\t\t<div class=\"wpb_wrapper\">\n\t\t\t<h2>UN PASSO VERSO L&#8217;UGUAGLIANZA DI GENERE<\/h2>\n<hr \/>\n<p>Siamo lontani dall\u2019uguaglianza di genere in Africa, eppure nonostante la donna sia evidentemente importante nel continente africano, non le viene donata ancor oggi una corretta istruzione e formazione.<br \/>\nGrazie al Progetto di Emancipazione Femminile di Marza possiamo aiutare queste giovani ragazze ad ottenere la cultura che necessitano per poter raggiungere la libert\u00e0 di pensiero e di azione che meritano!<\/p>\n<hr \/>\n<h2><strong>Diventa l&#8217;artefice di questo cambiamento!<br \/>\nAiuta Suor Nicole a raggiungere questo rivoluzionario obiettivo.<\/strong><\/h2>\n\n\t\t<\/div>\n\t<\/div>\n<\/div><\/div><\/div><\/div><div class=\"vc_row wpb_row vc_row-fluid vc_custom_1615222404334\"><div class=\"wpb_column col-md-12\"><div class=\"vc_column-inner\"><div class=\"wpb_wrapper\"><div class=\"vc_btn3-container vc_btn3-center\" >\n\t<button class=\"vc_general vc_btn3 vc_btn3-size-lg vc_btn3-shape-rounded vc_btn3-style-modern vc_btn3-block vc_btn3-icon-left vc_btn3-color-danger\"><i class=\"vc_btn3-icon entypo-icon entypo-icon-heart\"><\/i> COMPI UN GESTO RIVOLUZIONARIO - FAI LA TUA DONAZIONE - IBAN: IT 12 O 05216 32930 000000003003<\/button><\/div>\n<\/div><\/div><\/div><\/div>","protected":false},"excerpt":{"rendered":"DIVENTA ARTEFICE DEL CAMBIAMENTO DELLA CONDIZIONE DELLA DONNA IN CAMERUN HAVRE DE L'ESPERANCE DEL SAINTE JEANNE D'ARC L\u2019obiettivo\u00a0 del Progetto di Emancipazione Femminile di Marza \u00e8 riuscire a donare una maggiore autonomia alla donna, anche dal punto di vista lavorativo, nonch\u00e9 darle la possibilit\u00e0 e la libert\u00e0 di poter decidere del proprio futuro. Al momento [...]","protected":false},"author":1,"featured_media":0,"parent":0,"menu_order":0,"comment_status":"closed","ping_status":"closed","template":"homepage-template.php","meta":{"footnotes":""},"class_list":["post-4849","page","type-page","status-publish","hentry"],"yoast_head":"<!-- This site is optimized with the Yoast SEO plugin v27.3 - https:\/\/yoast.com\/product\/yoast-seo-wordpress\/ -->\n<title>L&#039;emancipazione femminile passa anche attraverso un semplice gesto! Donne di Marza - Fondazione Cumse ETS<\/title>\n<meta name=\"robots\" content=\"index, follow, max-snippet:-1, max-image-preview:large, max-video-preview:-1\" \/>\n<link rel=\"canonical\" href=\"https:\/\/cumse.org\/fr\/donne-di-marza\/\" \/>\n<meta property=\"og:locale\" content=\"fr_FR\" \/>\n<meta property=\"og:type\" content=\"article\" \/>\n<meta property=\"og:title\" content=\"L&#039;emancipazione femminile passa anche attraverso un semplice gesto! Donne di Marza - Fondazione Cumse ETS\" \/>\n<meta property=\"og:url\" content=\"https:\/\/cumse.org\/fr\/donne-di-marza\/\" \/>\n<meta property=\"og:site_name\" content=\"Fondazione Cumse ETS\" \/>\n<meta property=\"article:modified_time\" content=\"2023-02-10T10:08:35+00:00\" \/>\n<meta name=\"twitter:card\" content=\"summary_large_image\" \/>\n<meta name=\"twitter:label1\" content=\"Dur\u00e9e de lecture estim\u00e9e\" \/>\n\t<meta name=\"twitter:data1\" content=\"2 minutes\" \/>\n<script type=\"application\/ld+json\" class=\"yoast-schema-graph\">{\"@context\":\"https:\\\/\\\/schema.org\",\"@graph\":[{\"@type\":\"WebPage\",\"@id\":\"https:\\\/\\\/cumse.org\\\/donne-di-marza\\\/\",\"url\":\"https:\\\/\\\/cumse.org\\\/donne-di-marza\\\/\",\"name\":\"L'emancipazione femminile passa anche attraverso un semplice gesto! Donne di Marza - Fondazione Cumse ETS\",\"isPartOf\":{\"@id\":\"https:\\\/\\\/cumse.org\\\/#website\"},\"datePublished\":\"2021-03-08T16:46:26+00:00\",\"dateModified\":\"2023-02-10T10:08:35+00:00\",\"breadcrumb\":{\"@id\":\"https:\\\/\\\/cumse.org\\\/donne-di-marza\\\/#breadcrumb\"},\"inLanguage\":\"fr-FR\",\"potentialAction\":[{\"@type\":\"ReadAction\",\"target\":[\"https:\\\/\\\/cumse.org\\\/donne-di-marza\\\/\"]}]},{\"@type\":\"BreadcrumbList\",\"@id\":\"https:\\\/\\\/cumse.org\\\/donne-di-marza\\\/#breadcrumb\",\"itemListElement\":[{\"@type\":\"ListItem\",\"position\":1,\"name\":\"Home\",\"item\":\"https:\\\/\\\/cumse.org\\\/\"},{\"@type\":\"ListItem\",\"position\":2,\"name\":\"L&#8217;emancipazione femminile passa anche attraverso un semplice gesto! Donne di Marza\"}]},{\"@type\":\"WebSite\",\"@id\":\"https:\\\/\\\/cumse.org\\\/#website\",\"url\":\"https:\\\/\\\/cumse.org\\\/\",\"name\":\"Fondazione Cumse ETS\",\"description\":\"Siamo dove gli altri distolgono lo sguardo\",\"potentialAction\":[{\"@type\":\"SearchAction\",\"target\":{\"@type\":\"EntryPoint\",\"urlTemplate\":\"https:\\\/\\\/cumse.org\\\/?s={search_term_string}\"},\"query-input\":{\"@type\":\"PropertyValueSpecification\",\"valueRequired\":true,\"valueName\":\"search_term_string\"}}],\"inLanguage\":\"fr-FR\"}]}<\/script>\n<!-- \/ Yoast SEO plugin. -->","yoast_head_json":{"title":"L'emancipazione femminile passa anche attraverso un semplice gesto! Donne di Marza - Fondazione Cumse ETS","robots":{"index":"index","follow":"follow","max-snippet":"max-snippet:-1","max-image-preview":"max-image-preview:large","max-video-preview":"max-video-preview:-1"},"canonical":"https:\/\/cumse.org\/fr\/donne-di-marza\/","og_locale":"fr_FR","og_type":"article","og_title":"L'emancipazione femminile passa anche attraverso un semplice gesto! Donne di Marza - Fondazione Cumse ETS","og_url":"https:\/\/cumse.org\/fr\/donne-di-marza\/","og_site_name":"Fondazione Cumse ETS","article_modified_time":"2023-02-10T10:08:35+00:00","twitter_card":"summary_large_image","twitter_misc":{"Dur\u00e9e de lecture estim\u00e9e":"2 minutes"},"schema":{"@context":"https:\/\/schema.org","@graph":[{"@type":"WebPage","@id":"https:\/\/cumse.org\/donne-di-marza\/","url":"https:\/\/cumse.org\/donne-di-marza\/","name":"L'emancipazione femminile passa anche attraverso un semplice gesto! Donne di Marza - Fondazione Cumse ETS","isPartOf":{"@id":"https:\/\/cumse.org\/#website"},"datePublished":"2021-03-08T16:46:26+00:00","dateModified":"2023-02-10T10:08:35+00:00","breadcrumb":{"@id":"https:\/\/cumse.org\/donne-di-marza\/#breadcrumb"},"inLanguage":"fr-FR","potentialAction":[{"@type":"ReadAction","target":["https:\/\/cumse.org\/donne-di-marza\/"]}]},{"@type":"BreadcrumbList","@id":"https:\/\/cumse.org\/donne-di-marza\/#breadcrumb","itemListElement":[{"@type":"ListItem","position":1,"name":"Home","item":"https:\/\/cumse.org\/"},{"@type":"ListItem","position":2,"name":"L&#8217;emancipazione femminile passa anche attraverso un semplice gesto! Donne di Marza"}]},{"@type":"WebSite","@id":"https:\/\/cumse.org\/#website","url":"https:\/\/cumse.org\/","name":"Fondazione Cumse ETS","description":"Siamo dove gli altri distolgono lo sguardo","potentialAction":[{"@type":"SearchAction","target":{"@type":"EntryPoint","urlTemplate":"https:\/\/cumse.org\/?s={search_term_string}"},"query-input":{"@type":"PropertyValueSpecification","valueRequired":true,"valueName":"search_term_string"}}],"inLanguage":"fr-FR"}]}},"jetpack_sharing_enabled":true,"_links":{"self":[{"href":"https:\/\/cumse.org\/fr\/wp-json\/wp\/v2\/pages\/4849","targetHints":{"allow":["GET"]}}],"collection":[{"href":"https:\/\/cumse.org\/fr\/wp-json\/wp\/v2\/pages"}],"about":[{"href":"https:\/\/cumse.org\/fr\/wp-json\/wp\/v2\/types\/page"}],"author":[{"embeddable":true,"href":"https:\/\/cumse.org\/fr\/wp-json\/wp\/v2\/users\/1"}],"replies":[{"embeddable":true,"href":"https:\/\/cumse.org\/fr\/wp-json\/wp\/v2\/comments?post=4849"}],"version-history":[{"count":0,"href":"https:\/\/cumse.org\/fr\/wp-json\/wp\/v2\/pages\/4849\/revisions"}],"wp:attachment":[{"href":"https:\/\/cumse.org\/fr\/wp-json\/wp\/v2\/media?parent=4849"}],"curies":[{"name":"wp","href":"https:\/\/api.w.org\/{rel}","templated":true}]}}