{"id":3009,"date":"2020-09-08T15:21:23","date_gmt":"2020-09-08T14:21:23","guid":{"rendered":"https:\/\/cumse.org\/?page_id=3009"},"modified":"2021-06-23T15:11:34","modified_gmt":"2021-06-23T14:11:34","slug":"fai-la-differenza","status":"publish","type":"page","link":"https:\/\/cumse.org\/fr\/fai-la-differenza\/","title":{"rendered":"Fai la differenza! &#8211; Essere volontari CUMSE"},"content":{"rendered":"<div class=\"vc_row wpb_row vc_row-fluid\"><div class=\"wpb_column col-md-12\"><div class=\"vc_column-inner\"><div class=\"wpb_wrapper\">\n\t<div  class=\"wpb_single_image wpb_content_element vc_align_left  vc_custom_1624271624805\">\n\t\t\n\t\t<figure class=\"wpb_wrapper vc_figure\">\n\t\t\t<div class=\"vc_single_image-wrapper   vc_box_border_grey\"><img loading=\"lazy\" decoding=\"async\" width=\"1920\" height=\"739\" src=\"https:\/\/i0.wp.com\/cumse.org\/wp-content\/uploads\/2021\/06\/fai-la-differenza.png?fit=1920%2C739&amp;ssl=1\" class=\"vc_single_image-img attachment-full\" alt=\"\" srcset=\"https:\/\/i0.wp.com\/cumse.org\/wp-content\/uploads\/2021\/06\/fai-la-differenza.png?w=1920&amp;ssl=1 1920w, https:\/\/i0.wp.com\/cumse.org\/wp-content\/uploads\/2021\/06\/fai-la-differenza.png?resize=1200%2C462&amp;ssl=1 1200w, https:\/\/i0.wp.com\/cumse.org\/wp-content\/uploads\/2021\/06\/fai-la-differenza.png?resize=300%2C115&amp;ssl=1 300w, https:\/\/i0.wp.com\/cumse.org\/wp-content\/uploads\/2021\/06\/fai-la-differenza.png?resize=1024%2C394&amp;ssl=1 1024w, https:\/\/i0.wp.com\/cumse.org\/wp-content\/uploads\/2021\/06\/fai-la-differenza.png?resize=768%2C296&amp;ssl=1 768w, https:\/\/i0.wp.com\/cumse.org\/wp-content\/uploads\/2021\/06\/fai-la-differenza.png?resize=1536%2C591&amp;ssl=1 1536w, https:\/\/i0.wp.com\/cumse.org\/wp-content\/uploads\/2021\/06\/fai-la-differenza.png?w=1280&amp;ssl=1 1280w\" sizes=\"auto, (max-width: 640px) 100vw, 640px\" \/><\/div>\n\t\t<\/figure>\n\t<\/div>\n\n\t<div class=\"wpb_text_column wpb_content_element\" >\n\t\t<div class=\"wpb_wrapper\">\n\t\t\t<h1 class=\"wp-block-heading\" style=\"text-align: center;\"><span style=\"font-size: 36pt;\">ESSERE VOLONTARI CUMSE<\/span><\/h1>\n<h3><img data-recalc-dims=\"1\" decoding=\"async\" src=\"https:\/\/i0.wp.com\/www.cumse.org\/old\/public\/Immagini\/FRECCINA.jpg?w=640&#038;ssl=1\" alt=\"\" \/>\u00a0VOLONTARI\u2026 per \u201cfabbricare sopra le stelle\u201d<\/h3>\n<p>Il volontariato rappresenta il cuore pulsante di CUMSE, \u00e8 il motore che fa muovere tutto!<br \/>Per un&#8217;associazione non profit costituisce una risorsa essenziale: per CUMSE che, nel vasto panorama del Terzo Settore rappresenta una realt\u00e0 di dimensioni ridotte, risulta essere ancora di pi\u00f9 una componente fondamentale!<\/p>\n<h3><img data-recalc-dims=\"1\" decoding=\"async\" src=\"https:\/\/i0.wp.com\/www.cumse.org\/old\/public\/Immagini\/FRECCINA.jpg?w=640&#038;ssl=1\" alt=\"\" \/>\u00a0Ma chi sono i volontari CUMSE?<\/h3>\n<p>Sono tutti coloro che condividono i valori e i sogni di CUMSE e che, come singoli, famiglie o gruppi, si attivano sul proprio territorio di residenza mobilitando amici, parenti e conoscenti per promuovere azioni di sensibilizzazione e iniziative di raccolta fondi a sostegno dei progetti CUMSE.<br \/>I volontari sono quindi i principali protagonisti nell\u2019azione di diffusione di una cultura della solidariet\u00e0 costruttiva, la base di tutti i progetti di cooperazione e sviluppo in Africa.<\/p>\n<h3><img data-recalc-dims=\"1\" decoding=\"async\" src=\"https:\/\/i0.wp.com\/www.cumse.org\/old\/public\/Immagini\/FRECCINA.jpg?w=640&#038;ssl=1\" alt=\"\" \/>\u00a0Lo Spirito del Volontatario CUMSE<\/h3>\n<p>Il volontario CUMSE \u00e8 aperto all\u2019interculturalit\u00e0 e ha un profondo rispetto della dignit\u00e0 della persona umana. La sua azione \u00e8 guidata da tre valori chiave: Rispetto per ogni persona ; Servizio gratuito; Spirito di solidariet\u00e0.<\/p>\n<h2>L&#8217;azione del volontario CUMSE si ispira a 5 principi fondamentali:<\/h2>\n<p>&nbsp;<\/p>\n<figure class=\"wp-block-table\">\n<table>\n<tbody>\n<tr>\n<td>\n<p><img data-recalc-dims=\"1\" decoding=\"async\" src=\"https:\/\/i0.wp.com\/www.cumse.org\/old\/public\/Immagini\/FRECCINA.jpg?w=640&#038;ssl=1\" alt=\"\" \/>\u00a0<strong>Etica della responsabilit\u00e0:<\/strong><br \/>il volontario Cumse non delega ma agisce in prima persona.<\/p>\n<p><img data-recalc-dims=\"1\" decoding=\"async\" src=\"https:\/\/i0.wp.com\/www.cumse.org\/old\/public\/Immagini\/FRECCINA.jpg?w=640&#038;ssl=1\" alt=\"\" \/>\u00a0<strong>Etica\u00a0del dono:<\/strong><br \/>il volontario dona il suo tempo, le sue competenza, il suo ingegno<\/p>\n<p><img data-recalc-dims=\"1\" decoding=\"async\" src=\"https:\/\/i0.wp.com\/www.cumse.org\/old\/public\/Immagini\/FRECCINA.jpg?w=640&#038;ssl=1\" alt=\"\" \/>\u00a0<strong>Etica\u00a0del servizio<\/strong>\u00a0si adopera per un servizio solerte e disinteressato.<\/p>\n<p><img data-recalc-dims=\"1\" decoding=\"async\" src=\"https:\/\/i0.wp.com\/www.cumse.org\/old\/public\/Immagini\/FRECCINA.jpg?w=640&#038;ssl=1\" alt=\"\" \/>\u00a0<strong>Etica\u00a0della formazione:<\/strong><br \/>impegno per una crescita motivazionale e operativa.<\/p>\n<p><img data-recalc-dims=\"1\" decoding=\"async\" src=\"https:\/\/i0.wp.com\/www.cumse.org\/old\/public\/Immagini\/FRECCINA.jpg?w=640&#038;ssl=1\" alt=\"\" \/>\u00a0<strong>Etica\u00a0della speranza:<\/strong><br \/>fiducia nel futuro perch\u00e9 si crede che il cambiamento sia possibile.<\/p>\n<\/td>\n<td><img data-recalc-dims=\"1\" decoding=\"async\" src=\"https:\/\/i0.wp.com\/www.cumse.org\/old\/public\/Immagini\/medici%20in%20africa.jpg?w=640&#038;ssl=1\" alt=\"\" \/><\/td>\n<\/tr>\n<\/tbody>\n<\/table>\n<\/figure>\n<p>&nbsp;<\/p>\n<h2 class=\"wp-block-heading\">Fai conoscere Cumse!<\/h2>\n<p>Parlane con i tuoi amici, regala le nostre brochure, costruisci un \u201ccorner Cumse\u201d nel tuo luogo di lavoro!<br \/>Cumse ti metter\u00e0 a disposizione tutto il materiale informativo di cui hai bisogno.<\/p>\n<p>Promuovi Cumse: ti chiediamo di aiutarci a far conoscere ai tuoi amici, familiari, colleghi e conoscenti i nostri progetti e le nostre attivit\u00e0. Come farlo? Semplicemente facendo rete!<\/p>\n<p>Ecco alcune idee e proposte per promuovere i progetti e le attivit\u00e0 di Cumse:<\/p>\n<p><img data-recalc-dims=\"1\" decoding=\"async\" src=\"https:\/\/i0.wp.com\/www.cumse.org\/old\/public\/Immagini\/FRECCINA.jpg?w=640&#038;ssl=1\" alt=\"\" \/>\u00a0Hai una sito\u00a0web personale o un sito aziendale?<br \/>Puoi inserire il link del nostro sito e aggiungere il <a href=\"https:\/\/cumse.org\/fr\/\">logo Cumse.<\/a><\/p>\n<p><img data-recalc-dims=\"1\" decoding=\"async\" src=\"https:\/\/i0.wp.com\/www.cumse.org\/old\/public\/Immagini\/FRECCINA.jpg?w=640&#038;ssl=1\" alt=\"\" \/>\u00a0Sei su Facebook?<br \/>Unisciti al<a href=\"https:\/\/www.facebook.com\/fondazionecumse\"><strong> Gruppo Cumse<\/strong><\/a> e invita i\u00a0tuoi amici, promuovi e i nostri eventi.<\/p>\n<p><img data-recalc-dims=\"1\" decoding=\"async\" src=\"https:\/\/i0.wp.com\/www.cumse.org\/old\/public\/Immagini\/FRECCINA.jpg?w=640&#038;ssl=1\" alt=\"\" \/>\u00a0Chiedi di essere inserito nella <strong>mailing list di Cumse<\/strong><br \/>e invita i tuoi contatti a farlo pubblicizzando via mail le nostre iniziative.<\/p>\n<p>Se hai altri suggerimenti per promuovere l\u2019attivit\u00e0 di Cumse scrivici: segreteria@cumse.it<br \/>Grazie!<\/p>\n<p>&nbsp;<\/p>\n\n\t\t<\/div>\n\t<\/div>\n<\/div><\/div><\/div><\/div>","protected":false},"excerpt":{"rendered":"ESSERE VOLONTARI CUMSE \u00a0VOLONTARI\u2026 per \u201cfabbricare sopra le stelle\u201d Il volontariato rappresenta il cuore pulsante di CUMSE, \u00e8 il motore che fa muovere tutto!Per un'associazione non profit costituisce una risorsa essenziale: per CUMSE che, nel vasto panorama del Terzo Settore rappresenta una realt\u00e0 di dimensioni ridotte, risulta essere ancora di pi\u00f9 una componente fondamentale! \u00a0Ma [...]","protected":false},"author":1,"featured_media":0,"parent":0,"menu_order":0,"comment_status":"closed","ping_status":"closed","template":"homepage-template.php","meta":{"footnotes":""},"class_list":["post-3009","page","type-page","status-publish","hentry"],"yoast_head":"<!-- This site is optimized with the Yoast SEO plugin v27.3 - https:\/\/yoast.com\/product\/yoast-seo-wordpress\/ -->\n<title>Volontari per Fondazione Cumse ETS - Fai anche tu la differenza!<\/title>\n<meta name=\"description\" content=\"Volontari per Fondazione CUMSE Ong. Entra anche tu a far parte della nostra squadra! - Fondazione Cumse ETS pensa sempre al prossimo.\" \/>\n<meta name=\"robots\" content=\"index, follow, max-snippet:-1, max-image-preview:large, max-video-preview:-1\" \/>\n<link rel=\"canonical\" href=\"https:\/\/cumse.org\/fr\/fai-la-differenza\/\" \/>\n<meta property=\"og:locale\" content=\"fr_FR\" \/>\n<meta property=\"og:type\" content=\"article\" \/>\n<meta property=\"og:title\" content=\"Volontari per Fondazione Cumse ETS - Fai anche tu la differenza!\" \/>\n<meta property=\"og:description\" content=\"Volontari per Fondazione CUMSE Ong. Entra anche tu a far parte della nostra squadra! - Fondazione Cumse ETS pensa sempre al prossimo.\" \/>\n<meta property=\"og:url\" content=\"https:\/\/cumse.org\/fr\/fai-la-differenza\/\" \/>\n<meta property=\"og:site_name\" content=\"Fondazione Cumse ETS\" \/>\n<meta property=\"article:modified_time\" content=\"2021-06-23T14:11:34+00:00\" \/>\n<meta property=\"og:image\" content=\"https:\/\/www.cumse.org\/old\/public\/Immagini\/FRECCINA.jpg\" \/>\n<meta name=\"twitter:card\" content=\"summary_large_image\" \/>\n<meta name=\"twitter:label1\" content=\"Dur\u00e9e de lecture estim\u00e9e\" \/>\n\t<meta name=\"twitter:data1\" content=\"5 minutes\" \/>\n<script type=\"application\/ld+json\" class=\"yoast-schema-graph\">{\"@context\":\"https:\\\/\\\/schema.org\",\"@graph\":[{\"@type\":\"WebPage\",\"@id\":\"https:\\\/\\\/cumse.org\\\/fai-la-differenza\\\/\",\"url\":\"https:\\\/\\\/cumse.org\\\/fai-la-differenza\\\/\",\"name\":\"Volontari per Fondazione Cumse ETS - Fai anche tu la differenza!\",\"isPartOf\":{\"@id\":\"https:\\\/\\\/cumse.org\\\/#website\"},\"primaryImageOfPage\":{\"@id\":\"https:\\\/\\\/cumse.org\\\/fai-la-differenza\\\/#primaryimage\"},\"image\":{\"@id\":\"https:\\\/\\\/cumse.org\\\/fai-la-differenza\\\/#primaryimage\"},\"thumbnailUrl\":\"https:\\\/\\\/www.cumse.org\\\/old\\\/public\\\/Immagini\\\/FRECCINA.jpg\",\"datePublished\":\"2020-09-08T14:21:23+00:00\",\"dateModified\":\"2021-06-23T14:11:34+00:00\",\"description\":\"Volontari per Fondazione CUMSE Ong. Entra anche tu a far parte della nostra squadra! - Fondazione Cumse ETS pensa sempre al prossimo.\",\"breadcrumb\":{\"@id\":\"https:\\\/\\\/cumse.org\\\/fai-la-differenza\\\/#breadcrumb\"},\"inLanguage\":\"fr-FR\",\"potentialAction\":[{\"@type\":\"ReadAction\",\"target\":[\"https:\\\/\\\/cumse.org\\\/fai-la-differenza\\\/\"]}]},{\"@type\":\"ImageObject\",\"inLanguage\":\"fr-FR\",\"@id\":\"https:\\\/\\\/cumse.org\\\/fai-la-differenza\\\/#primaryimage\",\"url\":\"https:\\\/\\\/www.cumse.org\\\/old\\\/public\\\/Immagini\\\/FRECCINA.jpg\",\"contentUrl\":\"https:\\\/\\\/www.cumse.org\\\/old\\\/public\\\/Immagini\\\/FRECCINA.jpg\"},{\"@type\":\"BreadcrumbList\",\"@id\":\"https:\\\/\\\/cumse.org\\\/fai-la-differenza\\\/#breadcrumb\",\"itemListElement\":[{\"@type\":\"ListItem\",\"position\":1,\"name\":\"Home\",\"item\":\"https:\\\/\\\/cumse.org\\\/\"},{\"@type\":\"ListItem\",\"position\":2,\"name\":\"Fai la differenza! &#8211; Essere volontari CUMSE\"}]},{\"@type\":\"WebSite\",\"@id\":\"https:\\\/\\\/cumse.org\\\/#website\",\"url\":\"https:\\\/\\\/cumse.org\\\/\",\"name\":\"Fondazione Cumse ETS\",\"description\":\"Siamo dove gli altri distolgono lo sguardo\",\"potentialAction\":[{\"@type\":\"SearchAction\",\"target\":{\"@type\":\"EntryPoint\",\"urlTemplate\":\"https:\\\/\\\/cumse.org\\\/?s={search_term_string}\"},\"query-input\":{\"@type\":\"PropertyValueSpecification\",\"valueRequired\":true,\"valueName\":\"search_term_string\"}}],\"inLanguage\":\"fr-FR\"}]}<\/script>\n<!-- \/ Yoast SEO plugin. -->","yoast_head_json":{"title":"Volontari per Fondazione Cumse ETS - Fai anche tu la differenza!","description":"Volontari per Fondazione CUMSE Ong. Entra anche tu a far parte della nostra squadra! - Fondazione Cumse ETS pensa sempre al prossimo.","robots":{"index":"index","follow":"follow","max-snippet":"max-snippet:-1","max-image-preview":"max-image-preview:large","max-video-preview":"max-video-preview:-1"},"canonical":"https:\/\/cumse.org\/fr\/fai-la-differenza\/","og_locale":"fr_FR","og_type":"article","og_title":"Volontari per Fondazione Cumse ETS - Fai anche tu la differenza!","og_description":"Volontari per Fondazione CUMSE Ong. Entra anche tu a far parte della nostra squadra! - Fondazione Cumse ETS pensa sempre al prossimo.","og_url":"https:\/\/cumse.org\/fr\/fai-la-differenza\/","og_site_name":"Fondazione Cumse ETS","article_modified_time":"2021-06-23T14:11:34+00:00","og_image":[{"url":"https:\/\/www.cumse.org\/old\/public\/Immagini\/FRECCINA.jpg","type":"","width":"","height":""}],"twitter_card":"summary_large_image","twitter_misc":{"Dur\u00e9e de lecture estim\u00e9e":"5 minutes"},"schema":{"@context":"https:\/\/schema.org","@graph":[{"@type":"WebPage","@id":"https:\/\/cumse.org\/fai-la-differenza\/","url":"https:\/\/cumse.org\/fai-la-differenza\/","name":"Volontari per Fondazione Cumse ETS - Fai anche tu la differenza!","isPartOf":{"@id":"https:\/\/cumse.org\/#website"},"primaryImageOfPage":{"@id":"https:\/\/cumse.org\/fai-la-differenza\/#primaryimage"},"image":{"@id":"https:\/\/cumse.org\/fai-la-differenza\/#primaryimage"},"thumbnailUrl":"https:\/\/www.cumse.org\/old\/public\/Immagini\/FRECCINA.jpg","datePublished":"2020-09-08T14:21:23+00:00","dateModified":"2021-06-23T14:11:34+00:00","description":"Volontari per Fondazione CUMSE Ong. Entra anche tu a far parte della nostra squadra! - Fondazione Cumse ETS pensa sempre al prossimo.","breadcrumb":{"@id":"https:\/\/cumse.org\/fai-la-differenza\/#breadcrumb"},"inLanguage":"fr-FR","potentialAction":[{"@type":"ReadAction","target":["https:\/\/cumse.org\/fai-la-differenza\/"]}]},{"@type":"ImageObject","inLanguage":"fr-FR","@id":"https:\/\/cumse.org\/fai-la-differenza\/#primaryimage","url":"https:\/\/www.cumse.org\/old\/public\/Immagini\/FRECCINA.jpg","contentUrl":"https:\/\/www.cumse.org\/old\/public\/Immagini\/FRECCINA.jpg"},{"@type":"BreadcrumbList","@id":"https:\/\/cumse.org\/fai-la-differenza\/#breadcrumb","itemListElement":[{"@type":"ListItem","position":1,"name":"Home","item":"https:\/\/cumse.org\/"},{"@type":"ListItem","position":2,"name":"Fai la differenza! &#8211; Essere volontari CUMSE"}]},{"@type":"WebSite","@id":"https:\/\/cumse.org\/#website","url":"https:\/\/cumse.org\/","name":"Fondazione Cumse ETS","description":"Siamo dove gli altri distolgono lo sguardo","potentialAction":[{"@type":"SearchAction","target":{"@type":"EntryPoint","urlTemplate":"https:\/\/cumse.org\/?s={search_term_string}"},"query-input":{"@type":"PropertyValueSpecification","valueRequired":true,"valueName":"search_term_string"}}],"inLanguage":"fr-FR"}]}},"jetpack_sharing_enabled":true,"_links":{"self":[{"href":"https:\/\/cumse.org\/fr\/wp-json\/wp\/v2\/pages\/3009","targetHints":{"allow":["GET"]}}],"collection":[{"href":"https:\/\/cumse.org\/fr\/wp-json\/wp\/v2\/pages"}],"about":[{"href":"https:\/\/cumse.org\/fr\/wp-json\/wp\/v2\/types\/page"}],"author":[{"embeddable":true,"href":"https:\/\/cumse.org\/fr\/wp-json\/wp\/v2\/users\/1"}],"replies":[{"embeddable":true,"href":"https:\/\/cumse.org\/fr\/wp-json\/wp\/v2\/comments?post=3009"}],"version-history":[{"count":0,"href":"https:\/\/cumse.org\/fr\/wp-json\/wp\/v2\/pages\/3009\/revisions"}],"wp:attachment":[{"href":"https:\/\/cumse.org\/fr\/wp-json\/wp\/v2\/media?parent=3009"}],"curies":[{"name":"wp","href":"https:\/\/api.w.org\/{rel}","templated":true}]}}