{"id":2587,"date":"2020-09-23T10:07:44","date_gmt":"2020-09-23T09:07:44","guid":{"rendered":"https:\/\/cumse.org\/?page_id=2587"},"modified":"2023-05-03T16:53:54","modified_gmt":"2023-05-03T15:53:54","slug":"progetti-civili","status":"publish","type":"page","link":"https:\/\/cumse.org\/fr\/progetti-civili\/","title":{"rendered":"PROJET CIVIL"},"content":{"rendered":"<div class=\"vc_row wpb_row vc_row-fluid vc_custom_1635501273648\"><div class=\"wpb_column col-md-12\"><div class=\"vc_column-inner\"><div class=\"wpb_wrapper\">\n\t<div  class=\"wpb_single_image wpb_content_element vc_align_left\">\n\t\t\n\t\t<figure class=\"wpb_wrapper vc_figure\">\n\t\t\t<div class=\"vc_single_image-wrapper   vc_box_border_grey\"><img loading=\"lazy\" decoding=\"async\" width=\"1920\" height=\"739\" src=\"https:\/\/i0.wp.com\/cumse.org\/wp-content\/uploads\/2021\/04\/progetti-civili.png?fit=1920%2C739&amp;ssl=1\" class=\"vc_single_image-img attachment-full\" alt=\"\" srcset=\"https:\/\/i0.wp.com\/cumse.org\/wp-content\/uploads\/2021\/04\/progetti-civili.png?w=1920&amp;ssl=1 1920w, https:\/\/i0.wp.com\/cumse.org\/wp-content\/uploads\/2021\/04\/progetti-civili.png?resize=1200%2C462&amp;ssl=1 1200w, https:\/\/i0.wp.com\/cumse.org\/wp-content\/uploads\/2021\/04\/progetti-civili.png?resize=300%2C115&amp;ssl=1 300w, https:\/\/i0.wp.com\/cumse.org\/wp-content\/uploads\/2021\/04\/progetti-civili.png?resize=1024%2C394&amp;ssl=1 1024w, https:\/\/i0.wp.com\/cumse.org\/wp-content\/uploads\/2021\/04\/progetti-civili.png?resize=768%2C296&amp;ssl=1 768w, https:\/\/i0.wp.com\/cumse.org\/wp-content\/uploads\/2021\/04\/progetti-civili.png?resize=1536%2C591&amp;ssl=1 1536w, https:\/\/i0.wp.com\/cumse.org\/wp-content\/uploads\/2021\/04\/progetti-civili.png?w=1280&amp;ssl=1 1280w\" sizes=\"auto, (max-width: 640px) 100vw, 640px\" \/><\/div>\n\t\t<\/figure>\n\t<\/div>\n<\/div><\/div><\/div><\/div><div class=\"vc_row wpb_row vc_row-fluid\"><div class=\"wpb_column col-md-12\"><div class=\"vc_column-inner\"><div class=\"wpb_wrapper\">\n\t<div class=\"wpb_text_column wpb_content_element\" >\n\t\t<div class=\"wpb_wrapper\">\n\t\t\t<h1><span style=\"color: #ff0000;\"><strong>PROJET MAMAMONDE<br \/>O\u00f9: Nkoabang-Yaound\u00e9, Cameroun<\/strong><\/span><\/h1>\n\n\t\t<\/div>\n\t<\/div>\n<\/div><\/div><\/div><\/div><div class=\"vc_row wpb_row vc_row-fluid\"><div class=\"wpb_column col-md-12\"><div class=\"vc_column-inner\"><div class=\"wpb_wrapper\">\n\t<div  class=\"wpb_single_image wpb_content_element vc_align_center\">\n\t\t\n\t\t<figure class=\"wpb_wrapper vc_figure\">\n\t\t\t<div class=\"vc_single_image-wrapper   vc_box_border_grey\"><img loading=\"lazy\" decoding=\"async\" width=\"650\" height=\"173\" src=\"https:\/\/i0.wp.com\/cumse.org\/wp-content\/uploads\/2021\/04\/costruzione-orfanotrofio-in-africa.png?fit=650%2C173&amp;ssl=1\" class=\"vc_single_image-img attachment-full\" alt=\"\" srcset=\"https:\/\/i0.wp.com\/cumse.org\/wp-content\/uploads\/2021\/04\/costruzione-orfanotrofio-in-africa.png?w=650&amp;ssl=1 650w, https:\/\/i0.wp.com\/cumse.org\/wp-content\/uploads\/2021\/04\/costruzione-orfanotrofio-in-africa.png?resize=200%2C53&amp;ssl=1 200w, https:\/\/i0.wp.com\/cumse.org\/wp-content\/uploads\/2021\/04\/costruzione-orfanotrofio-in-africa.png?resize=300%2C80&amp;ssl=1 300w\" sizes=\"auto, (max-width: 640px) 100vw, 640px\" \/><\/div>\n\t\t<\/figure>\n\t<\/div>\n<\/div><\/div><\/div><\/div><div class=\"vc_row wpb_row vc_row-fluid\"><div class=\"wpb_column col-md-12\"><div class=\"vc_column-inner\"><div class=\"wpb_wrapper\">\n\t<div class=\"wpb_text_column wpb_content_element\" >\n\t\t<div class=\"wpb_wrapper\">\n\t\t\t<p style=\"text-align: justify;\"><span style=\"font-size: 12pt;\">Le projet est n\u00e9 de la rencontre de quatre amis de Vicence : Carla, Nicola, Antonella et Paolo.<\/span><\/p>\n<p><span style=\"font-size: 12pt;\">L'exp\u00e9rience a commenc\u00e9 en novembre 2009 \u00e0 Nkoabang, la premi\u00e8re banlieue de Yaound\u00e9, au Cameroun, o\u00f9 les quatre voyageurs ont connu les conditions de vie difficiles des locaux. L'attention s'est surtout port\u00e9e sur la situation des orphelins du village, et en particulier de ces 52 enfants qui vivent encore dans une cabane ne d\u00e9passant pas 70 m\u00e8tres carr\u00e9s ... et comme cela arrive souvent, quand on rencontre certaines r\u00e9alit\u00e9s, il n'y en a pas n'y a plus de place pour l'indiff\u00e9rence.<\/span><\/p>\n<p><span style=\"font-size: 12pt;\">A partir de ce moment, ils se sont associ\u00e9s pour soutenir un projet en leur faveur, rejoignant la Fondation Cumse Onlus, d\u00e9j\u00e0 engag\u00e9e depuis de nombreuses ann\u00e9es dans des projets de coop\u00e9ration et de d\u00e9veloppement en Afrique. Le projet MAMAMONDE a pour but de donner aux enfants orphelins de Nkoabang :<\/span><br \/><span style=\"font-size: 12pt;\">\u2022 UNE MAISON<\/span><br \/><span style=\"font-size: 12pt;\">\u2022 SOINS AD\u00c9QUATS<\/span><br \/><span style=\"font-size: 12pt;\">\u2022 UNE FORMATION SCOLAIRE<\/span><br \/><span style=\"font-size: 12pt;\">qui, avec l'affection d'adultes responsables, permettra aux enfants de grandir dans leur Afrique, devenant des hommes et des femmes capables de vivre pleinement leur vie.<\/span><\/p>\n<p>Le village de Nkoabang est situ\u00e9 sous l'administration de Nkolafamba, \u00e0 la p\u00e9riph\u00e9rie Est de la capitale Yaound\u00e9. Environ 15 000 personnes vivent \u00e0 Nkoabang, dont beaucoup sont orphelines. Les besoins de ces enfants sont les plus vari\u00e9s : des repas aux v\u00eatements, des soins m\u00e9dicaux \u00e0 la possibilit\u00e9 d'aller \u00e0 l'\u00e9cole, du jeu \u00e0 la chaleur d'un c\u00e2lin. L'orphelinat est actuellement op\u00e9rationnel.<\/p>\n\n\t\t<\/div>\n\t<\/div>\n<\/div><\/div><\/div><\/div><div class=\"vc_row wpb_row vc_row-fluid\"><div class=\"wpb_column col-md-12\"><div class=\"vc_column-inner\"><div class=\"wpb_wrapper\">\n\t<div  class=\"wpb_single_image wpb_content_element vc_align_center\">\n\t\t\n\t\t<figure class=\"wpb_wrapper vc_figure\">\n\t\t\t<div class=\"vc_single_image-wrapper   vc_box_border_grey\"><img loading=\"lazy\" decoding=\"async\" width=\"634\" height=\"276\" src=\"https:\/\/i0.wp.com\/cumse.org\/wp-content\/uploads\/2021\/04\/ORFANOTROFIO-IN-CAMEROUN.jpg?fit=634%2C276&amp;ssl=1\" class=\"vc_single_image-img attachment-full\" alt=\"\" srcset=\"https:\/\/i0.wp.com\/cumse.org\/wp-content\/uploads\/2021\/04\/ORFANOTROFIO-IN-CAMEROUN.jpg?w=634&amp;ssl=1 634w, https:\/\/i0.wp.com\/cumse.org\/wp-content\/uploads\/2021\/04\/ORFANOTROFIO-IN-CAMEROUN.jpg?resize=200%2C87&amp;ssl=1 200w, https:\/\/i0.wp.com\/cumse.org\/wp-content\/uploads\/2021\/04\/ORFANOTROFIO-IN-CAMEROUN.jpg?resize=300%2C131&amp;ssl=1 300w\" sizes=\"auto, (max-width: 634px) 100vw, 634px\" \/><\/div>\n\t\t<\/figure>\n\t<\/div>\n<\/div><\/div><\/div><\/div><div class=\"vc_row wpb_row vc_row-fluid\"><div class=\"wpb_column col-md-12\"><div class=\"vc_column-inner\"><div class=\"wpb_wrapper\"><div class=\"vc_separator wpb_content_element vc_separator_align_center vc_sep_width_100 vc_sep_border_width_6 vc_sep_pos_align_center vc_separator_no_text\" ><span class=\"vc_sep_holder vc_sep_holder_l\"><span  style=\"border-color:#ff0000;\" class=\"vc_sep_line\"><\/span><\/span><span class=\"vc_sep_holder vc_sep_holder_r\"><span  style=\"border-color:#ff0000;\" class=\"vc_sep_line\"><\/span><\/span>\n<\/div><\/div><\/div><\/div><\/div><div class=\"vc_row wpb_row vc_row-fluid\"><div class=\"wpb_column col-md-12\"><div class=\"vc_column-inner\"><div class=\"wpb_wrapper\">\n\t<div class=\"wpb_text_column wpb_content_element\" >\n\t\t<div class=\"wpb_wrapper\">\n\t\t\t<h1><span style=\"color: #ff0000;\"><strong>PROJET GOUTTE - Puits pour la vie.<br \/>Plus de 30 puits diss\u00e9min\u00e9s sur tout le territoire camerounais.<\/strong><\/span><\/h1>\n\n\t\t<\/div>\n\t<\/div>\n<\/div><\/div><\/div><\/div><div class=\"vc_row wpb_row vc_row-fluid\"><div class=\"wpb_column col-md-12\"><div class=\"vc_column-inner\"><div class=\"wpb_wrapper\">\n\t<div  class=\"wpb_single_image wpb_content_element vc_align_center\">\n\t\t\n\t\t<figure class=\"wpb_wrapper vc_figure\">\n\t\t\t<div class=\"vc_single_image-wrapper   vc_box_border_grey\"><img loading=\"lazy\" decoding=\"async\" width=\"702\" height=\"173\" src=\"https:\/\/i0.wp.com\/cumse.org\/wp-content\/uploads\/2021\/04\/pozzi-in-africa.png?fit=702%2C173&amp;ssl=1\" class=\"vc_single_image-img attachment-full\" alt=\"\" srcset=\"https:\/\/i0.wp.com\/cumse.org\/wp-content\/uploads\/2021\/04\/pozzi-in-africa.png?w=702&amp;ssl=1 702w, https:\/\/i0.wp.com\/cumse.org\/wp-content\/uploads\/2021\/04\/pozzi-in-africa.png?resize=200%2C49&amp;ssl=1 200w, https:\/\/i0.wp.com\/cumse.org\/wp-content\/uploads\/2021\/04\/pozzi-in-africa.png?resize=300%2C74&amp;ssl=1 300w\" sizes=\"auto, (max-width: 640px) 100vw, 640px\" \/><\/div>\n\t\t<\/figure>\n\t<\/div>\n<\/div><\/div><\/div><\/div><div class=\"vc_row wpb_row vc_row-fluid\"><div class=\"wpb_column col-md-12\"><div class=\"vc_column-inner\"><div class=\"wpb_wrapper\">\n\t<div class=\"wpb_text_column wpb_content_element\" >\n\t\t<div class=\"wpb_wrapper\">\n\t\t\t<p style=\"text-align: justify;\"><span style=\"font-size: 12pt;\">Le manque d'eau potable est un probl\u00e8me de plus en plus urgent pour les villages africains : des milliers de familles et d'enfants sont opprim\u00e9s par de graves maladies li\u00e9es \u00e0 la d\u00e9shydratation et aux infections caus\u00e9es par l'ingestion d'eau sale et contamin\u00e9e.<\/span><\/p>\n<p><span style=\"font-size: 12pt;\"><!-- \/wp:post-content --><\/span><\/p>\n<p style=\"text-align: justify;\"><span style=\"font-size: 12pt;\"><!-- wp:paragraph -->Le projet Goccia vise \u00e0 r\u00e9duire la mortalit\u00e9 et l'incidence des maladies gastro-intestinales dans les familles et en particulier dans la petite enfance. Par la construction de puits et de fourrages, l'objectif est d'am\u00e9liorer l'approvisionnement en eau \u00e0 usage civil.<\/span><\/p>\n<p><img data-recalc-dims=\"1\" decoding=\"async\" src=\"https:\/\/i0.wp.com\/www.cumse.org\/old\/public\/pozzo-3.jpg?w=640&#038;ssl=1\"  \/><\/p>\n<h2 style=\"text-align: center;\"><span style=\"color: #ff0000;\"><a style=\"color: #ff0000;\" href=\"https:\/\/cumse.org\/fr\/causes\/progetto-goccia-pozzi-per-la-vita\/\"><strong>FAIRE UN DON<\/strong><\/a><\/span><\/h2>\n\n\t\t<\/div>\n\t<\/div>\n<\/div><\/div><\/div><\/div><div class=\"vc_row wpb_row vc_row-fluid\"><div class=\"wpb_column col-md-12\"><div class=\"vc_column-inner\"><div class=\"wpb_wrapper\"><div class=\"vc_separator wpb_content_element vc_separator_align_center vc_sep_width_100 vc_sep_border_width_6 vc_sep_pos_align_center vc_separator_no_text\" ><span class=\"vc_sep_holder vc_sep_holder_l\"><span  style=\"border-color:#ff0000;\" class=\"vc_sep_line\"><\/span><\/span><span class=\"vc_sep_holder vc_sep_holder_r\"><span  style=\"border-color:#ff0000;\" class=\"vc_sep_line\"><\/span><\/span>\n<\/div><\/div><\/div><\/div><\/div><div class=\"vc_row wpb_row vc_row-fluid\"><div class=\"wpb_column col-md-12\"><div class=\"vc_column-inner\"><div class=\"wpb_wrapper\">\n\t<div class=\"wpb_text_column wpb_content_element\" >\n\t\t<div class=\"wpb_wrapper\">\n\t\t\t<h1><span style=\"color: #ff0000;\"><strong>UNE \u00c9COLE POUR MAYAMI.<br \/>O\u00f9: Mayami- Garoua (Cameroun).<\/strong><\/span><\/h1>\n\n\t\t<\/div>\n\t<\/div>\n<\/div><\/div><\/div><\/div><div class=\"vc_row wpb_row vc_row-fluid\"><div class=\"wpb_column col-md-12\"><div class=\"vc_column-inner\"><div class=\"wpb_wrapper\">\n\t<div  class=\"wpb_single_image wpb_content_element vc_align_center\">\n\t\t\n\t\t<figure class=\"wpb_wrapper vc_figure\">\n\t\t\t<div class=\"vc_single_image-wrapper   vc_box_border_grey\"><img loading=\"lazy\" decoding=\"async\" width=\"702\" height=\"173\" src=\"https:\/\/i0.wp.com\/cumse.org\/wp-content\/uploads\/2021\/04\/scuole-in-africa.png?fit=702%2C173&amp;ssl=1\" class=\"vc_single_image-img attachment-full\" alt=\"\" srcset=\"https:\/\/i0.wp.com\/cumse.org\/wp-content\/uploads\/2021\/04\/scuole-in-africa.png?w=702&amp;ssl=1 702w, https:\/\/i0.wp.com\/cumse.org\/wp-content\/uploads\/2021\/04\/scuole-in-africa.png?resize=200%2C49&amp;ssl=1 200w, https:\/\/i0.wp.com\/cumse.org\/wp-content\/uploads\/2021\/04\/scuole-in-africa.png?resize=300%2C74&amp;ssl=1 300w\" sizes=\"auto, (max-width: 640px) 100vw, 640px\" \/><\/div>\n\t\t<\/figure>\n\t<\/div>\n<\/div><\/div><\/div><\/div><div class=\"vc_row wpb_row vc_row-fluid\"><div class=\"wpb_column col-md-12\"><div class=\"vc_column-inner\"><div class=\"wpb_wrapper\">\n\t<div class=\"wpb_text_column wpb_content_element\" >\n\t\t<div class=\"wpb_wrapper\">\n\t\t\t<p style=\"text-align: justify;\"><span style=\"font-size: 12pt;\">Mayami est un petit village d'environ 1 000 habitants \u00e0 la p\u00e9riph\u00e9rie de la ville de Garoua, la capitale de la r\u00e9gion du nord. \u00c0 Mayami, il y a une \u00e9cole primaire qui abrite environ <span class=\"has-inline-color has-vivid-red-color\" style=\"color: #000000;\">400 allievi, ma con solo 4 insegnanti.<\/span><\/span><\/p>\n<p><span style=\"font-size: 12pt;\"><!-- \/wp:paragraph --><\/span><\/p>\n<p style=\"text-align: justify;\"><span style=\"font-size: 12pt;\"><!-- wp:paragraph -->Une forte tornade a emport\u00e9 le toit de la petite \u00e9cole maternelle du village il y a quelques ann\u00e9es. Le temps et les agents atmosph\u00e9riques ont fait le reste : en moins de deux ans, ce qui \u00e9tait autrefois une \u00e9cole s'est transform\u00e9 en refuge \u00e0 ciel ouvert pour les animaux de basse-cour.<\/span><\/p>\n<p><span style=\"font-size: 12pt;\"><!-- \/wp:paragraph --><\/span><\/p>\n<p style=\"text-align: justify;\"><span style=\"font-size: 12pt;\"><!-- wp:paragraph -->La Fondation CUMSE Onlus, motiv\u00e9e par la demande d'aide des parents du village, repr\u00e9sent\u00e9e par l'APE (association des parents d'\u00e9l\u00e8ves), a d\u00e9cid\u00e9 d'aider le village \u00e0 restructurer l'\u00e9cole et ainsi permettre aux petits \u00e9l\u00e8ves de reprendre l'apprentissage sous la direction d'un enseignant volontaire.<\/span><\/p>\n<p><span style=\"font-size: 12pt;\"><!-- \/wp:paragraph --><\/span><\/p>\n<p style=\"text-align: justify;\"><span style=\"font-size: 12pt;\"><!-- wp:paragraph -->En moins de deux mois, la structure du toit a \u00e9t\u00e9 reconstruite (recouverte de t\u00f4les de haute qualit\u00e9 pour \u00e9viter qu'une autre tornade ne les d\u00e9truise \u00e0 nouveau), le sol a \u00e9t\u00e9 ciment\u00e9 et l'ext\u00e9rieur et l'int\u00e9rieur du b\u00e2timent ont \u00e9t\u00e9 enduits de la salle de classe, o\u00f9 un grand tableau noir a \u00e9t\u00e9 accroch\u00e9 .<\/span><\/p>\n<p><span style=\"font-size: 12pt;\"><!-- \/wp:paragraph --><\/span><\/p>\n<p style=\"text-align: justify;\"><span style=\"font-size: 12pt;\"><!-- wp:paragraph -->Le district de Demsa, auquel se r\u00e9f\u00e8re le village, s'est alors charg\u00e9 de fournir les bancs et bancs pour les enfants, rendant l'\u00e9cole pleinement op\u00e9rationnelle et fonctionnelle.<\/span><\/p>\n<p><span style=\"font-size: 12pt;\"><!-- \/wp:paragraph --><\/span><\/p>\n<p style=\"text-align: justify;\"><span style=\"font-size: 12pt;\">Les b\u00e9n\u00e9ficiaires directs du projet sont les quasi <span class=\"has-inline-color has-vivid-red-color\" style=\"color: #000000;\">40 enfants <\/span>qui fr\u00e9quentent aujourd'hui la nouvelle \u00e9cole maternelle de Mayami, ainsi que tous les enfants du village qui en sont les futurs \u00e9l\u00e8ves.<\/span><\/p>\n<p><span style=\"font-size: 12pt;\"><!-- \/wp:paragraph --><\/span><\/p>\n<p style=\"text-align: justify;\"><span style=\"font-size: 12pt;\"><!-- wp:paragraph -->Le principal partenaire du projet, ainsi que l'ex\u00e9cutant r\u00e9el sur place, \u00e9tait Lawan Alim de Mayami, un ami de longue date du pr\u00e9sident de la Fondation.<\/span><\/p>\n<p><span style=\"font-size: 12pt;\"><!-- \/wp:paragraph --><\/span><\/p>\n<p style=\"text-align: justify;\"><span style=\"font-size: 12pt;\"><!-- wp:paragraph -->Le Lawan est l'autorit\u00e9 traditionnelle des villages de la r\u00e9gion nord du Cameroun.<\/span><\/p>\n<p><span style=\"font-size: 12pt;\"><!-- \/wp:paragraph --><\/span><\/p>\n<p style=\"text-align: justify;\"><span style=\"font-size: 12pt;\"><!-- wp:paragraph -->Le chantier a d\u00e9but\u00e9 fin juillet 2013 et s'est termin\u00e9 fin ao\u00fbt 2013, juste \u00e0 temps pour la rentr\u00e9e scolaire.<\/span><\/p>\n<p><span style=\"font-size: 12pt;\"><!-- \/wp:paragraph --><\/span><\/p>\n<p style=\"text-align: justify;\"><span style=\"font-size: 12pt;\"><!-- wp:paragraph --><strong>Valeur global du projet<\/strong>: 3 500 000 francs cfa, soit environ 4 764 euros.<\/span><\/p>\n<p><span style=\"font-size: 12pt;\"><!-- \/wp:paragraph --><\/span><\/p>\n<p style=\"text-align: justify;\"><span style=\"font-size: 12pt;\"><!-- wp:paragraph -->Le pr\u00eat a \u00e9t\u00e9 d\u00e9bours\u00e9 par le groupe CUMSE TORINO avec M. Cisari Giuseppe de Milan et des amis de Varese Amalia et Edoardo Soncini qui ont lev\u00e9 des fonds \u00e0 l'occasion de leur anniversaire de mariage.<\/span><\/p>\n<p><!-- \/wp:paragraph --><\/p>\n<hr \/>\n<p><!-- wp:heading --><\/p>\n<h3><span style=\"color: #ff0000;\"><strong>Clicca qui per vedere i Progetti per il triennio 2015-2017 (<\/strong><a style=\"color: #ff0000;\" href=\"https:\/\/www.cumse.it\/img\/pdf\/progetti_triennio_2015-2017.pdf\">PDF<\/a>)<\/span><\/h3>\n\n\t\t<\/div>\n\t<\/div>\n<\/div><\/div><\/div><\/div><div class=\"vc_row wpb_row vc_row-fluid\"><div class=\"wpb_column col-md-12\"><div class=\"vc_column-inner\"><div class=\"wpb_wrapper\">\n\t<div  class=\"wpb_single_image wpb_content_element vc_align_left\">\n\t\t\n\t\t<figure class=\"wpb_wrapper vc_figure\">\n\t\t\t<div class=\"vc_single_image-wrapper   vc_box_border_grey\"><\/div>\n\t\t<\/figure>\n\t<\/div>\n<\/div><\/div><\/div><\/div>","protected":false},"excerpt":{"rendered":"PROGETTO MAMAMONDEDove: Nkoabang-Yaound\u00e9, Camerun Il progetto nasce dall'incontro di quattro amici vicentini: Carla, Nicola, Antonella e Paolo. L\u2019esperienza inizi\u00f2 nel novembre del 2009 a Nkoabang, prima periferia di Yaound\u00e9, Camerun, dove i quattro viaggiatori toccarono con mano le difficili condizioni di vita della gente del posto. L\u2019attenzione \u00e8 caduta soprattutto sulla situazione degli orfani del [...]","protected":false},"author":1,"featured_media":0,"parent":0,"menu_order":0,"comment_status":"closed","ping_status":"closed","template":"homepage-template.php","meta":{"footnotes":""},"class_list":["post-2587","page","type-page","status-publish","hentry"],"yoast_head":"<!-- This site is optimized with the Yoast SEO plugin v27.3 - https:\/\/yoast.com\/product\/yoast-seo-wordpress\/ -->\n<title>Progetti Civili - Fondazione Cumse ETS Sostieni anche tu i nostri progetti<\/title>\n<meta name=\"description\" content=\"Progetti civili in Africa di Fondazione Cumse ETS - Sosteniamo i bambini orfani in Africa - Progetti per costruire pozzi in Africa\" \/>\n<meta name=\"robots\" content=\"index, follow, max-snippet:-1, max-image-preview:large, max-video-preview:-1\" \/>\n<link rel=\"canonical\" href=\"https:\/\/cumse.org\/fr\/progetti-civili\/\" \/>\n<meta property=\"og:locale\" content=\"fr_FR\" \/>\n<meta property=\"og:type\" content=\"article\" \/>\n<meta property=\"og:title\" content=\"Progetti Civili - Fondazione Cumse ETS Sostieni anche tu i nostri progetti\" \/>\n<meta property=\"og:description\" content=\"Progetti civili in Africa di Fondazione Cumse ETS - Sosteniamo i bambini orfani in Africa - Progetti per costruire pozzi in Africa\" \/>\n<meta property=\"og:url\" content=\"https:\/\/cumse.org\/fr\/progetti-civili\/\" \/>\n<meta property=\"og:site_name\" content=\"Fondazione Cumse ETS\" \/>\n<meta property=\"article:modified_time\" content=\"2023-05-03T15:53:54+00:00\" \/>\n<meta property=\"og:image\" content=\"https:\/\/www.cumse.org\/old\/public\/pozzo-3.jpg\" \/>\n<meta name=\"twitter:card\" content=\"summary_large_image\" \/>\n<meta name=\"twitter:label1\" content=\"Dur\u00e9e de lecture estim\u00e9e\" \/>\n\t<meta name=\"twitter:data1\" content=\"5 minutes\" \/>\n<script type=\"application\/ld+json\" class=\"yoast-schema-graph\">{\"@context\":\"https:\\\/\\\/schema.org\",\"@graph\":[{\"@type\":\"WebPage\",\"@id\":\"https:\\\/\\\/cumse.org\\\/progetti-civili\\\/\",\"url\":\"https:\\\/\\\/cumse.org\\\/progetti-civili\\\/\",\"name\":\"Progetti Civili - Fondazione Cumse ETS Sostieni anche tu i nostri progetti\",\"isPartOf\":{\"@id\":\"https:\\\/\\\/cumse.org\\\/#website\"},\"primaryImageOfPage\":{\"@id\":\"https:\\\/\\\/cumse.org\\\/progetti-civili\\\/#primaryimage\"},\"image\":{\"@id\":\"https:\\\/\\\/cumse.org\\\/progetti-civili\\\/#primaryimage\"},\"thumbnailUrl\":\"https:\\\/\\\/www.cumse.org\\\/old\\\/public\\\/pozzo-3.jpg\",\"datePublished\":\"2020-09-23T09:07:44+00:00\",\"dateModified\":\"2023-05-03T15:53:54+00:00\",\"description\":\"Progetti civili in Africa di Fondazione Cumse ETS - Sosteniamo i bambini orfani in Africa - Progetti per costruire pozzi in Africa\",\"breadcrumb\":{\"@id\":\"https:\\\/\\\/cumse.org\\\/progetti-civili\\\/#breadcrumb\"},\"inLanguage\":\"fr-FR\",\"potentialAction\":[{\"@type\":\"ReadAction\",\"target\":[\"https:\\\/\\\/cumse.org\\\/progetti-civili\\\/\"]}]},{\"@type\":\"ImageObject\",\"inLanguage\":\"fr-FR\",\"@id\":\"https:\\\/\\\/cumse.org\\\/progetti-civili\\\/#primaryimage\",\"url\":\"https:\\\/\\\/www.cumse.org\\\/old\\\/public\\\/pozzo-3.jpg\",\"contentUrl\":\"https:\\\/\\\/www.cumse.org\\\/old\\\/public\\\/pozzo-3.jpg\"},{\"@type\":\"BreadcrumbList\",\"@id\":\"https:\\\/\\\/cumse.org\\\/progetti-civili\\\/#breadcrumb\",\"itemListElement\":[{\"@type\":\"ListItem\",\"position\":1,\"name\":\"Home\",\"item\":\"https:\\\/\\\/cumse.org\\\/\"},{\"@type\":\"ListItem\",\"position\":2,\"name\":\"Progetti Civili\"}]},{\"@type\":\"WebSite\",\"@id\":\"https:\\\/\\\/cumse.org\\\/#website\",\"url\":\"https:\\\/\\\/cumse.org\\\/\",\"name\":\"Fondazione Cumse ETS\",\"description\":\"Siamo dove gli altri distolgono lo sguardo\",\"potentialAction\":[{\"@type\":\"SearchAction\",\"target\":{\"@type\":\"EntryPoint\",\"urlTemplate\":\"https:\\\/\\\/cumse.org\\\/?s={search_term_string}\"},\"query-input\":{\"@type\":\"PropertyValueSpecification\",\"valueRequired\":true,\"valueName\":\"search_term_string\"}}],\"inLanguage\":\"fr-FR\"}]}<\/script>\n<!-- \/ Yoast SEO plugin. -->","yoast_head_json":{"title":"Progetti Civili - Fondazione Cumse ETS Sostieni anche tu i nostri progetti","description":"Progetti civili in Africa di Fondazione Cumse ETS - Sosteniamo i bambini orfani in Africa - Progetti per costruire pozzi in Africa","robots":{"index":"index","follow":"follow","max-snippet":"max-snippet:-1","max-image-preview":"max-image-preview:large","max-video-preview":"max-video-preview:-1"},"canonical":"https:\/\/cumse.org\/fr\/progetti-civili\/","og_locale":"fr_FR","og_type":"article","og_title":"Progetti Civili - Fondazione Cumse ETS Sostieni anche tu i nostri progetti","og_description":"Progetti civili in Africa di Fondazione Cumse ETS - Sosteniamo i bambini orfani in Africa - Progetti per costruire pozzi in Africa","og_url":"https:\/\/cumse.org\/fr\/progetti-civili\/","og_site_name":"Fondazione Cumse ETS","article_modified_time":"2023-05-03T15:53:54+00:00","og_image":[{"url":"https:\/\/www.cumse.org\/old\/public\/pozzo-3.jpg","type":"","width":"","height":""}],"twitter_card":"summary_large_image","twitter_misc":{"Dur\u00e9e de lecture estim\u00e9e":"5 minutes"},"schema":{"@context":"https:\/\/schema.org","@graph":[{"@type":"WebPage","@id":"https:\/\/cumse.org\/progetti-civili\/","url":"https:\/\/cumse.org\/progetti-civili\/","name":"Progetti Civili - Fondazione Cumse ETS Sostieni anche tu i nostri progetti","isPartOf":{"@id":"https:\/\/cumse.org\/#website"},"primaryImageOfPage":{"@id":"https:\/\/cumse.org\/progetti-civili\/#primaryimage"},"image":{"@id":"https:\/\/cumse.org\/progetti-civili\/#primaryimage"},"thumbnailUrl":"https:\/\/www.cumse.org\/old\/public\/pozzo-3.jpg","datePublished":"2020-09-23T09:07:44+00:00","dateModified":"2023-05-03T15:53:54+00:00","description":"Progetti civili in Africa di Fondazione Cumse ETS - Sosteniamo i bambini orfani in Africa - Progetti per costruire pozzi in Africa","breadcrumb":{"@id":"https:\/\/cumse.org\/progetti-civili\/#breadcrumb"},"inLanguage":"fr-FR","potentialAction":[{"@type":"ReadAction","target":["https:\/\/cumse.org\/progetti-civili\/"]}]},{"@type":"ImageObject","inLanguage":"fr-FR","@id":"https:\/\/cumse.org\/progetti-civili\/#primaryimage","url":"https:\/\/www.cumse.org\/old\/public\/pozzo-3.jpg","contentUrl":"https:\/\/www.cumse.org\/old\/public\/pozzo-3.jpg"},{"@type":"BreadcrumbList","@id":"https:\/\/cumse.org\/progetti-civili\/#breadcrumb","itemListElement":[{"@type":"ListItem","position":1,"name":"Home","item":"https:\/\/cumse.org\/"},{"@type":"ListItem","position":2,"name":"Progetti Civili"}]},{"@type":"WebSite","@id":"https:\/\/cumse.org\/#website","url":"https:\/\/cumse.org\/","name":"Fondazione Cumse ETS","description":"Siamo dove gli altri distolgono lo sguardo","potentialAction":[{"@type":"SearchAction","target":{"@type":"EntryPoint","urlTemplate":"https:\/\/cumse.org\/?s={search_term_string}"},"query-input":{"@type":"PropertyValueSpecification","valueRequired":true,"valueName":"search_term_string"}}],"inLanguage":"fr-FR"}]}},"jetpack_sharing_enabled":true,"_links":{"self":[{"href":"https:\/\/cumse.org\/fr\/wp-json\/wp\/v2\/pages\/2587","targetHints":{"allow":["GET"]}}],"collection":[{"href":"https:\/\/cumse.org\/fr\/wp-json\/wp\/v2\/pages"}],"about":[{"href":"https:\/\/cumse.org\/fr\/wp-json\/wp\/v2\/types\/page"}],"author":[{"embeddable":true,"href":"https:\/\/cumse.org\/fr\/wp-json\/wp\/v2\/users\/1"}],"replies":[{"embeddable":true,"href":"https:\/\/cumse.org\/fr\/wp-json\/wp\/v2\/comments?post=2587"}],"version-history":[{"count":0,"href":"https:\/\/cumse.org\/fr\/wp-json\/wp\/v2\/pages\/2587\/revisions"}],"wp:attachment":[{"href":"https:\/\/cumse.org\/fr\/wp-json\/wp\/v2\/media?parent=2587"}],"curies":[{"name":"wp","href":"https:\/\/api.w.org\/{rel}","templated":true}]}}