{"id":2322,"date":"2020-03-10T21:27:38","date_gmt":"2020-03-10T20:27:38","guid":{"rendered":"https:\/\/cumse.org\/?p=2322"},"modified":"2021-04-21T17:06:45","modified_gmt":"2021-04-21T16:06:45","slug":"libri-e-letture","status":"publish","type":"page","link":"https:\/\/cumse.org\/fr\/libri-e-letture\/","title":{"rendered":"LIVRES ET LECTURES"},"content":{"rendered":"<div class=\"vc_row wpb_row vc_row-fluid vc_custom_1619018671712\"><div class=\"wpb_column col-md-12\"><div class=\"vc_column-inner\"><div class=\"wpb_wrapper\">\n\t<div  class=\"wpb_single_image wpb_content_element vc_align_left\">\n\t\t\n\t\t<figure class=\"wpb_wrapper vc_figure\">\n\t\t\t<div class=\"vc_single_image-wrapper   vc_box_border_grey\"><img loading=\"lazy\" decoding=\"async\" width=\"1920\" height=\"739\" src=\"https:\/\/i0.wp.com\/cumse.org\/wp-content\/uploads\/2021\/04\/libri-e-letture.png?fit=1920%2C739&amp;ssl=1\" class=\"vc_single_image-img attachment-full\" alt=\"\" srcset=\"https:\/\/i0.wp.com\/cumse.org\/wp-content\/uploads\/2021\/04\/libri-e-letture.png?w=1920&amp;ssl=1 1920w, https:\/\/i0.wp.com\/cumse.org\/wp-content\/uploads\/2021\/04\/libri-e-letture.png?resize=1200%2C462&amp;ssl=1 1200w, https:\/\/i0.wp.com\/cumse.org\/wp-content\/uploads\/2021\/04\/libri-e-letture.png?resize=300%2C115&amp;ssl=1 300w, https:\/\/i0.wp.com\/cumse.org\/wp-content\/uploads\/2021\/04\/libri-e-letture.png?resize=1024%2C394&amp;ssl=1 1024w, https:\/\/i0.wp.com\/cumse.org\/wp-content\/uploads\/2021\/04\/libri-e-letture.png?resize=768%2C296&amp;ssl=1 768w, https:\/\/i0.wp.com\/cumse.org\/wp-content\/uploads\/2021\/04\/libri-e-letture.png?resize=1536%2C591&amp;ssl=1 1536w, https:\/\/i0.wp.com\/cumse.org\/wp-content\/uploads\/2021\/04\/libri-e-letture.png?w=1280&amp;ssl=1 1280w\" sizes=\"auto, (max-width: 640px) 100vw, 640px\" \/><\/div>\n\t\t<\/figure>\n\t<\/div>\n<\/div><\/div><\/div><\/div><div class=\"vc_row wpb_row vc_row-fluid vc_custom_1619018689051\"><div class=\"wpb_column col-md-12\"><div class=\"vc_column-inner\"><div class=\"wpb_wrapper\">\n\t<div class=\"wpb_text_column wpb_content_element\" >\n\t\t<div class=\"wpb_wrapper\">\n\t\t\t<h1><span style=\"color: #ff0000;\"><strong>LIVRES<\/strong><\/span><\/h1>\n\n\t\t<\/div>\n\t<\/div>\n<\/div><\/div><\/div><\/div><div class=\"vc_row wpb_row vc_row-fluid vc_custom_1619016687461\"><div class=\"wpb_column col-md-8\"><div class=\"vc_column-inner\"><div class=\"wpb_wrapper\">\n\t<div class=\"wpb_text_column wpb_content_element\" >\n\t\t<div class=\"wpb_wrapper\">\n\t\t\t<p>\u2022 <strong>Agricoltura e Dialogo fra Culture<\/strong><br \/>\nEmanuela Bussolati<br \/>\n\u200bFiabe Illustrate<br \/>\n\u200b<\/p>\n<p>\u2022 <strong>La Giornata di Sidi e Karisa<\/strong><br \/>\n\u200bLaura Fantozzi<br \/>\n\u200bPubblicazione ACRA<br \/>\n<a href=\"https:\/\/www.amazon.it\/gp\/product\/8889705655\/ref=as_li_tl?ie=UTF8&amp;camp=3414&amp;creative=21718&amp;creativeASIN=8889705655&amp;linkCode=as2&amp;tag=cumse-21&amp;linkId=3ad2d700ff2dff0481b125c0e6bcaf01\" target=\"_blank\" rel=\"noopener noreferrer\">La giornata di Sidi e Karisa. Con CD Audio<\/a><img loading=\"lazy\" decoding=\"async\" style=\"border: none !important; margin: 0px !important;\" src=\"\/\/ir-it.amazon-adsystem.com\/e\/ir?t=cumse-21&amp;l=am2&amp;o=29&amp;a=8889705655\" alt=\"\" width=\"1\" height=\"1\" border=\"0\" \/><br \/>\n<span style=\"font-size: 1rem;\">Pubblicazione ACRA 02<\/span><\/p>\n\n\t\t<\/div>\n\t<\/div>\n<\/div><\/div><\/div><div class=\"wpb_column col-md-4\"><div class=\"vc_column-inner\"><div class=\"wpb_wrapper\">\n\t<div  class=\"wpb_single_image wpb_content_element vc_align_left\">\n\t\t\n\t\t<figure class=\"wpb_wrapper vc_figure\">\n\t\t\t<div class=\"vc_single_image-wrapper   vc_box_border_grey\"><img loading=\"lazy\" decoding=\"async\" width=\"600\" height=\"600\" src=\"https:\/\/i0.wp.com\/cumse.org\/wp-content\/uploads\/2021\/04\/libri.png?fit=600%2C600&amp;ssl=1\" class=\"vc_single_image-img attachment-full\" alt=\"\" srcset=\"https:\/\/i0.wp.com\/cumse.org\/wp-content\/uploads\/2021\/04\/libri.png?w=600&amp;ssl=1 600w, https:\/\/i0.wp.com\/cumse.org\/wp-content\/uploads\/2021\/04\/libri.png?resize=300%2C300&amp;ssl=1 300w, https:\/\/i0.wp.com\/cumse.org\/wp-content\/uploads\/2021\/04\/libri.png?resize=100%2C100&amp;ssl=1 100w, https:\/\/i0.wp.com\/cumse.org\/wp-content\/uploads\/2021\/04\/libri.png?resize=200%2C200&amp;ssl=1 200w, https:\/\/i0.wp.com\/cumse.org\/wp-content\/uploads\/2021\/04\/libri.png?resize=150%2C150&amp;ssl=1 150w\" sizes=\"auto, (max-width: 600px) 100vw, 600px\" \/><\/div>\n\t\t<\/figure>\n\t<\/div>\n<\/div><\/div><\/div><\/div><div class=\"vc_row wpb_row vc_row-fluid vc_custom_1619017368173\"><div class=\"wpb_column col-md-12\"><div class=\"vc_column-inner\"><div class=\"wpb_wrapper\"><div class=\"vc_separator wpb_content_element vc_separator_align_center vc_sep_width_100 vc_sep_border_width_6 vc_sep_pos_align_center vc_separator_no_text\" ><span class=\"vc_sep_holder vc_sep_holder_l\"><span  style=\"border-color:#ff0000;\" class=\"vc_sep_line\"><\/span><\/span><span class=\"vc_sep_holder vc_sep_holder_r\"><span  style=\"border-color:#ff0000;\" class=\"vc_sep_line\"><\/span><\/span>\n<\/div><\/div><\/div><\/div><\/div><div class=\"vc_row wpb_row vc_row-fluid vc_custom_1619016694796\"><div class=\"wpb_column col-md-12\"><div class=\"vc_column-inner\"><div class=\"wpb_wrapper\">\n\t<div class=\"wpb_text_column wpb_content_element\" >\n\t\t<div class=\"wpb_wrapper\">\n\t\t\t<h1><span style=\"color: #ff0000;\"><strong>LECTURES<\/strong><\/span><\/h1>\n\n\t\t<\/div>\n\t<\/div>\n<\/div><\/div><\/div><\/div><div class=\"vc_row wpb_row vc_row-fluid vc_custom_1619016702338\"><div class=\"wpb_column col-md-3\"><div class=\"vc_column-inner\"><div class=\"wpb_wrapper\">\n\t<div  class=\"wpb_single_image wpb_content_element vc_align_left\">\n\t\t\n\t\t<figure class=\"wpb_wrapper vc_figure\">\n\t\t\t<div class=\"vc_single_image-wrapper   vc_box_border_grey\"><img loading=\"lazy\" decoding=\"async\" width=\"600\" height=\"600\" src=\"https:\/\/i0.wp.com\/cumse.org\/wp-content\/uploads\/2021\/04\/letture-2.png?fit=600%2C600&amp;ssl=1\" class=\"vc_single_image-img attachment-full\" alt=\"\" srcset=\"https:\/\/i0.wp.com\/cumse.org\/wp-content\/uploads\/2021\/04\/letture-2.png?w=600&amp;ssl=1 600w, https:\/\/i0.wp.com\/cumse.org\/wp-content\/uploads\/2021\/04\/letture-2.png?resize=300%2C300&amp;ssl=1 300w, https:\/\/i0.wp.com\/cumse.org\/wp-content\/uploads\/2021\/04\/letture-2.png?resize=100%2C100&amp;ssl=1 100w, https:\/\/i0.wp.com\/cumse.org\/wp-content\/uploads\/2021\/04\/letture-2.png?resize=200%2C200&amp;ssl=1 200w, https:\/\/i0.wp.com\/cumse.org\/wp-content\/uploads\/2021\/04\/letture-2.png?resize=150%2C150&amp;ssl=1 150w\" sizes=\"auto, (max-width: 600px) 100vw, 600px\" \/><\/div>\n\t\t<\/figure>\n\t<\/div>\n<\/div><\/div><\/div><div class=\"wpb_column col-md-9\"><div class=\"vc_column-inner\"><div class=\"wpb_wrapper\">\n\t<div class=\"wpb_text_column wpb_content_element\" >\n\t\t<div class=\"wpb_wrapper\">\n\t\t\t<p><span style=\"font-size: 1rem;\"><span style=\"color: #ff0000;\">DATE TITRE TH\u00c8SE DE  L'\u00c9TUDIANT UNIVERSIT\u00c9 FACULT\u00c9<\/span><br \/>\n<\/span><span style=\"font-size: 1rem;\"><br \/>\n\u2022 <strong>L&#8217;Africa Sub-Sahariana e le tecnologie dell&#8217;informazione e della comunicazione: una rassegna preliminare<\/strong><br \/>\n<\/span><span style=\"font-size: 1rem;\">Federica Guazzini<br \/>\n<\/span><span style=\"font-size: 1rem;\">COPIA DIGITALE NEL SERVER<br \/>\n<\/span><\/p>\n<p>\u2022 <strong>Examen Cytobact\u00e8riologique des s\u00e8cretions Vaginales<\/strong><br \/>\nNgassam Ngongang Jeanne Rosine<br \/>\nEcole Privee Institut Panafricain de Formation Paramedicale<br \/>\n<span style=\"font-size: 1rem;\">COPIA CARTACEA<\/span><\/p>\n<p>\u2022<strong> Progetto di un laboratorio galenico: realizzazione di un aiuto concreto per i paesi in via di sviluppo<\/strong><br \/>\nElena Rosso<br \/>\nUniversit\u00e0 degli Studi di Torino<br \/>\nFacolt\u00e0 di Farmacia<br \/>\nCOPIA CARTACEA<\/p>\n<p>\u2022 <strong>Gli investimenti ENI in Congo Brazzaville: trade-off tyra profitti e protezione dell&#8217;ambiente e societ\u00e0 civile<\/strong><br \/>\nArystide Kwemweni<br \/>\n<span style=\"font-size: 1rem;\">COPIA DIGITALE NEL SERVER<\/span><\/p>\n<p>1992-1993<br \/>\n\u2022 <strong>Con occhi africani: l&#8217;<span style=\"font-size: 1rem;\">uomo bianco di Dio. The white man of God di Kenjo Jumbam nella letteratura camerunense e africana<br \/>\n<\/span><\/strong>Alessandra Muzzi<br \/>\nUniversit\u00e0 degli studi di Roma La Sapienza<br \/>\nFacolt\u00e0 di Lettere e Filosofia<br \/>\nCOPIA DIGITALE NEL SERVER<\/p>\n<p>1998-1999<br \/>\n\u2022 <strong>Le risorse idriche nel diritto internazionale con particolare riferimento alla Palestina<\/strong><br \/>\nBeissan Al Qaryouti<br \/>\nUniversit\u00e0 degli studi di Roma La Sapienza<br \/>\nFacolt\u00e0 di giurisprudenza<br \/>\nCOPIA DIGITALE NEL SERVER<\/p>\n<p>1999-00<br \/>\n\u2022<strong> I ragazzi di strada di Garoua<\/strong><br \/>\nLuca Villa<br \/>\nUniversit\u00e0 degli Studi di Torino<br \/>\nScienze della Formazione<\/p>\n<p>2003-2004<br \/>\n\u2022 <strong>Riti di passaggio nelle societ\u00e0 africane e nelle societ\u00e0 occidentali. Comparazioni e risvolti socio-psicopedagogici.<\/strong><br \/>\nGiuseppe Malandra<br \/>\nUniversit\u00e0 Cattolica del Sacro Cuore di Milano<br \/>\nFacolt\u00e0 di Scienze della Formazione<br \/>\nCOPIA DIGITALE NEL SERVER + COPIA CARTACEA<\/p>\n<p>2003-04<br \/>\n\u2022<strong> La fecondit\u00e0 e la mortalit\u00e0 infantile in Africa: cause, conseguenze e possibili soluzioni<\/strong><br \/>\nFrancesca D&#8217;Ischia<br \/>\nUniversit\u00e0 degli Studi di Roma La Sapienza<br \/>\nScienze Politiche<\/p>\n<p>2004-05<br \/>\n\u2022 <strong>\u2033To contract or not to contract\u2033. Le cas de l\u2019h\u00f4pital catholique de Djamboutou, dioc\u00e8se de Garoua, province du Nord<\/strong> <strong>Cameroun<br \/>\n<\/strong><span style=\"font-size: 1rem;\">Guehenneux Emmanuelle<br \/>\n<\/span><span style=\"font-size: 1rem;\">Antwerpen, Belgio<br \/>\n<\/span><span style=\"font-size: 1rem;\">Master in Sanit\u00e0 Pubblica<br \/>\n<\/span><span style=\"font-size: 1rem;\">COPIA DIGITALE NEL SERVER<\/span><\/p>\n<p>2005-06<br \/>\n\u2022 <strong>La manipolazione dell&#8217;appartenenza etnica: conflitti e interessi economici nella storia del Congo<\/strong><br \/>\nLara Ricciotti<br \/>\nUniversit\u00e0 Cattolica del Sacro Cuore di Milano<br \/>\nFacolt\u00e0 di Scienze Politiche Corso di laurea in Scienze Politiche e delle Relazioni Internazionali<br \/>\nCOPIA CARTACEA<\/p>\n<p>2005-2006<br \/>\n\u2022 <strong>Cameroun, quando si pu\u00f2 allestire e quando si pu\u00f2 comprare: studio di farmacoeconomia<\/strong><br \/>\nBarbara Capetta<br \/>\nUniversit\u00e0 degli studi di Torino<br \/>\nFacolt\u00e0 di Farmacia<br \/>\nCOPIA DIGITALE NEL SERVER + COPIA CARTACEA<\/p>\n<p>2006-2007<br \/>\n\u2022 <strong>Istruzione e microcredito femminile: il caso del Benin<\/strong><br \/>\nEmanuele Vigo<br \/>\nUniversit\u00e0 degli studi di Cagliari<br \/>\nFacolt\u00e0 di Scienze politiche<br \/>\nCOPIA DIGITALE NEL SERVER<\/p>\n<p>2006-07<br \/>\n\u2022 <strong>Hopital Notre Dame des Apotres Progetto A.P.P.A 2007 (parte B)<\/strong><br \/>\nSara Maria Reynaldi<br \/>\nUniversit\u00e0 degli studi di Torino<br \/>\nFacolt\u00e0 di Farmacia<br \/>\nCOPIA CARTACEA<\/p>\n<p>2007<br \/>\n\u2022 <strong>L&#8217;impegno delle ong italiane nella lotta alla povert\u00e0<\/strong><br \/>\nSara Santillo<br \/>\n<span style=\"font-size: 1rem;\">COPIA DIGITALE NEL SERVER<\/span><\/p>\n<p>2007-08<br \/>\n\u2022<strong> Le ong: obiettivi finalizzanti e profili aziendalistici &#8211; Il caso Emergency<\/strong><br \/>\nFrancesco Pellegrini<br \/>\nUniversit\u00e0 degli Studi di Chieti e pescara Gabriele D&#8217;Annunzio<br \/>\nFacolt\u00e0 di Economia<\/p>\n<p>2007-08<br \/>\n\u2022<strong> La good governance nella cooperazione allo sviluppo. Il caso dell&#8217;Africa<\/strong><br \/>\nSara Giorgio<br \/>\nUniversit\u00e0 degli Studi di Roma La Sapienza<br \/>\nScienze della Comunicazione<\/p>\n<p>2007-08<br \/>\n\u2022 <strong>Il ruolo della Cina In Africa: un&#8217;alternativa al modello di cooperazione allo sviluppo europeo<\/strong><br \/>\nSerena Laura Miccoli<br \/>\nUniversit\u00e0 degli Studi Roma Tre<br \/>\nScienze Politiche<\/p>\n<p>2008-09<br \/>\n\u2022<strong> Il ciclo di progetto: teoria e pratica nel sistema U.E.<\/strong><br \/>\nLuca Ruffino<br \/>\nUniversit\u00e0 degli Studi di Roma La Sapienza<br \/>\nScienze Politiche<\/p>\n<p>2008-09<br \/>\n<strong>\u2022 EU-China relations<\/strong><br \/>\nAlessandro Provaggi<br \/>\nUniversit\u00e0 degli Studi di Bologna<br \/>\nScienze Politiche<\/p>\n<p>2008<br \/>\n\u2022 <strong>L&#8217;agricolture urbaine et p\u00e9riurbaine \u00e0 Yaound\u00e9: analyse multifonctionnelle d&#8217;une activit\u00e9 montante en \u00e9conomie de survie<\/strong><br \/>\nAsaa Nguegang<br \/>\nUniversite Libre de Bruxelles<br \/>\nFacult\u00e9 de Sciences Ecole Interfacultaire de Bioing\u00e9nieurs<br \/>\nCOPIA DIGITALE NEL SERVER<\/p>\n<p>2008<br \/>\n\u2022 <strong>Hopital Notre Dame des Apotres, Progetto A.P.P.A 2007 (Parte A)<\/strong><br \/>\nIsia Bellobuono<br \/>\nUniversit\u00e0 degli studi di Torino<br \/>\nFacolt\u00e0 di Farmacia<br \/>\nCOPIA CARTACEA<\/p>\n<p>2009-2010<br \/>\n\u2022 <strong>Nelle persone affette da insufficienza renale cronica (IRC) quale tipo di dieta allunga i tempi di inizio della dialisi e riduce il numero delle sedute emodialitiche?<\/strong><br \/>\nEmmanuel Tatchum<br \/>\nUniversit\u00e0 degli studi di Milano &#8211; Bicocca<br \/>\nFacolt\u00e0 di medicina e chirurgia Corso di Laurea in Infermieria<br \/>\nCOPIA CARTACEA<\/p>\n<p>2009-10<br \/>\n\u2022 <strong>La transizione epidemiologica dei paesi in via di sviluppo: stima della prevalenza di patologie croniche in una popolazione dell&#8217;Africa sub-sahariana<\/strong><br \/>\nDavide Sala<br \/>\nUniversit\u00e0 degli studi di Milano &#8211; Bicocca<br \/>\nFacolt\u00e0 di medicina e chirurgia Corso di Specializzazione in Nefrologia<br \/>\nCOPIA CARTACEA<\/p>\n<p>2010<br \/>\n\u2022 <strong>Studio di un modello applicativo volto a formulare un progetto di struttura sanitaria in un PVS<\/strong><br \/>\n<strong>Pietro Prunelli<\/strong><br \/>\nPolitecnico di Torino<br \/>\nFacolt\u00e0 di Ingegneria Corso di Ingegneria gestionale<br \/>\nCOPIA DIGITALE NEL SERVER<\/p>\n<p>2010-2011<br \/>\n\u2022 <strong>Hopital Notre Dame des Apotres, Cameroun, Fase 6, Progetto A.P.P.A 2010- Parte B<\/strong><br \/>\nSilvia Tiozzo<br \/>\nUniversit\u00e0 degli studi di Torino<br \/>\nFacolt\u00e0 di farmacia<br \/>\nCOPIA CARTACEA<\/p>\n<p>2011-2012<br \/>\n\u2022 <strong>Le fondazioni in Italia e all&#8217;estero: un fenomeno in crescita<\/strong><br \/>\nGiulia Ramelli<br \/>\nUniversita Ca&#8217; Foscari di Venezia<br \/>\nCorso di Laurea Magistrale in Economia e Gestione delle Aziende<br \/>\nCOPIA DIGITALE NEL SERVER<\/p>\n<p>2011-2012<br \/>\n\u2022 <strong>La &#8220;Signoria di Cristo&#8221; nel pensiero di Thomas Beck, s.j.<\/strong><br \/>\nRosalba Timpano<br \/>\nIstituto Superiore di Scienze religiose di Milano<br \/>\n<span style=\"font-size: 1rem;\">COPIA CARTACEA<\/span><\/p>\n<p>2016-2017<br \/>\n\u2022 <strong>Come cambia la cooperazione allo sviluppo: dagli aiuti esteri all&#8217;esperienza di Habiba Community<\/strong><br \/>\nIrene Villa<br \/>\nUniversit\u00e0 Cattolica del Sacro Cuore di Milano<br \/>\nFacolt\u00e0 di Scienze Politiche e Sociali Corso di Laurea in Politiche per La cooperazione internazionale allo Sviluppo<br \/>\nCOPIA CARTACEA<\/p>\n\n\t\t<\/div>\n\t<\/div>\n<\/div><\/div><\/div><\/div><div class=\"vc_row wpb_row vc_row-fluid vc_custom_1619017432842\"><div class=\"wpb_column col-md-12\"><div class=\"vc_column-inner\"><div class=\"wpb_wrapper\">\n\t<div  class=\"wpb_single_image wpb_content_element vc_align_left\">\n\t\t\n\t\t<figure class=\"wpb_wrapper vc_figure\">\n\t\t\t<div class=\"vc_single_image-wrapper   vc_box_border_grey\"><\/div>\n\t\t<\/figure>\n\t<\/div>\n<\/div><\/div><\/div><\/div>","protected":false},"excerpt":{"rendered":"LIBRI \u2022 Agricoltura e Dialogo fra Culture Emanuela Bussolati \u200bFiabe Illustrate \u200b \u2022 La Giornata di Sidi e Karisa \u200bLaura Fantozzi \u200bPubblicazione ACRA La giornata di Sidi e Karisa. Con CD Audio Pubblicazione ACRA 02 LETTURE DATA TITOLO TESI STUDENTE\/SSA UNIVERSITA' FACOLT\u00c0' \u2022 L'Africa Sub-Sahariana e le tecnologie dell'informazione e della comunicazione: una rassegna preliminare [...]","protected":false},"author":1,"featured_media":0,"parent":0,"menu_order":0,"comment_status":"closed","ping_status":"closed","template":"homepage-template.php","meta":{"footnotes":""},"class_list":["post-2322","page","type-page","status-publish","hentry"],"yoast_head":"<!-- This site is optimized with the Yoast SEO plugin v27.3 - https:\/\/yoast.com\/product\/yoast-seo-wordpress\/ -->\n<title>LIBRI E LETTURE - Fondazione Cumse ETS<\/title>\n<meta name=\"robots\" content=\"index, follow, max-snippet:-1, max-image-preview:large, max-video-preview:-1\" \/>\n<link rel=\"canonical\" href=\"https:\/\/cumse.org\/fr\/libri-e-letture\/\" \/>\n<meta property=\"og:locale\" content=\"fr_FR\" \/>\n<meta property=\"og:type\" content=\"article\" \/>\n<meta property=\"og:title\" content=\"LIBRI E LETTURE - Fondazione Cumse ETS\" \/>\n<meta property=\"og:url\" content=\"https:\/\/cumse.org\/fr\/libri-e-letture\/\" \/>\n<meta property=\"og:site_name\" content=\"Fondazione Cumse ETS\" \/>\n<meta property=\"article:modified_time\" content=\"2021-04-21T16:06:45+00:00\" \/>\n<meta name=\"twitter:card\" content=\"summary_large_image\" \/>\n<meta name=\"twitter:label1\" content=\"Dur\u00e9e de lecture estim\u00e9e\" \/>\n\t<meta name=\"twitter:data1\" content=\"5 minutes\" \/>\n<script type=\"application\/ld+json\" class=\"yoast-schema-graph\">{\"@context\":\"https:\\\/\\\/schema.org\",\"@graph\":[{\"@type\":\"WebPage\",\"@id\":\"https:\\\/\\\/cumse.org\\\/libri-e-letture\\\/\",\"url\":\"https:\\\/\\\/cumse.org\\\/libri-e-letture\\\/\",\"name\":\"LIBRI E LETTURE - Fondazione Cumse ETS\",\"isPartOf\":{\"@id\":\"https:\\\/\\\/cumse.org\\\/#website\"},\"datePublished\":\"2020-03-10T20:27:38+00:00\",\"dateModified\":\"2021-04-21T16:06:45+00:00\",\"breadcrumb\":{\"@id\":\"https:\\\/\\\/cumse.org\\\/libri-e-letture\\\/#breadcrumb\"},\"inLanguage\":\"fr-FR\",\"potentialAction\":[{\"@type\":\"ReadAction\",\"target\":[\"https:\\\/\\\/cumse.org\\\/libri-e-letture\\\/\"]}]},{\"@type\":\"BreadcrumbList\",\"@id\":\"https:\\\/\\\/cumse.org\\\/libri-e-letture\\\/#breadcrumb\",\"itemListElement\":[{\"@type\":\"ListItem\",\"position\":1,\"name\":\"Home\",\"item\":\"https:\\\/\\\/cumse.org\\\/\"},{\"@type\":\"ListItem\",\"position\":2,\"name\":\"LIBRI E LETTURE\"}]},{\"@type\":\"WebSite\",\"@id\":\"https:\\\/\\\/cumse.org\\\/#website\",\"url\":\"https:\\\/\\\/cumse.org\\\/\",\"name\":\"Fondazione Cumse ETS\",\"description\":\"Siamo dove gli altri distolgono lo sguardo\",\"potentialAction\":[{\"@type\":\"SearchAction\",\"target\":{\"@type\":\"EntryPoint\",\"urlTemplate\":\"https:\\\/\\\/cumse.org\\\/?s={search_term_string}\"},\"query-input\":{\"@type\":\"PropertyValueSpecification\",\"valueRequired\":true,\"valueName\":\"search_term_string\"}}],\"inLanguage\":\"fr-FR\"}]}<\/script>\n<!-- \/ Yoast SEO plugin. -->","yoast_head_json":{"title":"LIBRI E LETTURE - Fondazione Cumse ETS","robots":{"index":"index","follow":"follow","max-snippet":"max-snippet:-1","max-image-preview":"max-image-preview:large","max-video-preview":"max-video-preview:-1"},"canonical":"https:\/\/cumse.org\/fr\/libri-e-letture\/","og_locale":"fr_FR","og_type":"article","og_title":"LIBRI E LETTURE - Fondazione Cumse ETS","og_url":"https:\/\/cumse.org\/fr\/libri-e-letture\/","og_site_name":"Fondazione Cumse ETS","article_modified_time":"2021-04-21T16:06:45+00:00","twitter_card":"summary_large_image","twitter_misc":{"Dur\u00e9e de lecture estim\u00e9e":"5 minutes"},"schema":{"@context":"https:\/\/schema.org","@graph":[{"@type":"WebPage","@id":"https:\/\/cumse.org\/libri-e-letture\/","url":"https:\/\/cumse.org\/libri-e-letture\/","name":"LIBRI E LETTURE - Fondazione Cumse ETS","isPartOf":{"@id":"https:\/\/cumse.org\/#website"},"datePublished":"2020-03-10T20:27:38+00:00","dateModified":"2021-04-21T16:06:45+00:00","breadcrumb":{"@id":"https:\/\/cumse.org\/libri-e-letture\/#breadcrumb"},"inLanguage":"fr-FR","potentialAction":[{"@type":"ReadAction","target":["https:\/\/cumse.org\/libri-e-letture\/"]}]},{"@type":"BreadcrumbList","@id":"https:\/\/cumse.org\/libri-e-letture\/#breadcrumb","itemListElement":[{"@type":"ListItem","position":1,"name":"Home","item":"https:\/\/cumse.org\/"},{"@type":"ListItem","position":2,"name":"LIBRI E LETTURE"}]},{"@type":"WebSite","@id":"https:\/\/cumse.org\/#website","url":"https:\/\/cumse.org\/","name":"Fondazione Cumse ETS","description":"Siamo dove gli altri distolgono lo sguardo","potentialAction":[{"@type":"SearchAction","target":{"@type":"EntryPoint","urlTemplate":"https:\/\/cumse.org\/?s={search_term_string}"},"query-input":{"@type":"PropertyValueSpecification","valueRequired":true,"valueName":"search_term_string"}}],"inLanguage":"fr-FR"}]}},"jetpack_sharing_enabled":true,"_links":{"self":[{"href":"https:\/\/cumse.org\/fr\/wp-json\/wp\/v2\/pages\/2322","targetHints":{"allow":["GET"]}}],"collection":[{"href":"https:\/\/cumse.org\/fr\/wp-json\/wp\/v2\/pages"}],"about":[{"href":"https:\/\/cumse.org\/fr\/wp-json\/wp\/v2\/types\/page"}],"author":[{"embeddable":true,"href":"https:\/\/cumse.org\/fr\/wp-json\/wp\/v2\/users\/1"}],"replies":[{"embeddable":true,"href":"https:\/\/cumse.org\/fr\/wp-json\/wp\/v2\/comments?post=2322"}],"version-history":[{"count":0,"href":"https:\/\/cumse.org\/fr\/wp-json\/wp\/v2\/pages\/2322\/revisions"}],"wp:attachment":[{"href":"https:\/\/cumse.org\/fr\/wp-json\/wp\/v2\/media?parent=2322"}],"curies":[{"name":"wp","href":"https:\/\/api.w.org\/{rel}","templated":true}]}}