{"id":2296,"date":"2020-03-10T19:09:27","date_gmt":"2020-03-10T18:09:27","guid":{"rendered":"https:\/\/cumse.org\/?p=2296"},"modified":"2021-09-13T11:50:41","modified_gmt":"2021-09-13T10:50:41","slug":"partenariati","status":"publish","type":"page","link":"https:\/\/cumse.org\/fr\/partenariati\/","title":{"rendered":"PARTENARIATS"},"content":{"rendered":"<div class=\"vc_row wpb_row vc_row-fluid vc_custom_1618502181357\"><div class=\"wpb_column col-md-12\"><div class=\"vc_column-inner\"><div class=\"wpb_wrapper\">\n\t<div  class=\"wpb_single_image wpb_content_element vc_align_left\">\n\t\t\n\t\t<figure class=\"wpb_wrapper vc_figure\">\n\t\t\t<div class=\"vc_single_image-wrapper   vc_box_border_grey\"><img loading=\"lazy\" decoding=\"async\" width=\"1920\" height=\"739\" src=\"https:\/\/i0.wp.com\/cumse.org\/wp-content\/uploads\/2021\/04\/PARTENARIATIcumse.png?fit=1920%2C739&amp;ssl=1\" class=\"vc_single_image-img attachment-full\" alt=\"\" srcset=\"https:\/\/i0.wp.com\/cumse.org\/wp-content\/uploads\/2021\/04\/PARTENARIATIcumse.png?w=1920&amp;ssl=1 1920w, https:\/\/i0.wp.com\/cumse.org\/wp-content\/uploads\/2021\/04\/PARTENARIATIcumse.png?resize=1200%2C462&amp;ssl=1 1200w, https:\/\/i0.wp.com\/cumse.org\/wp-content\/uploads\/2021\/04\/PARTENARIATIcumse.png?resize=300%2C115&amp;ssl=1 300w, https:\/\/i0.wp.com\/cumse.org\/wp-content\/uploads\/2021\/04\/PARTENARIATIcumse.png?resize=1024%2C394&amp;ssl=1 1024w, https:\/\/i0.wp.com\/cumse.org\/wp-content\/uploads\/2021\/04\/PARTENARIATIcumse.png?resize=768%2C296&amp;ssl=1 768w, https:\/\/i0.wp.com\/cumse.org\/wp-content\/uploads\/2021\/04\/PARTENARIATIcumse.png?resize=1536%2C591&amp;ssl=1 1536w, https:\/\/i0.wp.com\/cumse.org\/wp-content\/uploads\/2021\/04\/PARTENARIATIcumse.png?w=1280&amp;ssl=1 1280w\" sizes=\"auto, (max-width: 640px) 100vw, 640px\" \/><\/div>\n\t\t<\/figure>\n\t<\/div>\n<\/div><\/div><\/div><\/div><div class=\"vc_row wpb_row vc_row-fluid vc_custom_1618500831151\"><div class=\"wpb_column col-md-12\"><div class=\"vc_column-inner\"><div class=\"wpb_wrapper\">\n\t<div class=\"wpb_text_column wpb_content_element\" >\n\t\t<div class=\"wpb_wrapper\">\n\t\t\t<h1><strong><span style=\"color: #ff0000;\">L'union fait la force !<\/span><\/strong><\/h1>\n\n\t\t<\/div>\n\t<\/div>\n<\/div><\/div><\/div><\/div><div class=\"vc_row wpb_row vc_row-fluid vc_custom_1618415999499\"><div class=\"wpb_column col-md-12\"><div class=\"vc_column-inner\"><div class=\"wpb_wrapper\">\n\t<div class=\"wpb_text_column wpb_content_element\" >\n\t\t<div class=\"wpb_wrapper\">\n\t\t\t<p><span style=\"font-size: 12pt;\">Pour am\u00e9liorer et \u00e9largir ses interventions, la Fondation Cumse Onlus - ONG a d\u00e9velopp\u00e9 au fil des ann\u00e9es divers partenariats avec des Organisations \u00e0 but non lucratif, des Collectivit\u00e9s locales, des Congr\u00e9gations religieuses, des Dioc\u00e8ses, des Universit\u00e9s, tant au niveau strat\u00e9gique que autour d'un projet commun, avec le 'objectif de mener des interventions de plus grande envergure.<\/span><\/p>\n\n\t\t<\/div>\n\t<\/div>\n<\/div><\/div><\/div><\/div><div class=\"vc_row wpb_row vc_row-fluid vc_custom_1618500815929\"><div class=\"wpb_column col-md-3\"><div class=\"vc_column-inner\"><div class=\"wpb_wrapper\">\n\t<div  class=\"wpb_single_image wpb_content_element vc_align_left\">\n\t\t\n\t\t<figure class=\"wpb_wrapper vc_figure\">\n\t\t\t<div class=\"vc_single_image-wrapper   vc_box_border_grey\"><img loading=\"lazy\" decoding=\"async\" width=\"571\" height=\"320\" src=\"https:\/\/i0.wp.com\/cumse.org\/wp-content\/uploads\/2021\/04\/FOCSIV.jpg?fit=571%2C320&amp;ssl=1\" class=\"vc_single_image-img attachment-full\" alt=\"\" srcset=\"https:\/\/i0.wp.com\/cumse.org\/wp-content\/uploads\/2021\/04\/FOCSIV.jpg?w=571&amp;ssl=1 571w, https:\/\/i0.wp.com\/cumse.org\/wp-content\/uploads\/2021\/04\/FOCSIV.jpg?resize=200%2C112&amp;ssl=1 200w, https:\/\/i0.wp.com\/cumse.org\/wp-content\/uploads\/2021\/04\/FOCSIV.jpg?resize=300%2C168&amp;ssl=1 300w\" sizes=\"auto, (max-width: 571px) 100vw, 571px\" \/><\/div>\n\t\t<\/figure>\n\t<\/div>\n<\/div><\/div><\/div><div class=\"wpb_column col-md-9\"><div class=\"vc_column-inner\"><div class=\"wpb_wrapper\">\n\t<div class=\"wpb_text_column wpb_content_element\" >\n\t\t<div class=\"wpb_wrapper\">\n\t\t\t<h1 style=\"text-align: left;\"><strong><span style=\"color: #ff0000;\">FOCSIV<\/span><\/strong><\/h1>\n\n\t\t<\/div>\n\t<\/div>\n\n\t<div class=\"wpb_text_column wpb_content_element\" >\n\t\t<div class=\"wpb_wrapper\">\n\t\t\t<p>La <strong>FOCSIV<\/strong> (Federation of Christian Organisms International Voluntary Service) est une f\u00e9d\u00e9ration cr\u00e9\u00e9e en 1972, qui regroupe des organisations non gouvernementales italiennes d'inspiration chr\u00e9tienne actives dans le domaine de la solidarit\u00e9 avec les pays en d\u00e9veloppement. Environ 90 organismes sans but lucratif font partie de la F\u00e9d\u00e9ration.<\/p>\n\n\t\t<\/div>\n\t<\/div>\n<\/div><\/div><\/div><\/div><div class=\"vc_row wpb_row vc_row-fluid vc_custom_1618501017856\"><div class=\"wpb_column col-md-12\"><div class=\"vc_column-inner\"><div class=\"wpb_wrapper\"><div class=\"vc_separator wpb_content_element vc_separator_align_center vc_sep_width_100 vc_sep_border_width_6 vc_sep_pos_align_center vc_separator_no_text\" ><span class=\"vc_sep_holder vc_sep_holder_l\"><span  style=\"border-color:#ff0000;\" class=\"vc_sep_line\"><\/span><\/span><span class=\"vc_sep_holder vc_sep_holder_r\"><span  style=\"border-color:#ff0000;\" class=\"vc_sep_line\"><\/span><\/span>\n<\/div><\/div><\/div><\/div><\/div><div class=\"vc_row wpb_row vc_row-fluid vc_custom_1618500831151\"><div class=\"wpb_column col-md-12\"><div class=\"vc_column-inner\"><div class=\"wpb_wrapper\">\n\t<div class=\"wpb_text_column wpb_content_element\" >\n\t\t<div class=\"wpb_wrapper\">\n\t\t\t<h1><strong><span style=\"color: #ff0000;\">Forum SAD<\/span><\/strong><\/h1>\n\n\t\t<\/div>\n\t<\/div>\n<\/div><\/div><\/div><\/div><div class=\"vc_row wpb_row vc_row-fluid vc_custom_1618500838298\"><div class=\"wpb_column col-md-8\"><div class=\"vc_column-inner\"><div class=\"wpb_wrapper\">\n\t<div class=\"wpb_text_column wpb_content_element\" >\n\t\t<div class=\"wpb_wrapper\">\n\t\t\t<p><b>ForumSaD<\/b> d\u00e9coule de la n\u00e9cessit\u00e9 de repr\u00e9senter, au niveau national, les organisations qui fournissent un soutien \u00e0 distance et les nombreux donateurs, qui constituent une tranche tr\u00e8s importante de la soci\u00e9t\u00e9 italienne.<\/p>\n\n\t\t<\/div>\n\t<\/div>\n<\/div><\/div><\/div><div class=\"wpb_column col-md-4\"><div class=\"vc_column-inner\"><div class=\"wpb_wrapper\">\n\t<div  class=\"wpb_single_image wpb_content_element vc_align_left\">\n\t\t\n\t\t<figure class=\"wpb_wrapper vc_figure\">\n\t\t\t<div class=\"vc_single_image-wrapper   vc_box_border_grey\"><img loading=\"lazy\" decoding=\"async\" width=\"720\" height=\"265\" src=\"https:\/\/i0.wp.com\/cumse.org\/wp-content\/uploads\/2021\/04\/Forum-SAD.jpg?fit=720%2C265&amp;ssl=1\" class=\"vc_single_image-img attachment-full\" alt=\"\" srcset=\"https:\/\/i0.wp.com\/cumse.org\/wp-content\/uploads\/2021\/04\/Forum-SAD.jpg?w=720&amp;ssl=1 720w, https:\/\/i0.wp.com\/cumse.org\/wp-content\/uploads\/2021\/04\/Forum-SAD.jpg?resize=200%2C74&amp;ssl=1 200w, https:\/\/i0.wp.com\/cumse.org\/wp-content\/uploads\/2021\/04\/Forum-SAD.jpg?resize=300%2C110&amp;ssl=1 300w\" sizes=\"auto, (max-width: 640px) 100vw, 640px\" \/><\/div>\n\t\t<\/figure>\n\t<\/div>\n<\/div><\/div><\/div><\/div><div class=\"vc_row wpb_row vc_row-fluid vc_custom_1618416018648\"><div class=\"wpb_column col-md-12\"><div class=\"vc_column-inner\"><div class=\"wpb_wrapper\"><div class=\"vc_separator wpb_content_element vc_separator_align_center vc_sep_width_100 vc_sep_border_width_6 vc_sep_pos_align_center vc_separator_no_text\" ><span class=\"vc_sep_holder vc_sep_holder_l\"><span  style=\"border-color:#ff0000;\" class=\"vc_sep_line\"><\/span><\/span><span class=\"vc_sep_holder vc_sep_holder_r\"><span  style=\"border-color:#ff0000;\" class=\"vc_sep_line\"><\/span><\/span>\n<\/div><\/div><\/div><\/div><\/div><div class=\"vc_row wpb_row vc_row-fluid vc_custom_1618416038489\"><div class=\"wpb_column col-md-12\"><div class=\"vc_column-inner\"><div class=\"wpb_wrapper\">\n\t<div class=\"wpb_text_column wpb_content_element\" >\n\t\t<div class=\"wpb_wrapper\">\n\t\t\t<h1><strong><span style=\"color: #ff0000;\">AUTRES PARTENAIRES<\/span><\/strong><\/h1>\n\n\t\t<\/div>\n\t<\/div>\n<\/div><\/div><\/div><\/div><div class=\"vc_row wpb_row vc_row-fluid vc_custom_1618416046050\"><div class=\"wpb_column col-md-12\"><div class=\"vc_column-inner\"><div class=\"wpb_wrapper\">\n\t<div class=\"wpb_text_column wpb_content_element\" >\n\t\t<div class=\"wpb_wrapper\">\n\t\t\t<p style=\"text-align: justify;\"><b>La Fondation Cumse participe avec plusieurs partenaires du projet :<\/b><\/p>\n<p style=\"text-align: justify;\"><b>\u2022<\/b> VO.CI (Volontariato Cinisellese)<br \/>\n<b>\u2022<\/b> Habiba Community (Egitto)<br \/>\n<b>\u2022 <\/b>Agemda (Camerun)<br \/>\n<b>\u2022 <\/b>Nuoveau Ruisseau (Camerun)<br \/>\n<b>\u2022 <\/b>Fondation La Colombe Sacr\u00e9e &#8211; Fo.Co.Sa. Asbl (Congo)<br \/>\n<b>\u2022 <\/b>F\u00e9d\u00e9ration R\u00e9gional des Bijoutiers de Niamey (Niger)<br \/>\n<b>\u2022 <\/b>Inades-Formation Cameroun (Camerun)<br \/>\n<b>\u2022 <\/b>Dimbali Jigeen (Senegal)<br \/>\n<b>\u2022 <\/b>Fondation Bethl\u00e9em (Camerun)<br \/>\n<b>\u2022 <\/b>Carmelitas Missioneras Teresianas (Camerun)<br \/>\n<b>\u2022 <\/b>COE Centro Orientamento Educativo (Italia)<br \/>\n<b>\u2022 <\/b>Le GIC Amis du Village Dargala (Camerun)<br \/>\n<b>\u2022 <\/b>Compagnia delle Figlie della Carit\u00e0 di San Vincenzo de Paoli<br \/>\n<b>\u2022 <\/b>Diocesi di Mbalmayo (Camerun)<br \/>\n<b>\u2022 <\/b>Congregazione delle Oblate della Mater Orphanorum (Camerun)<br \/>\n<b>\u2022 <\/b>Case Sant\u00e9 et Environnement (Camerun)<br \/>\n<b>\u2022 <\/b>Le Village de Mayami, Arrondissement de Demsa (Camerun)<br \/>\n<b>\u2022 <\/b>ATCP, Association Tchadienne Commuaut\u00e9 pour le Progr\u00e8s ong (Ciad)<br \/>\n<b>\u2022 <\/b>ACRA, Associazione di Cooperazione Rurale in Africa e America Latina ong<br \/>\n<b>\u2022 <\/b>APPA, Aid Progresse Pharmacist Agreement<br \/>\n<b>\u2022 <\/b>Comune di Cinisello Balsamo<br \/>\n<b>\u2022 <\/b>Caritas<br \/>\n<b>\u2022 <\/b>Gruppi di Volontariato Vincenziano<br \/>\n<b>\u2022 <\/b>Parrocchia Sant\u2019Ambrogio, Cinisello Balsamo<br \/>\n<b>\u2022 <\/b>Parrocchia San Giuseppe, Cinisello Balsamo<br \/>\n<b>\u2022 <\/b>Parrocchia San Martino, Cinisello Balsamo<br \/>\n<b>\u2022 <\/b>Comunit\u00e0 Alloggio Madonna dei Poveri, Suore Missionarie della Carit\u00e0, Cinisello Balsamo<\/p>\n\n\t\t<\/div>\n\t<\/div>\n<\/div><\/div><\/div><\/div><div class=\"vc_row wpb_row vc_row-fluid vc_custom_1618416063703\"><div class=\"wpb_column col-md-12\"><div class=\"vc_column-inner\"><div class=\"wpb_wrapper\"><div class=\"vc_separator wpb_content_element vc_separator_align_center vc_sep_width_100 vc_sep_border_width_6 vc_sep_pos_align_center vc_separator_no_text\" ><span class=\"vc_sep_holder vc_sep_holder_l\"><span  style=\"border-color:#ff0000;\" class=\"vc_sep_line\"><\/span><\/span><span class=\"vc_sep_holder vc_sep_holder_r\"><span  style=\"border-color:#ff0000;\" class=\"vc_sep_line\"><\/span><\/span>\n<\/div>\n\t<div class=\"wpb_text_column wpb_content_element\" >\n\t\t<div class=\"wpb_wrapper\">\n\t\t\t<h1><strong><span style=\"color: #ff0000;\">UNIVERSIT\u00c9<\/span><\/strong><\/h1>\n\n\t\t<\/div>\n\t<\/div>\n<\/div><\/div><\/div><\/div><div class=\"vc_row wpb_row vc_row-fluid vc_custom_1618416072385\"><div class=\"wpb_column col-md-6\"><div class=\"vc_column-inner\"><div class=\"wpb_wrapper\">\n\t<div  class=\"wpb_single_image wpb_content_element vc_align_left\">\n\t\t\n\t\t<figure class=\"wpb_wrapper vc_figure\">\n\t\t\t<div class=\"vc_single_image-wrapper   vc_box_border_grey\"><img loading=\"lazy\" decoding=\"async\" width=\"912\" height=\"693\" src=\"https:\/\/i0.wp.com\/cumse.org\/wp-content\/uploads\/2021\/04\/universita2-e1618499121772.jpg?fit=912%2C693&amp;ssl=1\" class=\"vc_single_image-img attachment-full\" alt=\"\" srcset=\"https:\/\/i0.wp.com\/cumse.org\/wp-content\/uploads\/2021\/04\/universita2-e1618499121772.jpg?w=912&amp;ssl=1 912w, https:\/\/i0.wp.com\/cumse.org\/wp-content\/uploads\/2021\/04\/universita2-e1618499121772.jpg?resize=800%2C608&amp;ssl=1 800w, https:\/\/i0.wp.com\/cumse.org\/wp-content\/uploads\/2021\/04\/universita2-e1618499121772.jpg?resize=300%2C228&amp;ssl=1 300w, https:\/\/i0.wp.com\/cumse.org\/wp-content\/uploads\/2021\/04\/universita2-e1618499121772.jpg?resize=768%2C584&amp;ssl=1 768w\" sizes=\"auto, (max-width: 640px) 100vw, 640px\" \/><\/div>\n\t\t<\/figure>\n\t<\/div>\n<\/div><\/div><\/div><div class=\"wpb_column col-md-6\"><div class=\"vc_column-inner\"><div class=\"wpb_wrapper\">\n\t<div class=\"wpb_text_column wpb_content_element\" >\n\t\t<div class=\"wpb_wrapper\">\n\t\t\t<p><b>\u2022 <\/b>Universit\u00e0 degli Studi di Milano<br \/>\n<b>\u2022 <\/b>Unimib, Milano<br \/>\n<b>\u2022 <\/b>Universit\u00e0 degli Studi di Torino<br \/>\n<b>\u2022 <\/b>Cure onlus, Ospedale Sacco Polo Universitario, Milano<br \/>\n<b>\u2022 <\/b>Principali finanziatori (triennio 2016\/17\/18)<br \/>\n<b>\u2022 <\/b>Agenzia delle Entrate (5 per mille)<br \/>\n<b>\u2022 <\/b>Associazione Edod\u00e8 Onlus<br \/>\n<b>\u2022 <\/b>Comune di Cinisello Balsamo<br \/>\n<b>\u2022 <\/b>Fondazione Peppino Vismara<br \/>\n<b>\u2022 <\/b>Fondazione Renato Corti<br \/>\n<b>\u2022 <\/b>Lasciti testamentari<br \/>\n<b>\u2022 <\/b>Presidenza del Consiglio dei Ministri (8 per 1000)<\/p>\n\n\t\t<\/div>\n\t<\/div>\n<\/div><\/div><\/div><\/div><div class=\"vc_row wpb_row vc_row-fluid\"><div class=\"wpb_column col-md-12\"><div class=\"vc_column-inner\"><div class=\"wpb_wrapper\">\n\t<div  class=\"wpb_single_image wpb_content_element vc_align_left\">\n\t\t\n\t\t<figure class=\"wpb_wrapper vc_figure\">\n\t\t\t<div class=\"vc_single_image-wrapper   vc_box_border_grey\"><\/div>\n\t\t<\/figure>\n\t<\/div>\n<\/div><\/div><\/div><\/div>","protected":false},"excerpt":{"rendered":"L'Unione fa la forza! Per migliorare e ampliare i propri interventi, Fondazione Cumse Onlus - ONG ha sviluppato negli anni diversi partenariati con Organizzazioni Non-profit, Enti Locali, Congregazioni Religiose, Diocesi, Universit\u00e0, sia a livello strategico, sia costruiti attorno a un progetto comune, con l\u2019obiettivo di realizzare interventi di pi\u00f9 ampio respiro. FOCSIV La FOCSIV (Federazione [...]","protected":false},"author":1,"featured_media":0,"parent":0,"menu_order":0,"comment_status":"closed","ping_status":"closed","template":"homepage-template.php","meta":{"footnotes":""},"class_list":["post-2296","page","type-page","status-publish","hentry"],"yoast_head":"<!-- This site is optimized with the Yoast SEO plugin v27.3 - https:\/\/yoast.com\/product\/yoast-seo-wordpress\/ -->\n<title>PARTENARIATI - Fondazione Cumse ETS<\/title>\n<meta name=\"robots\" content=\"index, follow, max-snippet:-1, max-image-preview:large, max-video-preview:-1\" \/>\n<link rel=\"canonical\" href=\"https:\/\/cumse.org\/fr\/partenariati\/\" \/>\n<meta property=\"og:locale\" content=\"fr_FR\" \/>\n<meta property=\"og:type\" content=\"article\" \/>\n<meta property=\"og:title\" content=\"PARTENARIATI - Fondazione Cumse ETS\" \/>\n<meta property=\"og:url\" content=\"https:\/\/cumse.org\/fr\/partenariati\/\" \/>\n<meta property=\"og:site_name\" content=\"Fondazione Cumse ETS\" \/>\n<meta property=\"article:modified_time\" content=\"2021-09-13T10:50:41+00:00\" \/>\n<meta name=\"twitter:card\" content=\"summary_large_image\" \/>\n<meta name=\"twitter:label1\" content=\"Dur\u00e9e de lecture estim\u00e9e\" \/>\n\t<meta name=\"twitter:data1\" content=\"2 minutes\" \/>\n<script type=\"application\/ld+json\" class=\"yoast-schema-graph\">{\"@context\":\"https:\\\/\\\/schema.org\",\"@graph\":[{\"@type\":\"WebPage\",\"@id\":\"https:\\\/\\\/cumse.org\\\/partenariati\\\/\",\"url\":\"https:\\\/\\\/cumse.org\\\/partenariati\\\/\",\"name\":\"PARTENARIATI - Fondazione Cumse ETS\",\"isPartOf\":{\"@id\":\"https:\\\/\\\/cumse.org\\\/#website\"},\"datePublished\":\"2020-03-10T18:09:27+00:00\",\"dateModified\":\"2021-09-13T10:50:41+00:00\",\"breadcrumb\":{\"@id\":\"https:\\\/\\\/cumse.org\\\/partenariati\\\/#breadcrumb\"},\"inLanguage\":\"fr-FR\",\"potentialAction\":[{\"@type\":\"ReadAction\",\"target\":[\"https:\\\/\\\/cumse.org\\\/partenariati\\\/\"]}]},{\"@type\":\"BreadcrumbList\",\"@id\":\"https:\\\/\\\/cumse.org\\\/partenariati\\\/#breadcrumb\",\"itemListElement\":[{\"@type\":\"ListItem\",\"position\":1,\"name\":\"Home\",\"item\":\"https:\\\/\\\/cumse.org\\\/\"},{\"@type\":\"ListItem\",\"position\":2,\"name\":\"PARTENARIATI\"}]},{\"@type\":\"WebSite\",\"@id\":\"https:\\\/\\\/cumse.org\\\/#website\",\"url\":\"https:\\\/\\\/cumse.org\\\/\",\"name\":\"Fondazione Cumse ETS\",\"description\":\"Siamo dove gli altri distolgono lo sguardo\",\"potentialAction\":[{\"@type\":\"SearchAction\",\"target\":{\"@type\":\"EntryPoint\",\"urlTemplate\":\"https:\\\/\\\/cumse.org\\\/?s={search_term_string}\"},\"query-input\":{\"@type\":\"PropertyValueSpecification\",\"valueRequired\":true,\"valueName\":\"search_term_string\"}}],\"inLanguage\":\"fr-FR\"}]}<\/script>\n<!-- \/ Yoast SEO plugin. -->","yoast_head_json":{"title":"PARTENARIATI - Fondazione Cumse ETS","robots":{"index":"index","follow":"follow","max-snippet":"max-snippet:-1","max-image-preview":"max-image-preview:large","max-video-preview":"max-video-preview:-1"},"canonical":"https:\/\/cumse.org\/fr\/partenariati\/","og_locale":"fr_FR","og_type":"article","og_title":"PARTENARIATI - Fondazione Cumse ETS","og_url":"https:\/\/cumse.org\/fr\/partenariati\/","og_site_name":"Fondazione Cumse ETS","article_modified_time":"2021-09-13T10:50:41+00:00","twitter_card":"summary_large_image","twitter_misc":{"Dur\u00e9e de lecture estim\u00e9e":"2 minutes"},"schema":{"@context":"https:\/\/schema.org","@graph":[{"@type":"WebPage","@id":"https:\/\/cumse.org\/partenariati\/","url":"https:\/\/cumse.org\/partenariati\/","name":"PARTENARIATI - Fondazione Cumse ETS","isPartOf":{"@id":"https:\/\/cumse.org\/#website"},"datePublished":"2020-03-10T18:09:27+00:00","dateModified":"2021-09-13T10:50:41+00:00","breadcrumb":{"@id":"https:\/\/cumse.org\/partenariati\/#breadcrumb"},"inLanguage":"fr-FR","potentialAction":[{"@type":"ReadAction","target":["https:\/\/cumse.org\/partenariati\/"]}]},{"@type":"BreadcrumbList","@id":"https:\/\/cumse.org\/partenariati\/#breadcrumb","itemListElement":[{"@type":"ListItem","position":1,"name":"Home","item":"https:\/\/cumse.org\/"},{"@type":"ListItem","position":2,"name":"PARTENARIATI"}]},{"@type":"WebSite","@id":"https:\/\/cumse.org\/#website","url":"https:\/\/cumse.org\/","name":"Fondazione Cumse ETS","description":"Siamo dove gli altri distolgono lo sguardo","potentialAction":[{"@type":"SearchAction","target":{"@type":"EntryPoint","urlTemplate":"https:\/\/cumse.org\/?s={search_term_string}"},"query-input":{"@type":"PropertyValueSpecification","valueRequired":true,"valueName":"search_term_string"}}],"inLanguage":"fr-FR"}]}},"jetpack_sharing_enabled":true,"_links":{"self":[{"href":"https:\/\/cumse.org\/fr\/wp-json\/wp\/v2\/pages\/2296","targetHints":{"allow":["GET"]}}],"collection":[{"href":"https:\/\/cumse.org\/fr\/wp-json\/wp\/v2\/pages"}],"about":[{"href":"https:\/\/cumse.org\/fr\/wp-json\/wp\/v2\/types\/page"}],"author":[{"embeddable":true,"href":"https:\/\/cumse.org\/fr\/wp-json\/wp\/v2\/users\/1"}],"replies":[{"embeddable":true,"href":"https:\/\/cumse.org\/fr\/wp-json\/wp\/v2\/comments?post=2296"}],"version-history":[{"count":0,"href":"https:\/\/cumse.org\/fr\/wp-json\/wp\/v2\/pages\/2296\/revisions"}],"wp:attachment":[{"href":"https:\/\/cumse.org\/fr\/wp-json\/wp\/v2\/media?parent=2296"}],"curies":[{"name":"wp","href":"https:\/\/api.w.org\/{rel}","templated":true}]}}