{"id":2231,"date":"2020-03-10T16:31:10","date_gmt":"2020-03-10T15:31:10","guid":{"rendered":"https:\/\/cumse.org\/?p=2231"},"modified":"2022-04-12T14:47:36","modified_gmt":"2022-04-12T13:47:36","slug":"progetto-suor-miriam","status":"publish","type":"page","link":"https:\/\/cumse.org\/fr\/progetto-suor-miriam\/","title":{"rendered":"PROGETTO SUOR MIRIAM"},"content":{"rendered":"<div class=\"vc_row wpb_row vc_row-fluid vc_custom_1635501376360\"><div class=\"wpb_column col-md-12\"><div class=\"vc_column-inner\"><div class=\"wpb_wrapper\">\n\t<div  class=\"wpb_single_image wpb_content_element vc_align_left\">\n\t\t\n\t\t<figure class=\"wpb_wrapper vc_figure\">\n\t\t\t<div class=\"vc_single_image-wrapper   vc_box_border_grey\"><img loading=\"lazy\" decoding=\"async\" width=\"1525\" height=\"967\" src=\"https:\/\/i0.wp.com\/cumse.org\/wp-content\/uploads\/2021\/04\/PROGETTO-SUOR-MIRYAM-2.png?fit=1525%2C967&amp;ssl=1\" class=\"vc_single_image-img attachment-full\" alt=\"\" srcset=\"https:\/\/i0.wp.com\/cumse.org\/wp-content\/uploads\/2021\/04\/PROGETTO-SUOR-MIRYAM-2.png?w=1525&amp;ssl=1 1525w, https:\/\/i0.wp.com\/cumse.org\/wp-content\/uploads\/2021\/04\/PROGETTO-SUOR-MIRYAM-2.png?resize=1200%2C761&amp;ssl=1 1200w, https:\/\/i0.wp.com\/cumse.org\/wp-content\/uploads\/2021\/04\/PROGETTO-SUOR-MIRYAM-2.png?resize=300%2C190&amp;ssl=1 300w, https:\/\/i0.wp.com\/cumse.org\/wp-content\/uploads\/2021\/04\/PROGETTO-SUOR-MIRYAM-2.png?resize=1024%2C649&amp;ssl=1 1024w, https:\/\/i0.wp.com\/cumse.org\/wp-content\/uploads\/2021\/04\/PROGETTO-SUOR-MIRYAM-2.png?resize=768%2C487&amp;ssl=1 768w, https:\/\/i0.wp.com\/cumse.org\/wp-content\/uploads\/2021\/04\/PROGETTO-SUOR-MIRYAM-2.png?w=1280&amp;ssl=1 1280w\" sizes=\"auto, (max-width: 640px) 100vw, 640px\" \/><\/div>\n\t\t<\/figure>\n\t<\/div>\n<\/div><\/div><\/div><\/div><div class=\"vc_row wpb_row vc_row-fluid vc_custom_1619095629216\"><div class=\"wpb_column col-md-12\"><div class=\"vc_column-inner\"><div class=\"wpb_wrapper\">\n\t<div class=\"wpb_text_column wpb_content_element\" >\n\t\t<div class=\"wpb_wrapper\">\n\t\t\t<h1><span style=\"color: #ff0000;\"><strong>De quoi les enfants de s\u0153ur Miryam ont-ils besoin ?<\/strong><\/span><\/h1>\n\n\t\t<\/div>\n\t<\/div>\n<\/div><\/div><\/div><\/div><div class=\"vc_row wpb_row vc_row-fluid vc_custom_1619095636167\"><div class=\"wpb_column col-md-6\"><div class=\"vc_column-inner\"><div class=\"wpb_wrapper\">\n\t<div  class=\"wpb_single_image wpb_content_element vc_align_left\">\n\t\t\n\t\t<figure class=\"wpb_wrapper vc_figure\">\n\t\t\t<div class=\"vc_single_image-wrapper   vc_box_border_grey\"><img loading=\"lazy\" decoding=\"async\" width=\"581\" height=\"373\" src=\"https:\/\/i0.wp.com\/cumse.org\/wp-content\/uploads\/2021\/04\/bidzar.png?fit=581%2C373&amp;ssl=1\" class=\"vc_single_image-img attachment-full\" alt=\"\" srcset=\"https:\/\/i0.wp.com\/cumse.org\/wp-content\/uploads\/2021\/04\/bidzar.png?w=581&amp;ssl=1 581w, https:\/\/i0.wp.com\/cumse.org\/wp-content\/uploads\/2021\/04\/bidzar.png?resize=200%2C128&amp;ssl=1 200w, https:\/\/i0.wp.com\/cumse.org\/wp-content\/uploads\/2021\/04\/bidzar.png?resize=300%2C193&amp;ssl=1 300w\" sizes=\"auto, (max-width: 581px) 100vw, 581px\" \/><\/div>\n\t\t<\/figure>\n\t<\/div>\n<\/div><\/div><\/div><div class=\"wpb_column col-md-6\"><div class=\"vc_column-inner\"><div class=\"wpb_wrapper\">\n\t<div class=\"wpb_text_column wpb_content_element\" >\n\t\t<div class=\"wpb_wrapper\">\n\t\t\t<p><span style=\"font-size: 12pt;\">Nous sommes \u00e0 l'orphelinat de Bidzar, dans l'extr\u00eame nord du Cameroun, o\u00f9 une jeune et courageuse nonne - S\u0153ur Miryam - a relev\u00e9 un d\u00e9fi presque impossible, celui d'aider plus de 130 enfants \u00e0 survivre. Malheureusement, cette entreprise d\u00e9j\u00e0 tr\u00e8s exigeante se heurte \u00e0 un terrible ennemi : le paludisme. Il faut toujours des m\u00e9dicaments pour gu\u00e9rir tous les enfants mais aussi de la nourriture pour leur subsistance. Lorsque S\u0153ur Miryam nous a demand\u00e9 de l'aide, elle nous a pr\u00e9sent\u00e9 ses excuses pour nous avoir d\u00e9rang\u00e9s, mais nous la remercions plut\u00f4t de nous avoir donn\u00e9 l'opportunit\u00e9 de transformer quelques euros en un outil concret d'aide pour ceux qui se battent chaque jour pour la vie.<\/span><\/p>\n<p><a href=\"https:\/\/cumse.org\/fr\/sad-sostegno-a-distanza\/\">(https:\/\/cumse.org\/sad-soutien-\u00e0-distance\/)<\/a><\/p>\n\n\t\t<\/div>\n\t<\/div>\n<\/div><\/div><\/div><\/div><div class=\"vc_row wpb_row vc_row-fluid vc_custom_1619095655552\"><div class=\"wpb_column col-md-12\"><div class=\"vc_column-inner\"><div class=\"wpb_wrapper\"><div class=\"vc_separator wpb_content_element vc_separator_align_center vc_sep_width_100 vc_sep_border_width_6 vc_sep_pos_align_center vc_separator_no_text\" ><span class=\"vc_sep_holder vc_sep_holder_l\"><span  style=\"border-color:#ff0000;\" class=\"vc_sep_line\"><\/span><\/span><span class=\"vc_sep_holder vc_sep_holder_r\"><span  style=\"border-color:#ff0000;\" class=\"vc_sep_line\"><\/span><\/span>\n<\/div><\/div><\/div><\/div><\/div><div class=\"vc_row wpb_row vc_row-fluid vc_custom_1619095769784\"><div class=\"wpb_column col-md-12\"><div class=\"vc_column-inner\"><div class=\"wpb_wrapper\">\n\t<div class=\"wpb_text_column wpb_content_element\" >\n\t\t<div class=\"wpb_wrapper\">\n\t\t\t<h2><span style=\"color: #ff0000;\"><strong>Le moustique anoph\u00e8le est le coupable.<\/strong><\/span><\/h2>\n\n\t\t<\/div>\n\t<\/div>\n<\/div><\/div><\/div><\/div><div class=\"vc_row wpb_row vc_row-fluid vc_custom_1619095636167\"><div class=\"wpb_column col-md-6\"><div class=\"vc_column-inner\"><div class=\"wpb_wrapper\">\n\t<div  class=\"wpb_single_image wpb_content_element vc_align_left\">\n\t\t\n\t\t<figure class=\"wpb_wrapper vc_figure\">\n\t\t\t<div class=\"vc_single_image-wrapper   vc_box_border_grey\"><img loading=\"lazy\" decoding=\"async\" width=\"298\" height=\"302\" src=\"https:\/\/i0.wp.com\/cumse.org\/wp-content\/uploads\/2021\/04\/zanzara.png?fit=298%2C302&amp;ssl=1\" class=\"vc_single_image-img attachment-full\" alt=\"\" srcset=\"https:\/\/i0.wp.com\/cumse.org\/wp-content\/uploads\/2021\/04\/zanzara.png?w=298&amp;ssl=1 298w, https:\/\/i0.wp.com\/cumse.org\/wp-content\/uploads\/2021\/04\/zanzara.png?resize=100%2C100&amp;ssl=1 100w, https:\/\/i0.wp.com\/cumse.org\/wp-content\/uploads\/2021\/04\/zanzara.png?resize=200%2C203&amp;ssl=1 200w, https:\/\/i0.wp.com\/cumse.org\/wp-content\/uploads\/2021\/04\/zanzara.png?resize=296%2C300&amp;ssl=1 296w\" sizes=\"auto, (max-width: 298px) 100vw, 298px\" \/><\/div>\n\t\t<\/figure>\n\t<\/div>\n<\/div><\/div><\/div><div class=\"wpb_column col-md-6\"><div class=\"vc_column-inner\"><div class=\"wpb_wrapper\">\n\t<div class=\"wpb_text_column wpb_content_element\" >\n\t\t<div class=\"wpb_wrapper\">\n\t\t\t<p><span style=\"font-size: 12pt;\">Ce genre particulier de moustique est tristement c\u00e9l\u00e8bre comme \u00e9tant le principal vecteur de transmission de nombreuses maladies qui affectent l'homme, en particulier il transmet le Plasmodium du Paludisme.<br \/>\n<\/span><span style=\"font-size: 12pt;\">Le paludisme est consid\u00e9r\u00e9 comme l'une des maladies les plus r\u00e9pandues dans le monde. Les enfants, en particulier de moins de 5 ans, courent un risque accru de d\u00e9velopper des formes graves de la maladie.<\/span><\/p>\n<div class=\"page\" title=\"Page 2\">\n<div class=\"section\">\n<div class=\"layoutArea\">\n<div class=\"column\">\n<hr \/>\n<p><span style=\"font-size: 12pt;\">Les deux tiers des infections sont enregistr\u00e9es dans les pays d'Afrique subsaharienne (pr\u00e9cis\u00e9ment l\u00e0 o\u00f9 vivent les enfants de s\u0153ur Miryam).<\/span><br \/>\n<span style=\"font-size: 12pt;\">La situation est particuli\u00e8rement grave car seul un enfant sur cinq re\u00e7oit un traitement ad\u00e9quat, alors qu'il est possible et facile de se prot\u00e9ger de cette maladie. En effet, avec l'argent que nous r\u00e9colterons avec les tirelires nous pourrons prot\u00e9ger tous les enfants de S\u0153ur Miryam de cette vilaine maladie.<\/span><\/p>\n<\/div>\n<\/div>\n<\/div>\n<\/div>\n\n\t\t<\/div>\n\t<\/div>\n<\/div><\/div><\/div><\/div><div class=\"vc_row wpb_row vc_row-fluid vc_custom_1619095655552\"><div class=\"wpb_column col-md-12\"><div class=\"vc_column-inner\"><div class=\"wpb_wrapper\"><div class=\"vc_separator wpb_content_element vc_separator_align_center vc_sep_width_100 vc_sep_border_width_6 vc_sep_pos_align_center vc_separator_no_text\" ><span class=\"vc_sep_holder vc_sep_holder_l\"><span  style=\"border-color:#ff0000;\" class=\"vc_sep_line\"><\/span><\/span><span class=\"vc_sep_holder vc_sep_holder_r\"><span  style=\"border-color:#ff0000;\" class=\"vc_sep_line\"><\/span><\/span>\n<\/div><\/div><\/div><\/div><\/div><div class=\"vc_row wpb_row vc_row-fluid vc_custom_1619095636167\"><div class=\"wpb_column col-md-6\"><div class=\"vc_column-inner\"><div class=\"wpb_wrapper\">\n\t<div class=\"wpb_text_column wpb_content_element\" >\n\t\t<div class=\"wpb_wrapper\">\n\t\t\t<h2>IL Y A DES ENFANTS<br \/>\nQUI ONT BESOIN D'AIDE ET NOUS POUVONS FAIRE ENSEMBLE QUELQUE CHOSE D'IMPORTANT POUR EUX<\/h2>\n\n\t\t<\/div>\n\t<\/div>\n<\/div><\/div><\/div><div class=\"wpb_column col-md-6\"><div class=\"vc_column-inner\"><div class=\"wpb_wrapper\">\n\t<div  class=\"wpb_single_image wpb_content_element vc_align_left\">\n\t\t\n\t\t<figure class=\"wpb_wrapper vc_figure\">\n\t\t\t<div class=\"vc_single_image-wrapper   vc_box_border_grey\"><img loading=\"lazy\" decoding=\"async\" width=\"1536\" height=\"747\" src=\"https:\/\/i0.wp.com\/cumse.org\/wp-content\/uploads\/2021\/04\/Roberto-Miryam-1536x747-1.jpg?fit=1536%2C747&amp;ssl=1\" class=\"vc_single_image-img attachment-full\" alt=\"\" srcset=\"https:\/\/i0.wp.com\/cumse.org\/wp-content\/uploads\/2021\/04\/Roberto-Miryam-1536x747-1.jpg?w=1536&amp;ssl=1 1536w, https:\/\/i0.wp.com\/cumse.org\/wp-content\/uploads\/2021\/04\/Roberto-Miryam-1536x747-1.jpg?resize=1200%2C584&amp;ssl=1 1200w, https:\/\/i0.wp.com\/cumse.org\/wp-content\/uploads\/2021\/04\/Roberto-Miryam-1536x747-1.jpg?resize=300%2C146&amp;ssl=1 300w, https:\/\/i0.wp.com\/cumse.org\/wp-content\/uploads\/2021\/04\/Roberto-Miryam-1536x747-1.jpg?resize=1024%2C498&amp;ssl=1 1024w, https:\/\/i0.wp.com\/cumse.org\/wp-content\/uploads\/2021\/04\/Roberto-Miryam-1536x747-1.jpg?resize=768%2C374&amp;ssl=1 768w, https:\/\/i0.wp.com\/cumse.org\/wp-content\/uploads\/2021\/04\/Roberto-Miryam-1536x747-1.jpg?w=1280&amp;ssl=1 1280w\" sizes=\"auto, (max-width: 640px) 100vw, 640px\" \/><\/div>\n\t\t<\/figure>\n\t<\/div>\n<\/div><\/div><\/div><\/div><div class=\"vc_row wpb_row vc_row-fluid vc_custom_1619095655552\"><div class=\"wpb_column col-md-12\"><div class=\"vc_column-inner\"><div class=\"wpb_wrapper\"><div class=\"vc_separator wpb_content_element vc_separator_align_center vc_sep_width_100 vc_sep_border_width_6 vc_sep_pos_align_center vc_separator_no_text\" ><span class=\"vc_sep_holder vc_sep_holder_l\"><span  style=\"border-color:#ff0000;\" class=\"vc_sep_line\"><\/span><\/span><span class=\"vc_sep_holder vc_sep_holder_r\"><span  style=\"border-color:#ff0000;\" class=\"vc_sep_line\"><\/span><\/span>\n<\/div><\/div><\/div><\/div><\/div><div class=\"vc_row wpb_row vc_row-fluid vc_custom_1619095769784\"><div class=\"wpb_column col-md-12\"><div class=\"vc_column-inner\"><div class=\"wpb_wrapper\">\n\t<div class=\"wpb_text_column wpb_content_element\" >\n\t\t<div class=\"wpb_wrapper\">\n\t\t\t<h2><span style=\"color: #ff0000;\"><strong>L'ALTRUISME : PARCE QUE \u00c7A NOUS FAIT DU BIEN.<\/strong><\/span><\/h2>\n\n\t\t<\/div>\n\t<\/div>\n<\/div><\/div><\/div><\/div><div class=\"vc_row wpb_row vc_row-fluid vc_custom_1619095636167\"><div class=\"wpb_column col-md-6\"><div class=\"vc_column-inner\"><div class=\"wpb_wrapper\">\n\t<div  class=\"wpb_single_image wpb_content_element vc_align_left\">\n\t\t\n\t\t<figure class=\"wpb_wrapper vc_figure\">\n\t\t\t<div class=\"vc_single_image-wrapper   vc_box_border_grey\"><img loading=\"lazy\" decoding=\"async\" width=\"1154\" height=\"866\" src=\"https:\/\/i0.wp.com\/cumse.org\/wp-content\/uploads\/2022\/04\/unnamed.png?fit=1154%2C866&amp;ssl=1\" class=\"vc_single_image-img attachment-full\" alt=\"\" srcset=\"https:\/\/i0.wp.com\/cumse.org\/wp-content\/uploads\/2022\/04\/unnamed.png?w=1154&amp;ssl=1 1154w, https:\/\/i0.wp.com\/cumse.org\/wp-content\/uploads\/2022\/04\/unnamed.png?resize=300%2C225&amp;ssl=1 300w, https:\/\/i0.wp.com\/cumse.org\/wp-content\/uploads\/2022\/04\/unnamed.png?resize=1024%2C768&amp;ssl=1 1024w, https:\/\/i0.wp.com\/cumse.org\/wp-content\/uploads\/2022\/04\/unnamed.png?resize=768%2C576&amp;ssl=1 768w\" sizes=\"auto, (max-width: 640px) 100vw, 640px\" \/><\/div>\n\t\t<\/figure>\n\t<\/div>\n<\/div><\/div><\/div><div class=\"wpb_column col-md-6\"><div class=\"vc_column-inner\"><div class=\"wpb_wrapper\">\n\t<div class=\"wpb_text_column wpb_content_element\" >\n\t\t<div class=\"wpb_wrapper\">\n\t\t\t<div class=\"column\">\n<p><span style=\"font-size: 12pt;\">L'altruisme est ce sentiment qui nous pousse \u00e0 faire quelque chose pour les autres et que nous aimerions nous aussi recevoir en cas de besoin.<\/span><br \/>\n<span style=\"font-size: 12pt;\">Agir de mani\u00e8re d\u00e9sint\u00e9ress\u00e9e est agr\u00e9able parce que lorsque nous faisons quelque chose pour les autres, nous nous sentons bien de voir que nous avons \u00e9t\u00e9 importants pour quelqu'un.<\/span><\/p>\n<\/div>\n<div class=\"column\">\n<p><span style=\"font-size: 12pt;\">Peu importe la culture, la religion, la race ou le sexe de la personne dans le besoin car nous aussi nous sommes diff\u00e9rents des autres. L'altruisme est donc un grand objectif de justice, d'\u00e9ducation et de formation. Rappelons-nous la r\u00e8gle d'or : traitez les autres comme vous aimeriez \u00eatre trait\u00e9 si vous \u00e9tiez en difficult\u00e9.<\/span><\/p>\n<\/div>\n\n\t\t<\/div>\n\t<\/div>\n<\/div><\/div><\/div><\/div><div class=\"vc_row wpb_row vc_row-fluid vc_custom_1619100365951\"><div class=\"wpb_column col-md-12\"><div class=\"vc_column-inner\"><div class=\"wpb_wrapper\">\n\t<div  class=\"wpb_single_image wpb_content_element vc_align_left\">\n\t\t\n\t\t<figure class=\"wpb_wrapper vc_figure\">\n\t\t\t<div class=\"vc_single_image-wrapper   vc_box_border_grey\"><\/div>\n\t\t<\/figure>\n\t<\/div>\n<\/div><\/div><\/div><\/div>","protected":false},"excerpt":{"rendered":"Di cosa hanno bisogno I Bambini di Suor Miryam? Siamo nell\u2019orfanotrofio di Bidzar, nell\u2019estremo nord del Camerun, dove una giovane e coraggiosa suora \u2013 Suor Miryam \u2013 ha accettato una sfida quasi impossibile, ovvero aiutare a sopravvivere oltre 130 bambini. Purtroppo questa impresa, gi\u00e0 molto impegnativa, si scontra con un terribile nemico: la malaria. Servono [...]","protected":false},"author":1,"featured_media":0,"parent":0,"menu_order":0,"comment_status":"closed","ping_status":"closed","template":"homepage-template.php","meta":{"footnotes":""},"class_list":["post-2231","page","type-page","status-publish","hentry"],"yoast_head":"<!-- This site is optimized with the Yoast SEO plugin v27.3 - https:\/\/yoast.com\/product\/yoast-seo-wordpress\/ -->\n<title>PROGETTO SUOR MIRIAM - Fondazione Cumse ETS<\/title>\n<meta name=\"description\" content=\"PROGETTO SUOR MIRIAM Orfanotrofio di Bidzar - Nord del Camerun - dove - Suor Miryam - sta aiutando a sopravvivere oltre 130 bambini.\" \/>\n<meta name=\"robots\" content=\"index, follow, max-snippet:-1, max-image-preview:large, max-video-preview:-1\" \/>\n<link rel=\"canonical\" href=\"https:\/\/cumse.org\/fr\/progetto-suor-miriam\/\" \/>\n<meta property=\"og:locale\" content=\"fr_FR\" \/>\n<meta property=\"og:type\" content=\"article\" \/>\n<meta property=\"og:title\" content=\"PROGETTO SUOR MIRIAM - Fondazione Cumse ETS\" \/>\n<meta property=\"og:description\" content=\"PROGETTO SUOR MIRIAM Orfanotrofio di Bidzar - Nord del Camerun - dove - Suor Miryam - sta aiutando a sopravvivere oltre 130 bambini.\" \/>\n<meta property=\"og:url\" content=\"https:\/\/cumse.org\/fr\/progetto-suor-miriam\/\" \/>\n<meta property=\"og:site_name\" content=\"Fondazione Cumse ETS\" \/>\n<meta property=\"article:modified_time\" content=\"2022-04-12T13:47:36+00:00\" \/>\n<meta name=\"twitter:card\" content=\"summary_large_image\" \/>\n<meta name=\"twitter:label1\" content=\"Dur\u00e9e de lecture estim\u00e9e\" \/>\n\t<meta name=\"twitter:data1\" content=\"3 minutes\" \/>\n<script type=\"application\/ld+json\" class=\"yoast-schema-graph\">{\"@context\":\"https:\\\/\\\/schema.org\",\"@graph\":[{\"@type\":\"WebPage\",\"@id\":\"https:\\\/\\\/cumse.org\\\/progetto-suor-miriam\\\/\",\"url\":\"https:\\\/\\\/cumse.org\\\/progetto-suor-miriam\\\/\",\"name\":\"PROGETTO SUOR MIRIAM - Fondazione Cumse ETS\",\"isPartOf\":{\"@id\":\"https:\\\/\\\/cumse.org\\\/#website\"},\"datePublished\":\"2020-03-10T15:31:10+00:00\",\"dateModified\":\"2022-04-12T13:47:36+00:00\",\"description\":\"PROGETTO SUOR MIRIAM Orfanotrofio di Bidzar - Nord del Camerun - dove - Suor Miryam - sta aiutando a sopravvivere oltre 130 bambini.\",\"breadcrumb\":{\"@id\":\"https:\\\/\\\/cumse.org\\\/progetto-suor-miriam\\\/#breadcrumb\"},\"inLanguage\":\"fr-FR\",\"potentialAction\":[{\"@type\":\"ReadAction\",\"target\":[\"https:\\\/\\\/cumse.org\\\/progetto-suor-miriam\\\/\"]}]},{\"@type\":\"BreadcrumbList\",\"@id\":\"https:\\\/\\\/cumse.org\\\/progetto-suor-miriam\\\/#breadcrumb\",\"itemListElement\":[{\"@type\":\"ListItem\",\"position\":1,\"name\":\"Home\",\"item\":\"https:\\\/\\\/cumse.org\\\/\"},{\"@type\":\"ListItem\",\"position\":2,\"name\":\"PROGETTO SUOR MIRIAM\"}]},{\"@type\":\"WebSite\",\"@id\":\"https:\\\/\\\/cumse.org\\\/#website\",\"url\":\"https:\\\/\\\/cumse.org\\\/\",\"name\":\"Fondazione Cumse ETS\",\"description\":\"Siamo dove gli altri distolgono lo sguardo\",\"potentialAction\":[{\"@type\":\"SearchAction\",\"target\":{\"@type\":\"EntryPoint\",\"urlTemplate\":\"https:\\\/\\\/cumse.org\\\/?s={search_term_string}\"},\"query-input\":{\"@type\":\"PropertyValueSpecification\",\"valueRequired\":true,\"valueName\":\"search_term_string\"}}],\"inLanguage\":\"fr-FR\"}]}<\/script>\n<!-- \/ Yoast SEO plugin. -->","yoast_head_json":{"title":"PROGETTO SUOR MIRIAM - Fondazione Cumse ETS","description":"PROGETTO SUOR MIRIAM Orfanotrofio di Bidzar - Nord del Camerun - dove - Suor Miryam - sta aiutando a sopravvivere oltre 130 bambini.","robots":{"index":"index","follow":"follow","max-snippet":"max-snippet:-1","max-image-preview":"max-image-preview:large","max-video-preview":"max-video-preview:-1"},"canonical":"https:\/\/cumse.org\/fr\/progetto-suor-miriam\/","og_locale":"fr_FR","og_type":"article","og_title":"PROGETTO SUOR MIRIAM - Fondazione Cumse ETS","og_description":"PROGETTO SUOR MIRIAM Orfanotrofio di Bidzar - Nord del Camerun - dove - Suor Miryam - sta aiutando a sopravvivere oltre 130 bambini.","og_url":"https:\/\/cumse.org\/fr\/progetto-suor-miriam\/","og_site_name":"Fondazione Cumse ETS","article_modified_time":"2022-04-12T13:47:36+00:00","twitter_card":"summary_large_image","twitter_misc":{"Dur\u00e9e de lecture estim\u00e9e":"3 minutes"},"schema":{"@context":"https:\/\/schema.org","@graph":[{"@type":"WebPage","@id":"https:\/\/cumse.org\/progetto-suor-miriam\/","url":"https:\/\/cumse.org\/progetto-suor-miriam\/","name":"PROGETTO SUOR MIRIAM - Fondazione Cumse ETS","isPartOf":{"@id":"https:\/\/cumse.org\/#website"},"datePublished":"2020-03-10T15:31:10+00:00","dateModified":"2022-04-12T13:47:36+00:00","description":"PROGETTO SUOR MIRIAM Orfanotrofio di Bidzar - Nord del Camerun - dove - Suor Miryam - sta aiutando a sopravvivere oltre 130 bambini.","breadcrumb":{"@id":"https:\/\/cumse.org\/progetto-suor-miriam\/#breadcrumb"},"inLanguage":"fr-FR","potentialAction":[{"@type":"ReadAction","target":["https:\/\/cumse.org\/progetto-suor-miriam\/"]}]},{"@type":"BreadcrumbList","@id":"https:\/\/cumse.org\/progetto-suor-miriam\/#breadcrumb","itemListElement":[{"@type":"ListItem","position":1,"name":"Home","item":"https:\/\/cumse.org\/"},{"@type":"ListItem","position":2,"name":"PROGETTO SUOR MIRIAM"}]},{"@type":"WebSite","@id":"https:\/\/cumse.org\/#website","url":"https:\/\/cumse.org\/","name":"Fondazione Cumse ETS","description":"Siamo dove gli altri distolgono lo sguardo","potentialAction":[{"@type":"SearchAction","target":{"@type":"EntryPoint","urlTemplate":"https:\/\/cumse.org\/?s={search_term_string}"},"query-input":{"@type":"PropertyValueSpecification","valueRequired":true,"valueName":"search_term_string"}}],"inLanguage":"fr-FR"}]}},"jetpack_sharing_enabled":true,"_links":{"self":[{"href":"https:\/\/cumse.org\/fr\/wp-json\/wp\/v2\/pages\/2231","targetHints":{"allow":["GET"]}}],"collection":[{"href":"https:\/\/cumse.org\/fr\/wp-json\/wp\/v2\/pages"}],"about":[{"href":"https:\/\/cumse.org\/fr\/wp-json\/wp\/v2\/types\/page"}],"author":[{"embeddable":true,"href":"https:\/\/cumse.org\/fr\/wp-json\/wp\/v2\/users\/1"}],"replies":[{"embeddable":true,"href":"https:\/\/cumse.org\/fr\/wp-json\/wp\/v2\/comments?post=2231"}],"version-history":[{"count":0,"href":"https:\/\/cumse.org\/fr\/wp-json\/wp\/v2\/pages\/2231\/revisions"}],"wp:attachment":[{"href":"https:\/\/cumse.org\/fr\/wp-json\/wp\/v2\/media?parent=2231"}],"curies":[{"name":"wp","href":"https:\/\/api.w.org\/{rel}","templated":true}]}}